{"id":42747,"date":"2026-04-25T23:15:51","date_gmt":"2026-04-25T20:15:51","guid":{"rendered":"https:\/\/www.gasia.com.tr\/?post_type=product&#038;p=42747"},"modified":"2026-04-25T23:36:00","modified_gmt":"2026-04-25T20:36:00","slug":"slice-pirlanta-tasli-okside-gumus-kolye","status":"publish","type":"product","link":"https:\/\/www.gasia.com.tr\/en\/collections\/slice-pirlanta-tasli-okside-gumus-kolye\/","title":{"rendered":"Slice P\u0131rlanta Ta\u015fl\u0131 Okside G\u00fcm\u00fc\u015f Kolye"},"content":{"rendered":"<p data-start=\"59\" data-end=\"366\">Do\u011fall\u0131\u011f\u0131n ve \u0131\u015f\u0131lt\u0131n\u0131n \u00f6zg\u00fcn birle\u015fimini sunan bu slice p\u0131rlanta kolye, ham formun zarafetle bulu\u015ftu\u011fu \u00f6zel bir tasar\u0131md\u0131r. Ortada yer alan do\u011fal kesimli slice p\u0131rlanta, her par\u00e7ada benzersiz bir karakter sunarken; \u00e7evresindeki k\u00fc\u00e7\u00fck p\u0131rlanta detaylar\u0131 \u0131\u015f\u0131lt\u0131y\u0131 zenginle\u015ftirir.<\/p>\n<p data-start=\"368\" data-end=\"588\">Okside g\u00fcm\u00fc\u015f \u00e7er\u00e7eve, tasar\u0131ma derinlik ve kontrast katarken alt\u0131n zincir ile dengeli ve sofistike bir g\u00f6r\u00fcn\u00fcm olu\u015fturur. Organik hatlara sahip formu sayesinde klasik tak\u0131lardan ayr\u0131\u015f\u0131r ve g\u00fc\u00e7l\u00fc bir stil ifadesi sunar.<\/p>\n<p data-start=\"590\" data-end=\"818\">G\u00fcnl\u00fck \u015f\u0131kl\u0131\u011fa farkl\u0131 bir dokunu\u015f katmak ya da \u00f6zel kombinlerde dikkat \u00e7ekici bir par\u00e7a kullanmak isteyenler i\u00e7in ideal bir se\u00e7imdir. Her biri e\u015fsiz olan slice p\u0131rlanta detay\u0131yla, anlaml\u0131 ve \u00f6zg\u00fcn bir hediye alternatifi sunar.<\/p>","protected":false},"excerpt":{"rendered":"<p>Do\u011fall\u0131\u011f\u0131n ve \u0131\u015f\u0131lt\u0131n\u0131n \u00f6zg\u00fcn birle\u015fimini sunan bu slice p\u0131rlanta kolye, ham formun zarafetle bulu\u015ftu\u011fu \u00f6zel bir tasar\u0131md\u0131r. Ortada yer alan<\/p>","protected":false},"featured_media":42748,"comment_status":"open","ping_status":"closed","template":"","meta":[],"product_brand":[2718],"product_cat":[247,75],"product_tag":[1476,1647,3129,473,1365,3304,3680,490,2832,3679,3127,1632],"class_list":{"0":"post-42747","1":"product","2":"type-product","3":"status-publish","4":"has-post-thumbnail","6":"product_brand-gasia-casuals","7":"product_cat-hediyelik","8":"product_cat-kolye","9":"product_tag-altin-zincir-kolye","10":"product_tag-gold-chain-necklace","11":"product_tag-ham-pirlanta-kolye","12":"product_tag-kadin-kolye","13":"product_tag-okside-gumus-kolye","14":"product_tag-organic-jewelry","15":"product_tag-organik-tasarim-kolye","16":"product_tag-oxidized-silver-necklace","17":"product_tag-raw-diamond-necklace","18":"product_tag-slice-diamond-necklace","19":"product_tag-slice-pirlanta-kolye","20":"product_tag-women-necklace","21":"pa_cinsiyet-kadin","23":"first","24":"instock","25":"shipping-taxable","26":"product-type-simple"},"_links":{"self":[{"href":"https:\/\/www.gasia.com.tr\/en\/wp-json\/wp\/v2\/product\/42747","targetHints":{"allow":["GET"]}}],"collection":[{"href":"https:\/\/www.gasia.com.tr\/en\/wp-json\/wp\/v2\/product"}],"about":[{"href":"https:\/\/www.gasia.com.tr\/en\/wp-json\/wp\/v2\/types\/product"}],"replies":[{"embeddable":true,"href":"https:\/\/www.gasia.com.tr\/en\/wp-json\/wp\/v2\/comments?post=42747"}],"version-history":[{"count":1,"href":"https:\/\/www.gasia.com.tr\/en\/wp-json\/wp\/v2\/product\/42747\/revisions"}],"predecessor-version":[{"id":42749,"href":"https:\/\/www.gasia.com.tr\/en\/wp-json\/wp\/v2\/product\/42747\/revisions\/42749"}],"wp:featuredmedia":[{"embeddable":true,"href":"https:\/\/www.gasia.com.tr\/en\/wp-json\/wp\/v2\/media\/42748"}],"wp:attachment":[{"href":"https:\/\/www.gasia.com.tr\/en\/wp-json\/wp\/v2\/media?parent=42747"}],"wp:term":[{"taxonomy":"product_brand","embeddable":true,"href":"https:\/\/www.gasia.com.tr\/en\/wp-json\/wp\/v2\/product_brand?post=42747"},{"taxonomy":"product_cat","embeddable":true,"href":"https:\/\/www.gasia.com.tr\/en\/wp-json\/wp\/v2\/product_cat?post=42747"},{"taxonomy":"product_tag","embeddable":true,"href":"https:\/\/www.gasia.com.tr\/en\/wp-json\/wp\/v2\/product_tag?post=42747"}],"curies":[{"name":"wp","href":"https:\/\/api.w.org\/{rel}","templated":true}]}}