{"id":42755,"date":"2026-04-25T23:22:10","date_gmt":"2026-04-25T20:22:10","guid":{"rendered":"https:\/\/www.gasia.com.tr\/?post_type=product&#038;p=42755"},"modified":"2026-04-25T23:36:00","modified_gmt":"2026-04-25T20:36:00","slug":"firuze-tasli-altin-bileklik","status":"publish","type":"product","link":"https:\/\/www.gasia.com.tr\/en\/collections\/firuze-tasli-altin-bileklik\/","title":{"rendered":"Firuze Ta\u015fl\u0131 Alt\u0131n Bileklik"},"content":{"rendered":"<p data-start=\"73\" data-end=\"353\">Canl\u0131 renkleri ve sade \u015f\u0131kl\u0131\u011f\u0131yla \u00f6ne \u00e7\u0131kan bu firuze ta\u015fl\u0131 alt\u0131n bileklik, zamans\u0131z bir stil sunar. Parlak alt\u0131n \u00e7er\u00e7eveler i\u00e7ine yerle\u015ftirilmi\u015f p\u00fcr\u00fczs\u00fcz ve yo\u011fun turkuaz tonlu firuze ta\u015flar, bilek \u00fczerinde dengeli ve sofistike bir g\u00f6r\u00fcn\u00fcm olu\u015fturur.<\/p>\n<p data-start=\"355\" data-end=\"608\">Minimal ama etkileyici tasar\u0131m\u0131 sayesinde tek ba\u015f\u0131na zarif bir tamamlay\u0131c\u0131 olarak kullan\u0131labilece\u011fi gibi, di\u011fer bilekliklerle kombinlenerek katmanl\u0131 stil yaratmak i\u00e7in de idealdir. G\u00fcnl\u00fck kullan\u0131mdan \u00f6zel davetlere kadar her stile kolayca uyum sa\u011flar.<\/p>\n<p data-start=\"610\" data-end=\"733\">Firuze ta\u015f\u0131n\u0131n enerjisi ve alt\u0131n\u0131n s\u0131cak \u0131\u015f\u0131lt\u0131s\u0131 bir araya gelerek hem modern hem de klasik bir m\u00fccevher deneyimi sunar.<\/p>","protected":false},"excerpt":{"rendered":"<p>Canl\u0131 renkleri ve sade \u015f\u0131kl\u0131\u011f\u0131yla \u00f6ne \u00e7\u0131kan bu firuze ta\u015fl\u0131 alt\u0131n bileklik, zamans\u0131z bir stil sunar. Parlak alt\u0131n \u00e7er\u00e7eveler i\u00e7ine<\/p>","protected":false},"featured_media":42756,"comment_status":"open","ping_status":"closed","template":"","meta":[],"product_brand":[2718,2719],"product_cat":[73,247,198],"product_tag":[504,512,1038,2230,794,365,505,415,1803,1083],"class_list":{"0":"post-42755","1":"product","2":"type-product","3":"status-publish","4":"has-post-thumbnail","6":"product_brand-gasia-casuals","7":"product_brand-gasia-protect","8":"product_cat-altin-pirlanta-bileklik","9":"product_cat-hediyelik","10":"product_cat-eye-collection","11":"product_tag-altin-bileklik","12":"product_tag-elegant-bracelet","13":"product_tag-firuze-bileklik","14":"product_tag-gemstone-bracelet","15":"product_tag-gold-bracelet","16":"product_tag-kadin-bileklik","17":"product_tag-tasli-bileklik","18":"product_tag-turquoise-bracelet","19":"product_tag-women-bracelet","20":"product_tag-zarif-bileklik","21":"pa_cinsiyet-kadin","23":"first","24":"instock","25":"shipping-taxable","26":"product-type-simple"},"_links":{"self":[{"href":"https:\/\/www.gasia.com.tr\/en\/wp-json\/wp\/v2\/product\/42755","targetHints":{"allow":["GET"]}}],"collection":[{"href":"https:\/\/www.gasia.com.tr\/en\/wp-json\/wp\/v2\/product"}],"about":[{"href":"https:\/\/www.gasia.com.tr\/en\/wp-json\/wp\/v2\/types\/product"}],"replies":[{"embeddable":true,"href":"https:\/\/www.gasia.com.tr\/en\/wp-json\/wp\/v2\/comments?post=42755"}],"version-history":[{"count":1,"href":"https:\/\/www.gasia.com.tr\/en\/wp-json\/wp\/v2\/product\/42755\/revisions"}],"predecessor-version":[{"id":42758,"href":"https:\/\/www.gasia.com.tr\/en\/wp-json\/wp\/v2\/product\/42755\/revisions\/42758"}],"wp:featuredmedia":[{"embeddable":true,"href":"https:\/\/www.gasia.com.tr\/en\/wp-json\/wp\/v2\/media\/42756"}],"wp:attachment":[{"href":"https:\/\/www.gasia.com.tr\/en\/wp-json\/wp\/v2\/media?parent=42755"}],"wp:term":[{"taxonomy":"product_brand","embeddable":true,"href":"https:\/\/www.gasia.com.tr\/en\/wp-json\/wp\/v2\/product_brand?post=42755"},{"taxonomy":"product_cat","embeddable":true,"href":"https:\/\/www.gasia.com.tr\/en\/wp-json\/wp\/v2\/product_cat?post=42755"},{"taxonomy":"product_tag","embeddable":true,"href":"https:\/\/www.gasia.com.tr\/en\/wp-json\/wp\/v2\/product_tag?post=42755"}],"curies":[{"name":"wp","href":"https:\/\/api.w.org\/{rel}","templated":true}]}}