{"id":42759,"date":"2026-04-25T23:23:58","date_gmt":"2026-04-25T20:23:58","guid":{"rendered":"https:\/\/www.gasia.com.tr\/?post_type=product&#038;p=42759"},"modified":"2026-04-25T23:36:00","modified_gmt":"2026-04-25T20:36:00","slug":"safir-ve-pirlanta-tasli-altin-kolye","status":"publish","type":"product","link":"https:\/\/www.gasia.com.tr\/en\/collections\/safir-ve-pirlanta-tasli-altin-kolye\/","title":{"rendered":"Safir ve P\u0131rlanta Ta\u015fl\u0131 Alt\u0131n Kolye"},"content":{"rendered":"<p data-start=\"72\" data-end=\"350\">Klasik tasar\u0131m\u0131n zarif detaylarla bulu\u015ftu\u011fu bu safir ve p\u0131rlanta ta\u015fl\u0131 alt\u0131n kolye, g\u00f6z al\u0131c\u0131 bir \u0131\u015f\u0131lt\u0131 sunar. Oval formdaki kolye ucunun merkezinde yer alan derin mavi safir ta\u015flar, etraf\u0131n\u0131 saran parlak p\u0131rlantalarla g\u00fc\u00e7l\u00fc bir kontrast olu\u015fturur.<\/p>\n<p data-start=\"352\" data-end=\"606\">Alt\u0131n zemin \u00fczerine i\u015flenen ince detaylar ve koyu tonlu ta\u015flarla zenginle\u015ftirilen \u00e7er\u00e7eve, tasar\u0131ma vintage bir karakter kazand\u0131r\u0131r. \u00dcst k\u0131sm\u0131ndaki damla formundaki p\u0131rlanta detayl\u0131 ba\u011flant\u0131, kolyeye ekstra bir zarafet katarken b\u00fct\u00fcn tasar\u0131m\u0131 dengeler.<\/p>\n<p data-start=\"608\" data-end=\"784\">G\u00fcnl\u00fck kullan\u0131mda sofistike bir dokunu\u015f, \u00f6zel anlarda ise dikkat \u00e7ekici bir tamamlay\u0131c\u0131 olarak \u00f6ne \u00e7\u0131kan bu kolye, zamans\u0131z m\u00fccevher koleksiyonlar\u0131n\u0131n vazge\u00e7ilmez par\u00e7as\u0131d\u0131r.<\/p>","protected":false},"excerpt":{"rendered":"<p>Klasik tasar\u0131m\u0131n zarif detaylarla bulu\u015ftu\u011fu bu safir ve p\u0131rlanta ta\u015fl\u0131 alt\u0131n kolye, g\u00f6z al\u0131c\u0131 bir \u0131\u015f\u0131lt\u0131 sunar. Oval formdaki kolye<\/p>","protected":false},"featured_media":42760,"comment_status":"open","ping_status":"closed","template":"","meta":[],"product_brand":[2718,2719],"product_cat":[247,75,198],"product_tag":[278,294,811,322,473,276,1794,1795,329,3681,628,1632],"class_list":{"0":"post-42759","1":"product","2":"type-product","3":"status-publish","4":"has-post-thumbnail","6":"product_brand-gasia-casuals","7":"product_brand-gasia-protect","8":"product_cat-hediyelik","9":"product_cat-kolye","10":"product_cat-eye-collection","11":"product_tag-altin-kolye","12":"product_tag-diamond-necklace","13":"product_tag-gemstone-necklace","14":"product_tag-gold-necklace","15":"product_tag-kadin-kolye","16":"product_tag-pirlanta-kolye","17":"product_tag-safir-kolye","18":"product_tag-sapphire-necklace","19":"product_tag-tasli-kolye","20":"product_tag-vintage-jewelry","21":"product_tag-vintage-kolye","22":"product_tag-women-necklace","23":"pa_cinsiyet-kadin","25":"first","26":"instock","27":"shipping-taxable","28":"product-type-simple"},"_links":{"self":[{"href":"https:\/\/www.gasia.com.tr\/en\/wp-json\/wp\/v2\/product\/42759","targetHints":{"allow":["GET"]}}],"collection":[{"href":"https:\/\/www.gasia.com.tr\/en\/wp-json\/wp\/v2\/product"}],"about":[{"href":"https:\/\/www.gasia.com.tr\/en\/wp-json\/wp\/v2\/types\/product"}],"replies":[{"embeddable":true,"href":"https:\/\/www.gasia.com.tr\/en\/wp-json\/wp\/v2\/comments?post=42759"}],"version-history":[{"count":1,"href":"https:\/\/www.gasia.com.tr\/en\/wp-json\/wp\/v2\/product\/42759\/revisions"}],"predecessor-version":[{"id":42761,"href":"https:\/\/www.gasia.com.tr\/en\/wp-json\/wp\/v2\/product\/42759\/revisions\/42761"}],"wp:featuredmedia":[{"embeddable":true,"href":"https:\/\/www.gasia.com.tr\/en\/wp-json\/wp\/v2\/media\/42760"}],"wp:attachment":[{"href":"https:\/\/www.gasia.com.tr\/en\/wp-json\/wp\/v2\/media?parent=42759"}],"wp:term":[{"taxonomy":"product_brand","embeddable":true,"href":"https:\/\/www.gasia.com.tr\/en\/wp-json\/wp\/v2\/product_brand?post=42759"},{"taxonomy":"product_cat","embeddable":true,"href":"https:\/\/www.gasia.com.tr\/en\/wp-json\/wp\/v2\/product_cat?post=42759"},{"taxonomy":"product_tag","embeddable":true,"href":"https:\/\/www.gasia.com.tr\/en\/wp-json\/wp\/v2\/product_tag?post=42759"}],"curies":[{"name":"wp","href":"https:\/\/api.w.org\/{rel}","templated":true}]}}