{"id":42762,"date":"2026-04-25T23:26:20","date_gmt":"2026-04-25T20:26:20","guid":{"rendered":"https:\/\/www.gasia.com.tr\/?post_type=product&#038;p=42762"},"modified":"2026-04-25T23:36:00","modified_gmt":"2026-04-25T20:36:00","slug":"siyah-mineli-ve-tek-pirlanta-tasli-altin-yuzuk","status":"publish","type":"product","link":"https:\/\/www.gasia.com.tr\/en\/collections\/siyah-mineli-ve-tek-pirlanta-tasli-altin-yuzuk\/","title":{"rendered":"Siyah Mineli ve Tek P\u0131rlanta Ta\u015fl\u0131 Alt\u0131n Y\u00fcz\u00fck"},"content":{"rendered":"<p data-start=\"82\" data-end=\"368\">Minimal tasar\u0131m\u0131n g\u00fc\u00e7l\u00fc kontrastla bulu\u015ftu\u011fu bu siyah mineli alt\u0131n y\u00fcz\u00fck, modern m\u00fccevher anlay\u0131\u015f\u0131n\u0131 yans\u0131tan \u015f\u0131k bir par\u00e7ad\u0131r. Parlak alt\u0131n y\u00fczey ile derin siyah mine kaplama aras\u0131ndaki kontrast, tasar\u0131ma sofistike ve dikkat \u00e7ekici bir karakter kazand\u0131r\u0131r.<\/p>\n<p data-start=\"370\" data-end=\"578\">Y\u00fcz\u00fc\u011f\u00fcn yan k\u0131sm\u0131na konumland\u0131r\u0131lm\u0131\u015f yuvarlak kesim tek p\u0131rlanta, sade formu zarif bir \u0131\u015f\u0131lt\u0131yla tamamlar. G\u00fcnl\u00fck kullan\u0131mda stil sahibi bir dokunu\u015f sunarken, \u00f6zel kombinlerde de modern bir vurgu olu\u015fturur.<\/p>\n<p data-start=\"580\" data-end=\"713\">Zamans\u0131z \u00e7izgisi ve g\u00fc\u00e7l\u00fc duru\u015fuyla hem tek ba\u015f\u0131na hem de di\u011fer y\u00fcz\u00fcklerle kombinlenerek kullan\u0131labilecek \u00e7ok y\u00f6nl\u00fc bir tasar\u0131md\u0131r.<\/p>","protected":false},"excerpt":{"rendered":"<p>Minimal tasar\u0131m\u0131n g\u00fc\u00e7l\u00fc kontrastla bulu\u015ftu\u011fu bu siyah mineli alt\u0131n y\u00fcz\u00fck, modern m\u00fccevher anlay\u0131\u015f\u0131n\u0131 yans\u0131tan \u015f\u0131k bir par\u00e7ad\u0131r. Parlak alt\u0131n y\u00fczey<\/p>","protected":false},"featured_media":42763,"comment_status":"open","ping_status":"closed","template":"","meta":[],"product_brand":[77],"product_cat":[242,76],"product_tag":[289,1138,654,577,520,576,521,335,1380,1021],"class_list":{"0":"post-42762","1":"product","2":"type-product","3":"status-publish","4":"has-post-thumbnail","6":"product_brand-gasia","7":"product_cat-retro-mucevher-koleksiyonu","8":"product_cat-yuzuk-modelleri","9":"product_tag-altin-yuzuk","10":"product_tag-black-enamel-ring","11":"product_tag-diamond-ring","12":"product_tag-gold-ring","13":"product_tag-kadin-yuzuk","14":"product_tag-minimalist-ring","15":"product_tag-modern-yuzuk","16":"product_tag-pirlanta-yuzuk","17":"product_tag-siyah-mineli-yuzuk","18":"product_tag-women-ring","19":"pa_cinsiyet-kadin","21":"first","22":"instock","23":"shipping-taxable","24":"product-type-simple"},"_links":{"self":[{"href":"https:\/\/www.gasia.com.tr\/en\/wp-json\/wp\/v2\/product\/42762","targetHints":{"allow":["GET"]}}],"collection":[{"href":"https:\/\/www.gasia.com.tr\/en\/wp-json\/wp\/v2\/product"}],"about":[{"href":"https:\/\/www.gasia.com.tr\/en\/wp-json\/wp\/v2\/types\/product"}],"replies":[{"embeddable":true,"href":"https:\/\/www.gasia.com.tr\/en\/wp-json\/wp\/v2\/comments?post=42762"}],"version-history":[{"count":1,"href":"https:\/\/www.gasia.com.tr\/en\/wp-json\/wp\/v2\/product\/42762\/revisions"}],"predecessor-version":[{"id":42764,"href":"https:\/\/www.gasia.com.tr\/en\/wp-json\/wp\/v2\/product\/42762\/revisions\/42764"}],"wp:featuredmedia":[{"embeddable":true,"href":"https:\/\/www.gasia.com.tr\/en\/wp-json\/wp\/v2\/media\/42763"}],"wp:attachment":[{"href":"https:\/\/www.gasia.com.tr\/en\/wp-json\/wp\/v2\/media?parent=42762"}],"wp:term":[{"taxonomy":"product_brand","embeddable":true,"href":"https:\/\/www.gasia.com.tr\/en\/wp-json\/wp\/v2\/product_brand?post=42762"},{"taxonomy":"product_cat","embeddable":true,"href":"https:\/\/www.gasia.com.tr\/en\/wp-json\/wp\/v2\/product_cat?post=42762"},{"taxonomy":"product_tag","embeddable":true,"href":"https:\/\/www.gasia.com.tr\/en\/wp-json\/wp\/v2\/product_tag?post=42762"}],"curies":[{"name":"wp","href":"https:\/\/api.w.org\/{rel}","templated":true}]}}