{"id":42766,"date":"2026-04-25T23:32:02","date_gmt":"2026-04-25T20:32:02","guid":{"rendered":"https:\/\/www.gasia.com.tr\/?post_type=product&#038;p=42766"},"modified":"2026-04-25T23:36:00","modified_gmt":"2026-04-25T20:36:00","slug":"nazar-motifli-mine-ve-pirlanta-tasli-altin-bileklik","status":"publish","type":"product","link":"https:\/\/www.gasia.com.tr\/en\/collections\/nazar-motifli-mine-ve-pirlanta-tasli-altin-bileklik\/","title":{"rendered":"Nazar Motifli Mine ve P\u0131rlanta Ta\u015fl\u0131 Alt\u0131n Bileklik"},"content":{"rendered":"<p data-start=\"71\" data-end=\"371\">Modern nazar sembol\u00fcn\u00fc zarif bir tasar\u0131mla bulu\u015fturan bu mine ve p\u0131rlanta ta\u015fl\u0131 alt\u0131n bileklik, \u015f\u0131kl\u0131k ve anlam\u0131 bir arada sunar. G\u00f6z formunda tasarlanan mavi mine detaylar, merkezde yer alan p\u0131rlanta ta\u015flarla tamamlanarak minimal ama dikkat \u00e7ekici bir g\u00f6r\u00fcn\u00fcm olu\u015fturur.<\/p>\n<p data-start=\"373\" data-end=\"605\">Alt\u0131n \u00e7er\u00e7eve ile \u00e7evrelenen her bir motif, bileklik boyunca dengeli bir ritim yarat\u0131rken, ince zincir yap\u0131s\u0131 bilekte hafif ve zarif bir duru\u015f sa\u011flar. G\u00fcnl\u00fck kullan\u0131ma uygun yap\u0131s\u0131yla stilinize enerjik ve modern bir dokunu\u015f katar.<\/p>\n<p data-start=\"607\" data-end=\"736\">Nazar temas\u0131n\u0131n \u00e7a\u011fda\u015f yorumu olan bu tasar\u0131m, hem kendiniz hem de sevdikleriniz i\u00e7in anlaml\u0131 ve \u015f\u0131k bir hediye alternatifidir.<\/p>","protected":false},"excerpt":{"rendered":"<p>Modern nazar sembol\u00fcn\u00fc zarif bir tasar\u0131mla bulu\u015fturan bu mine ve p\u0131rlanta ta\u015fl\u0131 alt\u0131n bileklik, \u015f\u0131kl\u0131k ve anlam\u0131 bir arada sunar.<\/p>","protected":false},"featured_media":42767,"comment_status":"open","ping_status":"closed","template":"","meta":[],"product_brand":[2718,2719],"product_cat":[73,247,198],"product_tag":[504,507,2982,417,3682,794,2292,365,2981,407,358,1803],"class_list":{"0":"post-42766","1":"product","2":"type-product","3":"status-publish","4":"has-post-thumbnail","6":"product_brand-gasia-casuals","7":"product_brand-gasia-protect","8":"product_cat-altin-pirlanta-bileklik","9":"product_cat-hediyelik","10":"product_cat-eye-collection","11":"product_tag-altin-bileklik","12":"product_tag-diamond-bracelet","13":"product_tag-enamel-bracelet","14":"product_tag-evil-eye-bracelet","15":"product_tag-eye-bracelet","16":"product_tag-gold-bracelet","17":"product_tag-goz-motifli-bileklik","18":"product_tag-kadin-bileklik","19":"product_tag-mine-bileklik","20":"product_tag-nazar-bileklik","21":"product_tag-pirlanta-bileklik","22":"product_tag-women-bracelet","23":"pa_cinsiyet-kadin","25":"first","26":"instock","27":"shipping-taxable","28":"product-type-simple"},"_links":{"self":[{"href":"https:\/\/www.gasia.com.tr\/en\/wp-json\/wp\/v2\/product\/42766","targetHints":{"allow":["GET"]}}],"collection":[{"href":"https:\/\/www.gasia.com.tr\/en\/wp-json\/wp\/v2\/product"}],"about":[{"href":"https:\/\/www.gasia.com.tr\/en\/wp-json\/wp\/v2\/types\/product"}],"replies":[{"embeddable":true,"href":"https:\/\/www.gasia.com.tr\/en\/wp-json\/wp\/v2\/comments?post=42766"}],"version-history":[{"count":1,"href":"https:\/\/www.gasia.com.tr\/en\/wp-json\/wp\/v2\/product\/42766\/revisions"}],"predecessor-version":[{"id":42768,"href":"https:\/\/www.gasia.com.tr\/en\/wp-json\/wp\/v2\/product\/42766\/revisions\/42768"}],"wp:featuredmedia":[{"embeddable":true,"href":"https:\/\/www.gasia.com.tr\/en\/wp-json\/wp\/v2\/media\/42767"}],"wp:attachment":[{"href":"https:\/\/www.gasia.com.tr\/en\/wp-json\/wp\/v2\/media?parent=42766"}],"wp:term":[{"taxonomy":"product_brand","embeddable":true,"href":"https:\/\/www.gasia.com.tr\/en\/wp-json\/wp\/v2\/product_brand?post=42766"},{"taxonomy":"product_cat","embeddable":true,"href":"https:\/\/www.gasia.com.tr\/en\/wp-json\/wp\/v2\/product_cat?post=42766"},{"taxonomy":"product_tag","embeddable":true,"href":"https:\/\/www.gasia.com.tr\/en\/wp-json\/wp\/v2\/product_tag?post=42766"}],"curies":[{"name":"wp","href":"https:\/\/api.w.org\/{rel}","templated":true}]}}