{"id":42769,"date":"2026-04-25T23:33:39","date_gmt":"2026-04-25T20:33:39","guid":{"rendered":"https:\/\/www.gasia.com.tr\/?post_type=product&#038;p=42769"},"modified":"2026-04-25T23:36:00","modified_gmt":"2026-04-25T20:36:00","slug":"safir-ve-pirlanta-tasli-yaprak-motifli-altin-kolye","status":"publish","type":"product","link":"https:\/\/www.gasia.com.tr\/en\/collections\/safir-ve-pirlanta-tasli-yaprak-motifli-altin-kolye\/","title":{"rendered":"Safir ve P\u0131rlanta Ta\u015fl\u0131 Yaprak Motifli Alt\u0131n Kolye"},"content":{"rendered":"<p data-start=\"92\" data-end=\"352\">Do\u011fadan ilham alan zarif formuyla \u00f6ne \u00e7\u0131kan bu yaprak motifli alt\u0131n kolye, feminen ve modern \u015f\u0131kl\u0131\u011f\u0131 bir araya getirir. \u0130nce i\u015f\u00e7ilikle tasarlanm\u0131\u015f yaprak formu, y\u00fczeyini saran \u0131\u015f\u0131lt\u0131l\u0131 p\u0131rlantalarla g\u00f6z al\u0131c\u0131 bir parlakl\u0131k kazan\u0131r.<\/p>\n<p data-start=\"354\" data-end=\"613\">Tasar\u0131m\u0131n alt k\u0131sm\u0131nda yer alan hareketli safir ta\u015f detay\u0131, kolyeye zarif bir dinamizm katarken derin mavi tonu ile g\u00fc\u00e7l\u00fc bir kontrast olu\u015fturur. Rose alt\u0131n tonunun s\u0131cakl\u0131\u011f\u0131, p\u0131rlantalar\u0131n \u0131\u015f\u0131lt\u0131s\u0131 ve safirin etkileyici rengiyle dengeli bir b\u00fct\u00fcnl\u00fck sunar.<\/p>\n<p data-start=\"615\" data-end=\"754\">Hem g\u00fcnl\u00fck stilinize zarif bir dokunu\u015f katmak hem de \u00f6zel anlarda dikkat \u00e7ekici bir par\u00e7a kullanmak isteyenler i\u00e7in ideal bir tasar\u0131md\u0131r.<\/p>","protected":false},"excerpt":{"rendered":"<p>Do\u011fadan ilham alan zarif formuyla \u00f6ne \u00e7\u0131kan bu yaprak motifli alt\u0131n kolye, feminen ve modern \u015f\u0131kl\u0131\u011f\u0131 bir araya getirir. \u0130nce<\/p>","protected":false},"featured_media":42770,"comment_status":"open","ping_status":"closed","template":"","meta":[],"product_brand":[2718,2719],"product_cat":[247,260,75,198],"product_tag":[278,294,2822,322,473,2154,2882,276,1794,1795,1632,2152],"class_list":{"0":"post-42769","1":"product","2":"type-product","3":"status-publish","4":"has-post-thumbnail","6":"product_brand-gasia-casuals","7":"product_brand-gasia-protect","8":"product_cat-hediyelik","9":"product_cat-kadin","10":"product_cat-kolye","11":"product_cat-eye-collection","12":"product_tag-altin-kolye","13":"product_tag-diamond-necklace","14":"product_tag-doga-temali-kolye","15":"product_tag-gold-necklace","16":"product_tag-kadin-kolye","17":"product_tag-leaf-necklace","18":"product_tag-nature-inspired-jewelry","19":"product_tag-pirlanta-kolye","20":"product_tag-safir-kolye","21":"product_tag-sapphire-necklace","22":"product_tag-women-necklace","23":"product_tag-yaprak-kolye","24":"pa_cinsiyet-kadin","26":"first","27":"instock","28":"shipping-taxable","29":"product-type-simple"},"_links":{"self":[{"href":"https:\/\/www.gasia.com.tr\/en\/wp-json\/wp\/v2\/product\/42769","targetHints":{"allow":["GET"]}}],"collection":[{"href":"https:\/\/www.gasia.com.tr\/en\/wp-json\/wp\/v2\/product"}],"about":[{"href":"https:\/\/www.gasia.com.tr\/en\/wp-json\/wp\/v2\/types\/product"}],"replies":[{"embeddable":true,"href":"https:\/\/www.gasia.com.tr\/en\/wp-json\/wp\/v2\/comments?post=42769"}],"version-history":[{"count":1,"href":"https:\/\/www.gasia.com.tr\/en\/wp-json\/wp\/v2\/product\/42769\/revisions"}],"predecessor-version":[{"id":42771,"href":"https:\/\/www.gasia.com.tr\/en\/wp-json\/wp\/v2\/product\/42769\/revisions\/42771"}],"wp:featuredmedia":[{"embeddable":true,"href":"https:\/\/www.gasia.com.tr\/en\/wp-json\/wp\/v2\/media\/42770"}],"wp:attachment":[{"href":"https:\/\/www.gasia.com.tr\/en\/wp-json\/wp\/v2\/media?parent=42769"}],"wp:term":[{"taxonomy":"product_brand","embeddable":true,"href":"https:\/\/www.gasia.com.tr\/en\/wp-json\/wp\/v2\/product_brand?post=42769"},{"taxonomy":"product_cat","embeddable":true,"href":"https:\/\/www.gasia.com.tr\/en\/wp-json\/wp\/v2\/product_cat?post=42769"},{"taxonomy":"product_tag","embeddable":true,"href":"https:\/\/www.gasia.com.tr\/en\/wp-json\/wp\/v2\/product_tag?post=42769"}],"curies":[{"name":"wp","href":"https:\/\/api.w.org\/{rel}","templated":true}]}}