{"id":42772,"date":"2026-04-25T23:35:20","date_gmt":"2026-04-25T20:35:20","guid":{"rendered":"https:\/\/www.gasia.com.tr\/?post_type=product&#038;p=42772"},"modified":"2026-04-25T23:39:19","modified_gmt":"2026-04-25T20:39:19","slug":"barok-inci-ve-pirlanta-detayli-altin-kolye","status":"publish","type":"product","link":"https:\/\/www.gasia.com.tr\/en\/collections\/barok-inci-ve-pirlanta-detayli-altin-kolye\/","title":{"rendered":"Bal\u0131k Formlu Barok \u0130nci ve P\u0131rlanta Alt\u0131n Kolye"},"content":{"rendered":"<p data-start=\"90\" data-end=\"327\">Organik formuyla \u00f6ne \u00e7\u0131kan bu barok inci bal\u0131k kolye, do\u011fal inci y\u00fczeyinin kendine \u00f6zg\u00fc yap\u0131s\u0131n\u0131 modern tasar\u0131m ile bulu\u015fturur. Her biri farkl\u0131 \u015fekle sahip barok inci, \u00fcr\u00fcne benzersiz bir karakter kazand\u0131r\u0131r.<\/p>\n<p data-start=\"329\" data-end=\"588\">Bal\u0131k fig\u00fcr\u00fc; bolluk, \u015fans ve ak\u0131\u015f sembol\u00fc olarak tasar\u0131ma anlam katarken, inci \u00fczerinde yer alan p\u0131rlanta detay\u0131 \u0131\u015f\u0131kla g\u00fc\u00e7l\u00fc bir parlakl\u0131k olu\u015fturur. Alt k\u0131sm\u0131ndaki yaprak formunda p\u0131rlanta s\u00fcsleme ise tasar\u0131ma hareketli ve dengeli bir g\u00f6r\u00fcn\u00fcm kazand\u0131r\u0131r.<\/p>\n<p data-start=\"590\" data-end=\"776\">Alt\u0131n zincir ile tamamlanan bu kolye, hem g\u00fcnl\u00fck stil hem de \u00f6zel kombinler i\u00e7in dikkat \u00e7ekici bir tamamlay\u0131c\u0131d\u0131r. Do\u011fal inci ve sembolik tasar\u0131m arayanlar i\u00e7in \u00f6ne \u00e7\u0131kan bir par\u00e7ad\u0131r.<\/p>","protected":false},"excerpt":{"rendered":"<p>Organik formuyla \u00f6ne \u00e7\u0131kan bu barok inci bal\u0131k kolye, do\u011fal inci y\u00fczeyinin kendine \u00f6zg\u00fc yap\u0131s\u0131n\u0131 modern tasar\u0131m ile bulu\u015fturur. Her<\/p>","protected":false},"featured_media":42773,"comment_status":"open","ping_status":"closed","template":"","meta":[],"product_brand":[2718],"product_cat":[247,75],"product_tag":[278,2103,2106,294,3683,1637,322,2102,3684,2105,276,476],"class_list":{"0":"post-42772","1":"product","2":"type-product","3":"status-publish","4":"has-post-thumbnail","6":"product_brand-gasia-casuals","7":"product_cat-hediyelik","8":"product_cat-kolye","9":"product_tag-altin-kolye","10":"product_tag-barok-inci-kolye","11":"product_tag-baroque-pearl-necklace","12":"product_tag-diamond-necklace","13":"product_tag-dogal-inci-taki","14":"product_tag-elegant-necklace","15":"product_tag-gold-necklace","16":"product_tag-inci-kolye","17":"product_tag-organic-pearl-jewelry","18":"product_tag-pearl-necklace","19":"product_tag-pirlanta-kolye","20":"product_tag-zarif-kolye","21":"pa_cinsiyet-kadin","23":"first","24":"instock","25":"shipping-taxable","26":"product-type-simple"},"_links":{"self":[{"href":"https:\/\/www.gasia.com.tr\/en\/wp-json\/wp\/v2\/product\/42772","targetHints":{"allow":["GET"]}}],"collection":[{"href":"https:\/\/www.gasia.com.tr\/en\/wp-json\/wp\/v2\/product"}],"about":[{"href":"https:\/\/www.gasia.com.tr\/en\/wp-json\/wp\/v2\/types\/product"}],"replies":[{"embeddable":true,"href":"https:\/\/www.gasia.com.tr\/en\/wp-json\/wp\/v2\/comments?post=42772"}],"version-history":[{"count":3,"href":"https:\/\/www.gasia.com.tr\/en\/wp-json\/wp\/v2\/product\/42772\/revisions"}],"predecessor-version":[{"id":42780,"href":"https:\/\/www.gasia.com.tr\/en\/wp-json\/wp\/v2\/product\/42772\/revisions\/42780"}],"wp:featuredmedia":[{"embeddable":true,"href":"https:\/\/www.gasia.com.tr\/en\/wp-json\/wp\/v2\/media\/42773"}],"wp:attachment":[{"href":"https:\/\/www.gasia.com.tr\/en\/wp-json\/wp\/v2\/media?parent=42772"}],"wp:term":[{"taxonomy":"product_brand","embeddable":true,"href":"https:\/\/www.gasia.com.tr\/en\/wp-json\/wp\/v2\/product_brand?post=42772"},{"taxonomy":"product_cat","embeddable":true,"href":"https:\/\/www.gasia.com.tr\/en\/wp-json\/wp\/v2\/product_cat?post=42772"},{"taxonomy":"product_tag","embeddable":true,"href":"https:\/\/www.gasia.com.tr\/en\/wp-json\/wp\/v2\/product_tag?post=42772"}],"curies":[{"name":"wp","href":"https:\/\/api.w.org\/{rel}","templated":true}]}}