{"id":42776,"date":"2026-04-25T23:38:22","date_gmt":"2026-04-25T20:38:22","guid":{"rendered":"https:\/\/www.gasia.com.tr\/?post_type=product&#038;p=42776"},"modified":"2026-04-26T00:30:28","modified_gmt":"2026-04-25T21:30:28","slug":"balik-formlu-lapis-lazuli-ve-pirlanta-altin-kolye","status":"publish","type":"product","link":"https:\/\/www.gasia.com.tr\/en\/collections\/balik-formlu-lapis-lazuli-ve-pirlanta-altin-kolye\/","title":{"rendered":"Bal\u0131k Formlu Lapis Lazuli ve P\u0131rlanta Alt\u0131n Kolye"},"content":{"rendered":"<p data-start=\"97\" data-end=\"333\">Derin lacivert tonlar\u0131 ve do\u011fal alt\u0131n \u0131\u015f\u0131lt\u0131lar\u0131yla \u00f6ne \u00e7\u0131kan lapis lazuli ta\u015fl\u0131 bal\u0131k kolye, \u00f6zg\u00fcn formu ile dikkat \u00e7eker. Do\u011fal ta\u015f\u0131n y\u00fczeyinde yer alan karakteristik damarlar, her par\u00e7ay\u0131 benzersiz k\u0131lar.<\/p>\n<p data-start=\"335\" data-end=\"584\">Bal\u0131k fig\u00fcr\u00fc; bereket, ak\u0131\u015f ve \u015fans sembol\u00fc olarak tasar\u0131ma anlam katarken, \u00fczerinde yer alan minimal p\u0131rlanta detay\u0131 \u0131\u015f\u0131kla zarif bir kontrast olu\u015fturur. Alt k\u0131sm\u0131ndaki yaprak formunda p\u0131rlanta s\u00fcsleme ise tasar\u0131ma hareket ve b\u00fct\u00fcnl\u00fck kazand\u0131r\u0131r.<\/p>\n<p data-start=\"586\" data-end=\"794\">Alt\u0131n zincir ile tamamlanan bu kolye, g\u00fcnl\u00fck kullan\u0131mda g\u00fc\u00e7l\u00fc bir stil detay\u0131 sunarken, \u00f6zel kombinlerde de \u00f6ne \u00e7\u0131kan bir tak\u0131 par\u00e7as\u0131d\u0131r. Do\u011fal ta\u015f ve sembolik tasar\u0131mlar\u0131 sevenler i\u00e7in ideal bir se\u00e7imdir.<\/p>","protected":false},"excerpt":{"rendered":"<p>Derin lacivert tonlar\u0131 ve do\u011fal alt\u0131n \u0131\u015f\u0131lt\u0131lar\u0131yla \u00f6ne \u00e7\u0131kan lapis lazuli ta\u015fl\u0131 bal\u0131k kolye, \u00f6zg\u00fcn formu ile dikkat \u00e7eker. Do\u011fal<\/p>","protected":false},"featured_media":42777,"comment_status":"open","ping_status":"closed","template":"","meta":[],"product_brand":[2718],"product_cat":[247,75],"product_tag":[278,470,633,294,1623,2762,1755,811,322,2891,473,2042,1600,3685,2753,3687,277,1826,2143,276,284,3686,2679],"class_list":{"0":"post-42776","1":"product","2":"type-product","3":"status-publish","4":"has-post-thumbnail","6":"product_brand-gasia-casuals","7":"product_cat-hediyelik","8":"product_cat-kolye","9":"product_tag-altin-kolye","10":"product_tag-balik-kolye","11":"product_tag-designer-necklace","12":"product_tag-diamond-necklace","13":"product_tag-dogal-tas-kolye","14":"product_tag-el-yapimi-kolye","15":"product_tag-fish-necklace","16":"product_tag-gemstone-necklace","17":"product_tag-gold-necklace","18":"product_tag-handmade-jewelry","19":"product_tag-kadin-kolye","20":"product_tag-kadin-taki","21":"product_tag-lapis-lazuli-kolye","22":"product_tag-lapis-lazuli-taki","23":"product_tag-lapis-necklace","24":"product_tag-luck-necklace","25":"product_tag-modern-kolye","26":"product_tag-natural-stone-jewelry","27":"product_tag-ozgun-kolye","28":"product_tag-pirlanta-kolye","29":"product_tag-sans-kolyesi","30":"product_tag-sembollu-kolye","31":"product_tag-symbolic-jewelry","32":"pa_cinsiyet-kadin","34":"first","35":"instock","36":"shipping-taxable","37":"product-type-simple"},"_links":{"self":[{"href":"https:\/\/www.gasia.com.tr\/en\/wp-json\/wp\/v2\/product\/42776","targetHints":{"allow":["GET"]}}],"collection":[{"href":"https:\/\/www.gasia.com.tr\/en\/wp-json\/wp\/v2\/product"}],"about":[{"href":"https:\/\/www.gasia.com.tr\/en\/wp-json\/wp\/v2\/types\/product"}],"replies":[{"embeddable":true,"href":"https:\/\/www.gasia.com.tr\/en\/wp-json\/wp\/v2\/comments?post=42776"}],"version-history":[{"count":2,"href":"https:\/\/www.gasia.com.tr\/en\/wp-json\/wp\/v2\/product\/42776\/revisions"}],"predecessor-version":[{"id":42779,"href":"https:\/\/www.gasia.com.tr\/en\/wp-json\/wp\/v2\/product\/42776\/revisions\/42779"}],"wp:featuredmedia":[{"embeddable":true,"href":"https:\/\/www.gasia.com.tr\/en\/wp-json\/wp\/v2\/media\/42777"}],"wp:attachment":[{"href":"https:\/\/www.gasia.com.tr\/en\/wp-json\/wp\/v2\/media?parent=42776"}],"wp:term":[{"taxonomy":"product_brand","embeddable":true,"href":"https:\/\/www.gasia.com.tr\/en\/wp-json\/wp\/v2\/product_brand?post=42776"},{"taxonomy":"product_cat","embeddable":true,"href":"https:\/\/www.gasia.com.tr\/en\/wp-json\/wp\/v2\/product_cat?post=42776"},{"taxonomy":"product_tag","embeddable":true,"href":"https:\/\/www.gasia.com.tr\/en\/wp-json\/wp\/v2\/product_tag?post=42776"}],"curies":[{"name":"wp","href":"https:\/\/api.w.org\/{rel}","templated":true}]}}