{"id":42781,"date":"2026-04-25T23:40:51","date_gmt":"2026-04-25T20:40:51","guid":{"rendered":"https:\/\/www.gasia.com.tr\/?post_type=product&#038;p=42781"},"modified":"2026-04-26T00:30:28","modified_gmt":"2026-04-25T21:30:28","slug":"balik-formlu-firuze-tasli-ve-pirlanta-detayli-altin-kolye","status":"publish","type":"product","link":"https:\/\/www.gasia.com.tr\/en\/collections\/balik-formlu-firuze-tasli-ve-pirlanta-detayli-altin-kolye\/","title":{"rendered":"Bal\u0131k Formlu Firuze Ta\u015fl\u0131 ve P\u0131rlanta Detayl\u0131 Alt\u0131n Kolye"},"content":{"rendered":"<p data-start=\"105\" data-end=\"375\">Canl\u0131 turkuaz tonu ile dikkat \u00e7eken bu firuze ta\u015fl\u0131 bal\u0131k kolye, modern tasar\u0131m ile sembolik anlam\u0131 bir araya getirir. P\u00fcr\u00fczs\u00fcz ve parlak y\u00fczeye sahip firuze ta\u015f, g\u00fc\u00e7l\u00fc renk etkisiyle \u00f6ne \u00e7\u0131karken, alt\u0131n detaylarla dengeli bir g\u00f6r\u00fcn\u00fcm sunar.<\/p>\n<p data-start=\"377\" data-end=\"619\">Bal\u0131k fig\u00fcr\u00fc; \u015fans, bereket ve ak\u0131\u015f sembol\u00fc olarak tasar\u0131ma anlam katarken, ta\u015f \u00fczerinde yer alan p\u0131rlanta detay\u0131 \u0131\u015f\u0131kla dikkat \u00e7ekici bir parlakl\u0131k olu\u015fturur. Alt k\u0131sm\u0131ndaki yaprak formunda p\u0131rlanta s\u00fcsleme ise tasar\u0131ma hareket kazand\u0131r\u0131r.<\/p>\n<p data-start=\"621\" data-end=\"820\">Alt\u0131n zincir ile tamamlanan bu kolye, g\u00fcnl\u00fck kullan\u0131mda enerjik bir stil sunarken, \u00f6zel kombinlerde de \u00f6ne \u00e7\u0131kan bir tak\u0131 par\u00e7as\u0131d\u0131r. Renkli ta\u015fl\u0131 tak\u0131 sevenler i\u00e7in g\u00fc\u00e7l\u00fc bir alternatif olu\u015fturur.<\/p>","protected":false},"excerpt":{"rendered":"<p>Canl\u0131 turkuaz tonu ile dikkat \u00e7eken bu firuze ta\u015fl\u0131 bal\u0131k kolye, modern tasar\u0131m ile sembolik anlam\u0131 bir araya getirir. P\u00fcr\u00fczs\u00fcz<\/p>","protected":false},"featured_media":42782,"comment_status":"open","ping_status":"closed","template":"","meta":[],"product_brand":[2718],"product_cat":[247,75],"product_tag":[278,470,3689,294,1623,2762,1093,3688,1092,1755,811,322,2891,473,2042,3687,277,2143,276,2741,284,1674,3126,422,1095],"class_list":{"0":"post-42781","1":"product","2":"type-product","3":"status-publish","4":"has-post-thumbnail","6":"product_brand-gasia-casuals","7":"product_cat-hediyelik","8":"product_cat-kolye","9":"product_tag-altin-kolye","10":"product_tag-balik-kolye","11":"product_tag-colorful-gemstone-jewelry","12":"product_tag-diamond-necklace","13":"product_tag-dogal-tas-kolye","14":"product_tag-el-yapimi-kolye","15":"product_tag-firuze-kolye","16":"product_tag-firuze-taki","17":"product_tag-firuze-tasli-kolye","18":"product_tag-fish-necklace","19":"product_tag-gemstone-necklace","20":"product_tag-gold-necklace","21":"product_tag-handmade-jewelry","22":"product_tag-kadin-kolye","23":"product_tag-kadin-taki","24":"product_tag-luck-necklace","25":"product_tag-modern-kolye","26":"product_tag-ozgun-kolye","27":"product_tag-pirlanta-kolye","28":"product_tag-renkli-tasli-kolye","29":"product_tag-sans-kolyesi","30":"product_tag-turkuaz-kolye","31":"product_tag-turquoise-gemstone-necklace","32":"product_tag-turquoise-jewelry","33":"product_tag-turquoise-necklace","34":"pa_cinsiyet-kadin","36":"first","37":"instock","38":"shipping-taxable","39":"product-type-simple"},"_links":{"self":[{"href":"https:\/\/www.gasia.com.tr\/en\/wp-json\/wp\/v2\/product\/42781","targetHints":{"allow":["GET"]}}],"collection":[{"href":"https:\/\/www.gasia.com.tr\/en\/wp-json\/wp\/v2\/product"}],"about":[{"href":"https:\/\/www.gasia.com.tr\/en\/wp-json\/wp\/v2\/types\/product"}],"replies":[{"embeddable":true,"href":"https:\/\/www.gasia.com.tr\/en\/wp-json\/wp\/v2\/comments?post=42781"}],"version-history":[{"count":1,"href":"https:\/\/www.gasia.com.tr\/en\/wp-json\/wp\/v2\/product\/42781\/revisions"}],"predecessor-version":[{"id":42783,"href":"https:\/\/www.gasia.com.tr\/en\/wp-json\/wp\/v2\/product\/42781\/revisions\/42783"}],"wp:featuredmedia":[{"embeddable":true,"href":"https:\/\/www.gasia.com.tr\/en\/wp-json\/wp\/v2\/media\/42782"}],"wp:attachment":[{"href":"https:\/\/www.gasia.com.tr\/en\/wp-json\/wp\/v2\/media?parent=42781"}],"wp:term":[{"taxonomy":"product_brand","embeddable":true,"href":"https:\/\/www.gasia.com.tr\/en\/wp-json\/wp\/v2\/product_brand?post=42781"},{"taxonomy":"product_cat","embeddable":true,"href":"https:\/\/www.gasia.com.tr\/en\/wp-json\/wp\/v2\/product_cat?post=42781"},{"taxonomy":"product_tag","embeddable":true,"href":"https:\/\/www.gasia.com.tr\/en\/wp-json\/wp\/v2\/product_tag?post=42781"}],"curies":[{"name":"wp","href":"https:\/\/api.w.org\/{rel}","templated":true}]}}