{"id":42784,"date":"2026-04-25T23:46:36","date_gmt":"2026-04-25T20:46:36","guid":{"rendered":"https:\/\/www.gasia.com.tr\/?post_type=product&#038;p=42784"},"modified":"2026-04-26T00:30:28","modified_gmt":"2026-04-25T21:30:28","slug":"yakut-tasli-ve-pirlanta-detayli-mineli-altin-yuzuk","status":"publish","type":"product","link":"https:\/\/www.gasia.com.tr\/en\/collections\/yakut-tasli-ve-pirlanta-detayli-mineli-altin-yuzuk\/","title":{"rendered":"Yakut Ta\u015fl\u0131 ve P\u0131rlanta Detayl\u0131 Mineli Alt\u0131n Y\u00fcz\u00fck"},"content":{"rendered":"<p data-start=\"101\" data-end=\"407\">K\u0131rm\u0131z\u0131 mine zemin \u00fczerine i\u015flenen detaylar\u0131yla \u00f6ne \u00e7\u0131kan bu yakut ta\u015fl\u0131 alt\u0131n y\u00fcz\u00fck, g\u00fc\u00e7l\u00fc renk kontrast\u0131 ve zengin i\u015f\u00e7iligi ile dikkat \u00e7eker. Oval formdaki y\u00fcz\u00fck y\u00fczeyinde yer alan k\u0131rm\u0131z\u0131 mine, tasar\u0131ma derinlik katarken merkezde konumlanan yakut ta\u015f odak noktas\u0131 olu\u015fturur.<\/p>\n<p data-start=\"409\" data-end=\"634\">Yakut ta\u015f\u0131n \u00e7evresini saran p\u0131rlanta detaylar ve \u00fcst b\u00f6l\u00fcmdeki dekoratif motif, tasar\u0131ma hareket ve yo\u011fun bir \u0131\u015f\u0131lt\u0131 kazand\u0131r\u0131r. Alt\u0131n g\u00f6vde \u00fczerindeki oyma detaylar ise y\u00fcz\u00fc\u011fe karakterli ve dikkat \u00e7ekici bir g\u00f6r\u00fcn\u00fcm sunar.<\/p>\n<p data-start=\"636\" data-end=\"771\">\u00d6zel g\u00fcnlerde g\u00fc\u00e7l\u00fc bir stil tamamlay\u0131c\u0131s\u0131 olarak \u00f6ne \u00e7\u0131kan bu y\u00fcz\u00fck, renkli ta\u015f ve detayl\u0131 tasar\u0131m sevenler i\u00e7in ideal bir par\u00e7ad\u0131r.<\/p>","protected":false},"excerpt":{"rendered":"<p>K\u0131rm\u0131z\u0131 mine zemin \u00fczerine i\u015flenen detaylar\u0131yla \u00f6ne \u00e7\u0131kan bu yakut ta\u015fl\u0131 alt\u0131n y\u00fcz\u00fck, g\u00fc\u00e7l\u00fc renk kontrast\u0131 ve zengin i\u015f\u00e7iligi ile<\/p>","protected":false},"featured_media":42785,"comment_status":"open","ping_status":"closed","template":"","meta":[],"product_brand":[77],"product_cat":[242,76],"product_tag":[289,565,654,3189,2852,577,1250,2857,2042,520,3290,653,3690,2076,335,3691,2164,450,1870,683,2161],"class_list":{"0":"post-42784","1":"product","2":"type-product","3":"status-publish","4":"has-post-thumbnail","6":"product_brand-gasia","7":"product_cat-retro-mucevher-koleksiyonu","8":"product_cat-yuzuk-modelleri","9":"product_tag-altin-yuzuk","10":"product_tag-designer-ring","11":"product_tag-diamond-ring","12":"product_tag-el-isciligi-yuzuk","13":"product_tag-enamel-ring","14":"product_tag-gold-ring","15":"product_tag-gosterisli-yuzuk","16":"product_tag-handmade-ring","17":"product_tag-kadin-taki","18":"product_tag-kadin-yuzuk","19":"product_tag-kirmizi-tasli-yuzuk","20":"product_tag-luks-yuzuk","21":"product_tag-mineli-yuzuk","22":"product_tag-ozel-tasarim-yuzuk","23":"product_tag-pirlanta-yuzuk","24":"product_tag-red-gemstone-ring","25":"product_tag-ruby-ring","26":"product_tag-statement-ring","27":"product_tag-vintage-ring","28":"product_tag-vintage-yuzuk","29":"product_tag-yakut-yuzuk","30":"pa_cinsiyet-kadin","32":"first","33":"instock","34":"shipping-taxable","35":"product-type-simple"},"_links":{"self":[{"href":"https:\/\/www.gasia.com.tr\/en\/wp-json\/wp\/v2\/product\/42784","targetHints":{"allow":["GET"]}}],"collection":[{"href":"https:\/\/www.gasia.com.tr\/en\/wp-json\/wp\/v2\/product"}],"about":[{"href":"https:\/\/www.gasia.com.tr\/en\/wp-json\/wp\/v2\/types\/product"}],"replies":[{"embeddable":true,"href":"https:\/\/www.gasia.com.tr\/en\/wp-json\/wp\/v2\/comments?post=42784"}],"version-history":[{"count":1,"href":"https:\/\/www.gasia.com.tr\/en\/wp-json\/wp\/v2\/product\/42784\/revisions"}],"predecessor-version":[{"id":42786,"href":"https:\/\/www.gasia.com.tr\/en\/wp-json\/wp\/v2\/product\/42784\/revisions\/42786"}],"wp:featuredmedia":[{"embeddable":true,"href":"https:\/\/www.gasia.com.tr\/en\/wp-json\/wp\/v2\/media\/42785"}],"wp:attachment":[{"href":"https:\/\/www.gasia.com.tr\/en\/wp-json\/wp\/v2\/media?parent=42784"}],"wp:term":[{"taxonomy":"product_brand","embeddable":true,"href":"https:\/\/www.gasia.com.tr\/en\/wp-json\/wp\/v2\/product_brand?post=42784"},{"taxonomy":"product_cat","embeddable":true,"href":"https:\/\/www.gasia.com.tr\/en\/wp-json\/wp\/v2\/product_cat?post=42784"},{"taxonomy":"product_tag","embeddable":true,"href":"https:\/\/www.gasia.com.tr\/en\/wp-json\/wp\/v2\/product_tag?post=42784"}],"curies":[{"name":"wp","href":"https:\/\/api.w.org\/{rel}","templated":true}]}}