{"id":42787,"date":"2026-04-25T23:48:09","date_gmt":"2026-04-25T20:48:09","guid":{"rendered":"https:\/\/www.gasia.com.tr\/?post_type=product&#038;p=42787"},"modified":"2026-04-26T00:30:28","modified_gmt":"2026-04-25T21:30:28","slug":"safir-tasli-ve-pirlanta-detayli-yesil-mineli-altin-yuzuk","status":"publish","type":"product","link":"https:\/\/www.gasia.com.tr\/en\/collections\/safir-tasli-ve-pirlanta-detayli-yesil-mineli-altin-yuzuk\/","title":{"rendered":"Safir Ta\u015fl\u0131 ve P\u0131rlanta Detayl\u0131 Ye\u015fil Mineli Alt\u0131n Y\u00fcz\u00fck"},"content":{"rendered":"<p data-start=\"106\" data-end=\"374\">Canl\u0131 ye\u015fil mine y\u00fczeyi ve merkezde yer alan safir ta\u015f ile dikkat \u00e7eken bu alt\u0131n y\u00fcz\u00fck, g\u00fc\u00e7l\u00fc renk kontrast\u0131 ve detayl\u0131 i\u015f\u00e7iligiyle \u00f6ne \u00e7\u0131kar. Oval formdaki geni\u015f y\u00fczey, \u0131\u015f\u0131\u011f\u0131 farkl\u0131 a\u00e7\u0131lardan yans\u0131tan dokulu mine ile derinlik kazan\u0131r.<\/p>\n<p data-start=\"376\" data-end=\"630\">Merkezde konumlanan safir ta\u015f, tasar\u0131m\u0131n odak noktas\u0131n\u0131 olu\u015ftururken etraf\u0131n\u0131 saran p\u0131rlanta detaylar parlakl\u0131k etkisini art\u0131r\u0131r. \u00dcst b\u00f6l\u00fcmdeki dekoratif motif ve yan k\u0131s\u0131mlardaki oyma alt\u0131n detaylar, y\u00fcz\u00fc\u011fe karakterli ve zengin bir g\u00f6r\u00fcn\u00fcm kazand\u0131r\u0131r.<\/p>\n<p data-start=\"632\" data-end=\"789\">\u00d6zel g\u00fcnlerde dikkat \u00e7ekici bir tamamlay\u0131c\u0131 olarak tercih edilebilecek bu model, renkli ta\u015fl\u0131 ve detayl\u0131 tasar\u0131mlar\u0131 sevenler i\u00e7in g\u00fc\u00e7l\u00fc bir alternatiftir.<\/p>","protected":false},"excerpt":{"rendered":"<p>Canl\u0131 ye\u015fil mine y\u00fczeyi ve merkezde yer alan safir ta\u015f ile dikkat \u00e7eken bu alt\u0131n y\u00fcz\u00fck, g\u00fc\u00e7l\u00fc renk kontrast\u0131 ve<\/p>","protected":false},"featured_media":42788,"comment_status":"open","ping_status":"closed","template":"","meta":[],"product_brand":[77],"product_cat":[264,242,76],"product_tag":[289,565,654,3189,2852,577,1250,3246,2857,2042,520,3690,2076,335,1144,494,3693,786,450,1870,683,3692],"class_list":{"0":"post-42787","1":"product","2":"type-product","3":"status-publish","4":"has-post-thumbnail","6":"product_brand-gasia","7":"product_cat-gasia-1974-koleksiyonu","8":"product_cat-retro-mucevher-koleksiyonu","9":"product_cat-yuzuk-modelleri","10":"product_tag-altin-yuzuk","11":"product_tag-designer-ring","12":"product_tag-diamond-ring","13":"product_tag-el-isciligi-yuzuk","14":"product_tag-enamel-ring","15":"product_tag-gold-ring","16":"product_tag-gosterisli-yuzuk","17":"product_tag-green-gemstone-ring","18":"product_tag-handmade-ring","19":"product_tag-kadin-taki","20":"product_tag-kadin-yuzuk","21":"product_tag-mineli-yuzuk","22":"product_tag-ozel-tasarim-yuzuk","23":"product_tag-pirlanta-yuzuk","24":"product_tag-safir-tasli-yuzuk","25":"product_tag-safir-yuzuk","26":"product_tag-sapphire-gemstone-ring","27":"product_tag-sapphire-ring","28":"product_tag-statement-ring","29":"product_tag-vintage-ring","30":"product_tag-vintage-yuzuk","31":"product_tag-yesil-yuzuk","32":"pa_cinsiyet-kadin","34":"first","35":"instock","36":"shipping-taxable","37":"product-type-simple"},"_links":{"self":[{"href":"https:\/\/www.gasia.com.tr\/en\/wp-json\/wp\/v2\/product\/42787","targetHints":{"allow":["GET"]}}],"collection":[{"href":"https:\/\/www.gasia.com.tr\/en\/wp-json\/wp\/v2\/product"}],"about":[{"href":"https:\/\/www.gasia.com.tr\/en\/wp-json\/wp\/v2\/types\/product"}],"replies":[{"embeddable":true,"href":"https:\/\/www.gasia.com.tr\/en\/wp-json\/wp\/v2\/comments?post=42787"}],"version-history":[{"count":1,"href":"https:\/\/www.gasia.com.tr\/en\/wp-json\/wp\/v2\/product\/42787\/revisions"}],"predecessor-version":[{"id":42789,"href":"https:\/\/www.gasia.com.tr\/en\/wp-json\/wp\/v2\/product\/42787\/revisions\/42789"}],"wp:featuredmedia":[{"embeddable":true,"href":"https:\/\/www.gasia.com.tr\/en\/wp-json\/wp\/v2\/media\/42788"}],"wp:attachment":[{"href":"https:\/\/www.gasia.com.tr\/en\/wp-json\/wp\/v2\/media?parent=42787"}],"wp:term":[{"taxonomy":"product_brand","embeddable":true,"href":"https:\/\/www.gasia.com.tr\/en\/wp-json\/wp\/v2\/product_brand?post=42787"},{"taxonomy":"product_cat","embeddable":true,"href":"https:\/\/www.gasia.com.tr\/en\/wp-json\/wp\/v2\/product_cat?post=42787"},{"taxonomy":"product_tag","embeddable":true,"href":"https:\/\/www.gasia.com.tr\/en\/wp-json\/wp\/v2\/product_tag?post=42787"}],"curies":[{"name":"wp","href":"https:\/\/api.w.org\/{rel}","templated":true}]}}