{"id":42790,"date":"2026-04-25T23:54:28","date_gmt":"2026-04-25T20:54:28","guid":{"rendered":"https:\/\/www.gasia.com.tr\/?post_type=product&#038;p=42790"},"modified":"2026-04-26T00:30:28","modified_gmt":"2026-04-25T21:30:28","slug":"bebek-ayak-izi-ve-nazar-boncuklu-altin-kolye","status":"publish","type":"product","link":"https:\/\/www.gasia.com.tr\/en\/collections\/bebek-ayak-izi-ve-nazar-boncuklu-altin-kolye\/","title":{"rendered":"Bebek Ayak \u0130zi ve Nazar Boncuklu Alt\u0131n Kolye"},"content":{"rendered":"<p data-start=\"99\" data-end=\"351\">Sevgi, ba\u011fl\u0131l\u0131k ve yeni ba\u015flang\u0131\u00e7lar\u0131 simgeleyen bu bebek ayak izi kolye, anlam y\u00fckl\u00fc tasar\u0131m\u0131yla \u00f6ne \u00e7\u0131kar. Yuvarlak formdaki alt\u0131n plak \u00fczerinde yer alan ayak izi detaylar\u0131, ebeveynler i\u00e7in \u00f6zel bir hat\u0131ra niteli\u011fi ta\u015f\u0131r.<\/p>\n<p data-start=\"353\" data-end=\"593\">Kolye \u00fczerinde bulunan nazar boncu\u011fu detay\u0131, koruyucu anlam\u0131yla tasar\u0131ma ekstra bir de\u011fer katarken, etraf\u0131ndaki p\u0131rlanta ta\u015flar \u0131\u015f\u0131kla dikkat \u00e7eken bir parlakl\u0131k olu\u015fturur. Rose alt\u0131n tonu, tasar\u0131ma s\u0131cak ve modern bir g\u00f6r\u00fcn\u00fcm kazand\u0131r\u0131r.<\/p>\n<p data-start=\"595\" data-end=\"722\">G\u00fcnl\u00fck kullan\u0131m i\u00e7in ideal olan bu kolye, ayn\u0131 zamanda do\u011fum, anneler g\u00fcn\u00fc ve \u00f6zel anlar i\u00e7in anlaml\u0131 bir hediye se\u00e7ene\u011fidir.<\/p>","protected":false},"excerpt":{"rendered":"<p>Sevgi, ba\u011fl\u0131l\u0131k ve yeni ba\u015flang\u0131\u00e7lar\u0131 simgeleyen bu bebek ayak izi kolye, anlam y\u00fckl\u00fc tasar\u0131m\u0131yla \u00f6ne \u00e7\u0131kar. Yuvarlak formdaki alt\u0131n plak<\/p>","protected":false},"featured_media":42791,"comment_status":"open","ping_status":"closed","template":"","meta":[],"product_brand":[2718,2719],"product_cat":[75,198],"product_tag":[278,1089,3696,3695,3699,3694,294,3698,726,322,1640,473,2042,693,2060,3697,281,483,699,276,2139],"class_list":{"0":"post-42790","1":"product","2":"type-product","3":"status-publish","4":"has-post-thumbnail","6":"product_brand-gasia-casuals","7":"product_brand-gasia-protect","8":"product_cat-kolye","9":"product_cat-eye-collection","10":"product_tag-altin-kolye","11":"product_tag-anlamli-kolye","12":"product_tag-anne-kolyesi","13":"product_tag-baby-footprint-necklace","14":"product_tag-baby-gift-necklace","15":"product_tag-bebek-ayak-izi-kolye","16":"product_tag-diamond-necklace","17":"product_tag-dogum-hediyesi-kolye","18":"product_tag-evil-eye-necklace","19":"product_tag-gold-necklace","20":"product_tag-hediye-kolye","21":"product_tag-kadin-kolye","22":"product_tag-kadin-taki","23":"product_tag-kisisel-kolye","24":"product_tag-meaningful-necklace","25":"product_tag-mom-necklace","26":"product_tag-nazar-boncuklu-kolye","27":"product_tag-ozel-tasarim-kolye","28":"product_tag-personalized-necklace","29":"product_tag-pirlanta-kolye","30":"product_tag-rose-gold-necklace","31":"pa_cinsiyet-kadin","33":"first","34":"instock","35":"shipping-taxable","36":"product-type-simple"},"_links":{"self":[{"href":"https:\/\/www.gasia.com.tr\/en\/wp-json\/wp\/v2\/product\/42790","targetHints":{"allow":["GET"]}}],"collection":[{"href":"https:\/\/www.gasia.com.tr\/en\/wp-json\/wp\/v2\/product"}],"about":[{"href":"https:\/\/www.gasia.com.tr\/en\/wp-json\/wp\/v2\/types\/product"}],"replies":[{"embeddable":true,"href":"https:\/\/www.gasia.com.tr\/en\/wp-json\/wp\/v2\/comments?post=42790"}],"version-history":[{"count":1,"href":"https:\/\/www.gasia.com.tr\/en\/wp-json\/wp\/v2\/product\/42790\/revisions"}],"predecessor-version":[{"id":42792,"href":"https:\/\/www.gasia.com.tr\/en\/wp-json\/wp\/v2\/product\/42790\/revisions\/42792"}],"wp:featuredmedia":[{"embeddable":true,"href":"https:\/\/www.gasia.com.tr\/en\/wp-json\/wp\/v2\/media\/42791"}],"wp:attachment":[{"href":"https:\/\/www.gasia.com.tr\/en\/wp-json\/wp\/v2\/media?parent=42790"}],"wp:term":[{"taxonomy":"product_brand","embeddable":true,"href":"https:\/\/www.gasia.com.tr\/en\/wp-json\/wp\/v2\/product_brand?post=42790"},{"taxonomy":"product_cat","embeddable":true,"href":"https:\/\/www.gasia.com.tr\/en\/wp-json\/wp\/v2\/product_cat?post=42790"},{"taxonomy":"product_tag","embeddable":true,"href":"https:\/\/www.gasia.com.tr\/en\/wp-json\/wp\/v2\/product_tag?post=42790"}],"curies":[{"name":"wp","href":"https:\/\/api.w.org\/{rel}","templated":true}]}}