{"id":42793,"date":"2026-04-26T00:21:44","date_gmt":"2026-04-25T21:21:44","guid":{"rendered":"https:\/\/www.gasia.com.tr\/?post_type=product&#038;p=42793"},"modified":"2026-04-26T00:30:28","modified_gmt":"2026-04-25T21:30:28","slug":"bebek-ayak-izi-ve-nazar-boncuklu-altin-kolye-2","status":"publish","type":"product","link":"https:\/\/www.gasia.com.tr\/en\/collections\/bebek-ayak-izi-ve-nazar-boncuklu-altin-kolye-2\/","title":{"rendered":"Bebek Ayak \u0130zi ve Nazar Boncuklu Alt\u0131n Kolye"},"content":{"rendered":"<p data-start=\"97\" data-end=\"340\">Yeni ba\u015flang\u0131\u00e7lar\u0131n en saf halini yans\u0131tan bebek ayak izi kolye, duygusal de\u011feri y\u00fcksek \u00f6zel bir tasar\u0131md\u0131r. Parlak alt\u0131n y\u00fczey \u00fczerine i\u015flenen ayak izi formu, anne-\u00e7ocuk ba\u011f\u0131n\u0131 simgeler ve ki\u015fisel bir anlam ta\u015f\u0131r.<\/p>\n<p data-start=\"342\" data-end=\"594\">Kolye \u00fczerinde yer alan nazar boncu\u011fu detay\u0131, geleneksel koruyucu sembol olarak tasar\u0131ma anlam katarken, \u00e7evresindeki p\u0131rlanta ta\u015flar \u0131\u015f\u0131lt\u0131y\u0131 art\u0131r\u0131r. Minimal ve net formu sayesinde hem g\u00fcnl\u00fck kullan\u0131mda hem de \u00f6zel anlarda rahatl\u0131kla tercih edilir.<\/p>\n<p data-start=\"596\" data-end=\"719\">Do\u011fum hediyesi, anneler g\u00fcn\u00fc veya \u00f6zel an\u0131lar i\u00e7in g\u00fc\u00e7l\u00fc bir anlam ta\u015f\u0131yan bu kolye, duyguyu ve zarafeti bir arada sunar.<\/p>","protected":false},"excerpt":{"rendered":"<p>Yeni ba\u015flang\u0131\u00e7lar\u0131n en saf halini yans\u0131tan bebek ayak izi kolye, duygusal de\u011feri y\u00fcksek \u00f6zel bir tasar\u0131md\u0131r. Parlak alt\u0131n y\u00fczey \u00fczerine<\/p>","protected":false},"featured_media":42794,"comment_status":"open","ping_status":"closed","template":"","meta":[],"product_brand":[2718],"product_cat":[247,75,198],"product_tag":[278,1089,3696,3695,3699,3694,294,3698,726,322,1640,473,2042,2060,273,1767,3697,281,483,276],"class_list":{"0":"post-42793","1":"product","2":"type-product","3":"status-publish","4":"has-post-thumbnail","6":"product_brand-gasia-casuals","7":"product_cat-hediyelik","8":"product_cat-kolye","9":"product_cat-eye-collection","10":"product_tag-altin-kolye","11":"product_tag-anlamli-kolye","12":"product_tag-anne-kolyesi","13":"product_tag-baby-footprint-necklace","14":"product_tag-baby-gift-necklace","15":"product_tag-bebek-ayak-izi-kolye","16":"product_tag-diamond-necklace","17":"product_tag-dogum-hediyesi-kolye","18":"product_tag-evil-eye-necklace","19":"product_tag-gold-necklace","20":"product_tag-hediye-kolye","21":"product_tag-kadin-kolye","22":"product_tag-kadin-taki","23":"product_tag-meaningful-necklace","24":"product_tag-minimal-kolye","25":"product_tag-minimalist-necklace","26":"product_tag-mom-necklace","27":"product_tag-nazar-boncuklu-kolye","28":"product_tag-ozel-tasarim-kolye","29":"product_tag-pirlanta-kolye","30":"pa_cinsiyet-kadin","32":"first","33":"instock","34":"shipping-taxable","35":"product-type-simple"},"_links":{"self":[{"href":"https:\/\/www.gasia.com.tr\/en\/wp-json\/wp\/v2\/product\/42793","targetHints":{"allow":["GET"]}}],"collection":[{"href":"https:\/\/www.gasia.com.tr\/en\/wp-json\/wp\/v2\/product"}],"about":[{"href":"https:\/\/www.gasia.com.tr\/en\/wp-json\/wp\/v2\/types\/product"}],"replies":[{"embeddable":true,"href":"https:\/\/www.gasia.com.tr\/en\/wp-json\/wp\/v2\/comments?post=42793"}],"version-history":[{"count":1,"href":"https:\/\/www.gasia.com.tr\/en\/wp-json\/wp\/v2\/product\/42793\/revisions"}],"predecessor-version":[{"id":42795,"href":"https:\/\/www.gasia.com.tr\/en\/wp-json\/wp\/v2\/product\/42793\/revisions\/42795"}],"wp:featuredmedia":[{"embeddable":true,"href":"https:\/\/www.gasia.com.tr\/en\/wp-json\/wp\/v2\/media\/42794"}],"wp:attachment":[{"href":"https:\/\/www.gasia.com.tr\/en\/wp-json\/wp\/v2\/media?parent=42793"}],"wp:term":[{"taxonomy":"product_brand","embeddable":true,"href":"https:\/\/www.gasia.com.tr\/en\/wp-json\/wp\/v2\/product_brand?post=42793"},{"taxonomy":"product_cat","embeddable":true,"href":"https:\/\/www.gasia.com.tr\/en\/wp-json\/wp\/v2\/product_cat?post=42793"},{"taxonomy":"product_tag","embeddable":true,"href":"https:\/\/www.gasia.com.tr\/en\/wp-json\/wp\/v2\/product_tag?post=42793"}],"curies":[{"name":"wp","href":"https:\/\/api.w.org\/{rel}","templated":true}]}}