{"id":42796,"date":"2026-04-26T00:24:11","date_gmt":"2026-04-25T21:24:11","guid":{"rendered":"https:\/\/www.gasia.com.tr\/?post_type=product&#038;p=42796"},"modified":"2026-04-26T01:02:54","modified_gmt":"2026-04-25T22:02:54","slug":"mercan-ve-turkuaz-tasli-sallantili-kolye","status":"publish","type":"product","link":"https:\/\/www.gasia.com.tr\/en\/collections\/mercan-ve-turkuaz-tasli-sallantili-kolye\/","title":{"rendered":"Mercan ve Turkuaz Ta\u015fl\u0131 Sallant\u0131l\u0131 Kolye"},"content":{"rendered":"<p data-start=\"96\" data-end=\"353\">Canl\u0131 renklerin dengeli uyumunu yans\u0131tan bu sallant\u0131l\u0131 kolye, g\u00fc\u00e7l\u00fc bir stil vurgusu sunar. \u00dcst b\u00f6l\u00fcmde yer alan siyah halka detay\u0131 modern bir ba\u015flang\u0131\u00e7 olu\u015ftururken, alt\u0131na do\u011fru uzanan zincir formu tasar\u0131ma hareket kazand\u0131r\u0131r.<\/p>\n<p data-start=\"355\" data-end=\"567\">Mercan tonundaki do\u011fal ta\u015f, s\u0131cak bir ge\u00e7i\u015f sa\u011flarken; en altta yer alan turkuaz damla form, tasar\u0131ma karakteristik bir g\u00f6r\u00fcn\u00fcm katar. Aradaki p\u0131rlanta detayl\u0131 ba\u011flant\u0131lar, \u0131\u015f\u0131\u011f\u0131 yakalayarak b\u00fct\u00fcnl\u00fc\u011f\u00fc tamamlar.<\/p>\n<p data-start=\"569\" data-end=\"794\">Uzun formu sayesinde boyun hatt\u0131n\u0131 zarif \u015fekilde uzatan bu kolye, tek ba\u015f\u0131na g\u00fc\u00e7l\u00fc bir par\u00e7a olarak \u00f6ne \u00e7\u0131kar. G\u00fcnl\u00fck stilinize farkl\u0131l\u0131k katmak veya \u00f6zel kombinlerde dikkat \u00e7ekici bir detay eklemek i\u00e7in ideal bir se\u00e7imdir.<\/p>","protected":false},"excerpt":{"rendered":"<p>Canl\u0131 renklerin dengeli uyumunu yans\u0131tan bu sallant\u0131l\u0131 kolye, g\u00fc\u00e7l\u00fc bir stil vurgusu sunar. \u00dcst b\u00f6l\u00fcmde yer alan siyah halka detay\u0131<\/p>","protected":false},"featured_media":42797,"comment_status":"open","ping_status":"closed","template":"","meta":[],"product_brand":[77],"product_cat":[75],"product_tag":[3700,1823,633,1605,1825,1640,473,1703,637,277,1993,483,472,2640,3634,489,1674,1095,1702,1632],"class_list":{"0":"post-42796","1":"product","2":"type-product","3":"status-publish","4":"has-post-thumbnail","6":"product_brand-gasia","7":"product_cat-kolye","8":"product_tag-colorful-stone-necklace","9":"product_tag-coral-necklace","10":"product_tag-designer-necklace","11":"product_tag-diamond-detail-necklace","12":"product_tag-drop-necklace","13":"product_tag-hediye-kolye","14":"product_tag-kadin-kolye","15":"product_tag-long-necklace","16":"product_tag-mercan-kolye","17":"product_tag-modern-kolye","18":"product_tag-modern-necklace","19":"product_tag-ozel-tasarim-kolye","20":"product_tag-pirlanta-detayli-kolye","21":"product_tag-renkli-tas-kolye","22":"product_tag-sallantili-kolye","23":"product_tag-statement-necklace","24":"product_tag-turkuaz-kolye","25":"product_tag-turquoise-necklace","26":"product_tag-uzun-kolye","27":"product_tag-women-necklace","28":"pa_cinsiyet-kadin","30":"first","31":"instock","32":"shipping-taxable","33":"product-type-simple"},"_links":{"self":[{"href":"https:\/\/www.gasia.com.tr\/en\/wp-json\/wp\/v2\/product\/42796","targetHints":{"allow":["GET"]}}],"collection":[{"href":"https:\/\/www.gasia.com.tr\/en\/wp-json\/wp\/v2\/product"}],"about":[{"href":"https:\/\/www.gasia.com.tr\/en\/wp-json\/wp\/v2\/types\/product"}],"replies":[{"embeddable":true,"href":"https:\/\/www.gasia.com.tr\/en\/wp-json\/wp\/v2\/comments?post=42796"}],"version-history":[{"count":3,"href":"https:\/\/www.gasia.com.tr\/en\/wp-json\/wp\/v2\/product\/42796\/revisions"}],"predecessor-version":[{"id":42815,"href":"https:\/\/www.gasia.com.tr\/en\/wp-json\/wp\/v2\/product\/42796\/revisions\/42815"}],"wp:featuredmedia":[{"embeddable":true,"href":"https:\/\/www.gasia.com.tr\/en\/wp-json\/wp\/v2\/media\/42797"}],"wp:attachment":[{"href":"https:\/\/www.gasia.com.tr\/en\/wp-json\/wp\/v2\/media?parent=42796"}],"wp:term":[{"taxonomy":"product_brand","embeddable":true,"href":"https:\/\/www.gasia.com.tr\/en\/wp-json\/wp\/v2\/product_brand?post=42796"},{"taxonomy":"product_cat","embeddable":true,"href":"https:\/\/www.gasia.com.tr\/en\/wp-json\/wp\/v2\/product_cat?post=42796"},{"taxonomy":"product_tag","embeddable":true,"href":"https:\/\/www.gasia.com.tr\/en\/wp-json\/wp\/v2\/product_tag?post=42796"}],"curies":[{"name":"wp","href":"https:\/\/api.w.org\/{rel}","templated":true}]}}