{"id":42800,"date":"2026-04-10T10:15:03","date_gmt":"2026-04-10T07:15:03","guid":{"rendered":"https:\/\/www.gasia.com.tr\/?post_type=product&#038;p=42800"},"modified":"2026-04-26T19:28:54","modified_gmt":"2026-04-26T16:28:54","slug":"nazar-goz-motifli-okside-gumus-kolye-2","status":"publish","type":"product","link":"https:\/\/www.gasia.com.tr\/en\/collections\/nazar-goz-motifli-okside-gumus-kolye-2\/","title":{"rendered":"Nazar G\u00f6z Motifli Okside G\u00fcm\u00fc\u015f Kolye"},"content":{"rendered":"<p data-start=\"56\" data-end=\"338\">Geleneksel sembolleri modern tasar\u0131mla bulu\u015fturan bu nazar g\u00f6z kolyesi, g\u00fc\u00e7l\u00fc bir anlam\u0131 estetik bir formda sunuyor. Okside g\u00fcm\u00fc\u015f \u00e7er\u00e7eve \u00fczerine i\u015flenen g\u00f6z motifi; alt\u0131n tonlu detaylar ve canl\u0131 mavi merkez ta\u015f\u0131yla dikkat \u00e7ekici bir kontrast olu\u015fturur.<\/p>\n<p data-start=\"340\" data-end=\"629\">Oval formdaki tasar\u0131m, etraf\u0131ndaki ince boncuk detaylar\u0131yla vintage bir dokunu\u015f kazan\u0131rken; ince alt\u0131n zincir kolyeye zarif ve dengeli bir g\u00f6r\u00fcn\u00fcm kazand\u0131r\u0131r. G\u00fcnl\u00fck kullan\u0131mda stilinize karakter katarken, ayn\u0131 zamanda nazardan korunmay\u0131 simgeleyen anlaml\u0131 bir aksesuar olarak \u00f6ne \u00e7\u0131kar.<\/p>\n<p data-start=\"631\" data-end=\"753\">Hem sembolik hem de \u015f\u0131k bir par\u00e7a arayanlar i\u00e7in ideal; kendiniz veya sevdikleriniz i\u00e7in anlaml\u0131 bir hediye alternatifi.<\/p>","protected":false},"excerpt":{"rendered":"<p>Geleneksel sembolleri modern tasar\u0131mla bulu\u015fturan bu nazar g\u00f6z kolyesi, g\u00fc\u00e7l\u00fc bir anlam\u0131 estetik bir formda sunuyor. Okside g\u00fcm\u00fc\u015f \u00e7er\u00e7eve \u00fczerine<\/p>","protected":false},"featured_media":42801,"comment_status":"open","ping_status":"closed","template":"","meta":[],"product_brand":[2718],"product_cat":[75,198],"product_tag":[1476,726,3074,1647,2673,473,1511,1087,1365,490,1415,1632],"class_list":{"0":"post-42800","1":"product","2":"type-product","3":"status-publish","4":"has-post-thumbnail","6":"product_brand-gasia-casuals","7":"product_cat-kolye","8":"product_cat-eye-collection","9":"product_tag-altin-zincir-kolye","10":"product_tag-evil-eye-necklace","11":"product_tag-eye-pendant-necklace","12":"product_tag-gold-chain-necklace","13":"product_tag-goz-kolye","14":"product_tag-kadin-kolye","15":"product_tag-koruyucu-kolye","16":"product_tag-nazar-kolyesi","17":"product_tag-okside-gumus-kolye","18":"product_tag-oxidized-silver-necklace","19":"product_tag-protective-jewelry","20":"product_tag-women-necklace","21":"pa_cinsiyet-kadin","23":"first","24":"instock","25":"shipping-taxable","26":"product-type-simple"},"_links":{"self":[{"href":"https:\/\/www.gasia.com.tr\/en\/wp-json\/wp\/v2\/product\/42800","targetHints":{"allow":["GET"]}}],"collection":[{"href":"https:\/\/www.gasia.com.tr\/en\/wp-json\/wp\/v2\/product"}],"about":[{"href":"https:\/\/www.gasia.com.tr\/en\/wp-json\/wp\/v2\/types\/product"}],"replies":[{"embeddable":true,"href":"https:\/\/www.gasia.com.tr\/en\/wp-json\/wp\/v2\/comments?post=42800"}],"version-history":[{"count":1,"href":"https:\/\/www.gasia.com.tr\/en\/wp-json\/wp\/v2\/product\/42800\/revisions"}],"predecessor-version":[{"id":42802,"href":"https:\/\/www.gasia.com.tr\/en\/wp-json\/wp\/v2\/product\/42800\/revisions\/42802"}],"wp:featuredmedia":[{"embeddable":true,"href":"https:\/\/www.gasia.com.tr\/en\/wp-json\/wp\/v2\/media\/42801"}],"wp:attachment":[{"href":"https:\/\/www.gasia.com.tr\/en\/wp-json\/wp\/v2\/media?parent=42800"}],"wp:term":[{"taxonomy":"product_brand","embeddable":true,"href":"https:\/\/www.gasia.com.tr\/en\/wp-json\/wp\/v2\/product_brand?post=42800"},{"taxonomy":"product_cat","embeddable":true,"href":"https:\/\/www.gasia.com.tr\/en\/wp-json\/wp\/v2\/product_cat?post=42800"},{"taxonomy":"product_tag","embeddable":true,"href":"https:\/\/www.gasia.com.tr\/en\/wp-json\/wp\/v2\/product_tag?post=42800"}],"curies":[{"name":"wp","href":"https:\/\/api.w.org\/{rel}","templated":true}]}}