{"id":42806,"date":"2026-04-23T00:55:34","date_gmt":"2026-04-22T21:55:34","guid":{"rendered":"https:\/\/www.gasia.com.tr\/?post_type=product&#038;p=42806"},"modified":"2026-04-26T00:58:20","modified_gmt":"2026-04-25T21:58:20","slug":"baget-pirlanta-altin-yuzuk","status":"publish","type":"product","link":"https:\/\/www.gasia.com.tr\/en\/collections\/baget-pirlanta-altin-yuzuk\/","title":{"rendered":"Baget P\u0131rlanta Alt\u0131n Y\u00fcz\u00fck"},"content":{"rendered":"<p data-start=\"75\" data-end=\"277\">Zamans\u0131z \u015f\u0131kl\u0131\u011f\u0131n sade ama etkileyici bir yorumu\u2026 Bu ince formdaki alt\u0131n y\u00fcz\u00fck, merkezde yer alan dikey yerle\u015ftirilmi\u015f baget kesim p\u0131rlanta ile modern bir zarafet sunar.<\/p>\n<p data-start=\"279\" data-end=\"525\">Minimal tasar\u0131m\u0131 sayesinde tek ba\u015f\u0131na sofistike bir g\u00f6r\u00fcn\u00fcm yarat\u0131rken, di\u011fer y\u00fcz\u00fcklerle kombinlendi\u011finde de kusursuz bir uyum sa\u011flar. \u0130nce alt\u0131n g\u00f6vdesi, baget ta\u015f\u0131n net ve geometrik \u0131\u015f\u0131lt\u0131s\u0131n\u0131 \u00f6n plana \u00e7\u0131kararak sade l\u00fcks anlay\u0131\u015f\u0131n\u0131 yans\u0131t\u0131r.<\/p>\n<p data-start=\"527\" data-end=\"625\">G\u00fcnl\u00fck kullan\u0131m i\u00e7in ideal olan bu y\u00fcz\u00fck, ayn\u0131 zamanda \u00f6zel anlarda da zarif bir tamamlay\u0131c\u0131d\u0131r.<\/p>","protected":false},"excerpt":{"rendered":"<p>Zamans\u0131z \u015f\u0131kl\u0131\u011f\u0131n sade ama etkileyici bir yorumu\u2026 Bu ince formdaki alt\u0131n y\u00fcz\u00fck, merkezde yer alan dikey yerle\u015ftirilmi\u015f baget kesim p\u0131rlanta<\/p>","protected":false},"featured_media":42807,"comment_status":"open","ping_status":"closed","template":"","meta":[],"product_brand":[2718],"product_cat":[76],"product_tag":[289,1127,575,578,577,574,518,576,742,521],"class_list":{"0":"post-42806","1":"product","2":"type-product","3":"status-publish","4":"has-post-thumbnail","6":"product_brand-gasia-casuals","7":"product_cat-yuzuk-modelleri","8":"product_tag-altin-yuzuk","9":"product_tag-baget-pirlanta-yuzuk","10":"product_tag-baguette-diamond-ring","11":"product_tag-dainty-ring","12":"product_tag-gold-ring","13":"product_tag-ince-yuzuk","14":"product_tag-minimal-yuzuk","15":"product_tag-minimalist-ring","16":"product_tag-modern-jewelry","17":"product_tag-modern-yuzuk","18":"pa_cinsiyet-kadin","20":"first","21":"instock","22":"shipping-taxable","23":"product-type-simple"},"_links":{"self":[{"href":"https:\/\/www.gasia.com.tr\/en\/wp-json\/wp\/v2\/product\/42806","targetHints":{"allow":["GET"]}}],"collection":[{"href":"https:\/\/www.gasia.com.tr\/en\/wp-json\/wp\/v2\/product"}],"about":[{"href":"https:\/\/www.gasia.com.tr\/en\/wp-json\/wp\/v2\/types\/product"}],"replies":[{"embeddable":true,"href":"https:\/\/www.gasia.com.tr\/en\/wp-json\/wp\/v2\/comments?post=42806"}],"version-history":[{"count":1,"href":"https:\/\/www.gasia.com.tr\/en\/wp-json\/wp\/v2\/product\/42806\/revisions"}],"predecessor-version":[{"id":42808,"href":"https:\/\/www.gasia.com.tr\/en\/wp-json\/wp\/v2\/product\/42806\/revisions\/42808"}],"wp:featuredmedia":[{"embeddable":true,"href":"https:\/\/www.gasia.com.tr\/en\/wp-json\/wp\/v2\/media\/42807"}],"wp:attachment":[{"href":"https:\/\/www.gasia.com.tr\/en\/wp-json\/wp\/v2\/media?parent=42806"}],"wp:term":[{"taxonomy":"product_brand","embeddable":true,"href":"https:\/\/www.gasia.com.tr\/en\/wp-json\/wp\/v2\/product_brand?post=42806"},{"taxonomy":"product_cat","embeddable":true,"href":"https:\/\/www.gasia.com.tr\/en\/wp-json\/wp\/v2\/product_cat?post=42806"},{"taxonomy":"product_tag","embeddable":true,"href":"https:\/\/www.gasia.com.tr\/en\/wp-json\/wp\/v2\/product_tag?post=42806"}],"curies":[{"name":"wp","href":"https:\/\/api.w.org\/{rel}","templated":true}]}}