{"id":42809,"date":"2026-04-23T00:59:08","date_gmt":"2026-04-22T21:59:08","guid":{"rendered":"https:\/\/www.gasia.com.tr\/?post_type=product&#038;p=42809"},"modified":"2026-04-26T01:02:23","modified_gmt":"2026-04-25T22:02:23","slug":"cift-tas-baget-pirlanta-altin-yuzuk","status":"publish","type":"product","link":"https:\/\/www.gasia.com.tr\/en\/collections\/cift-tas-baget-pirlanta-altin-yuzuk\/","title":{"rendered":"\u00c7ift Ta\u015f Baget P\u0131rlanta Alt\u0131n Y\u00fcz\u00fck"},"content":{"rendered":"<p data-start=\"84\" data-end=\"286\">Modern tasar\u0131m anlay\u0131\u015f\u0131n\u0131n zarif bir yans\u0131mas\u0131\u2026 Bu a\u00e7\u0131k form alt\u0131n y\u00fcz\u00fck, biri kare di\u011feri dikd\u00f6rtgen baget kesim p\u0131rlantalar ile dengeli ve sofistike bir g\u00f6r\u00fcn\u00fcm sunar.<\/p>\n<p data-start=\"288\" data-end=\"527\">Geometrik formlar\u0131n uyumunu yans\u0131tan tasar\u0131m, klasik p\u0131rlanta anlay\u0131\u015f\u0131na \u00e7a\u011fda\u015f bir dokunu\u015f katar. A\u00e7\u0131k u\u00e7lu yap\u0131s\u0131 sayesinde parmakta hafif ve konforlu bir kullan\u0131m sa\u011flarken, minimal \u00e7izgisiyle g\u00fcnl\u00fck \u015f\u0131kl\u0131\u011f\u0131n vazge\u00e7ilmez par\u00e7as\u0131 olur.<\/p>\n<p data-start=\"529\" data-end=\"643\">Tek ba\u015f\u0131na g\u00fc\u00e7l\u00fc bir stil sunan bu y\u00fcz\u00fck, di\u011fer tak\u0131larla kombinlendi\u011finde de modern ve \u00f6zg\u00fcn bir ifade yarat\u0131r.<\/p>","protected":false},"excerpt":{"rendered":"<p>Modern tasar\u0131m anlay\u0131\u015f\u0131n\u0131n zarif bir yans\u0131mas\u0131\u2026 Bu a\u00e7\u0131k form alt\u0131n y\u00fcz\u00fck, biri kare di\u011feri dikd\u00f6rtgen baget kesim p\u0131rlantalar ile dengeli<\/p>","protected":false},"featured_media":42810,"comment_status":"open","ping_status":"closed","template":"","meta":[],"product_brand":[2718],"product_cat":[76],"product_tag":[3701,289,1127,575,1045,577,518,576,597,1049],"class_list":{"0":"post-42809","1":"product","2":"type-product","3":"status-publish","4":"has-post-thumbnail","6":"product_brand-gasia-casuals","7":"product_cat-yuzuk-modelleri","8":"product_tag-acik-yuzuk","9":"product_tag-altin-yuzuk","10":"product_tag-baget-pirlanta-yuzuk","11":"product_tag-baguette-diamond-ring","12":"product_tag-cift-tas-pirlanta-yuzuk","13":"product_tag-gold-ring","14":"product_tag-minimal-yuzuk","15":"product_tag-minimalist-ring","16":"product_tag-open-ring","17":"product_tag-two-stone-diamond-ring","18":"pa_cinsiyet-kadin","20":"first","21":"instock","22":"shipping-taxable","23":"product-type-simple"},"_links":{"self":[{"href":"https:\/\/www.gasia.com.tr\/en\/wp-json\/wp\/v2\/product\/42809","targetHints":{"allow":["GET"]}}],"collection":[{"href":"https:\/\/www.gasia.com.tr\/en\/wp-json\/wp\/v2\/product"}],"about":[{"href":"https:\/\/www.gasia.com.tr\/en\/wp-json\/wp\/v2\/types\/product"}],"replies":[{"embeddable":true,"href":"https:\/\/www.gasia.com.tr\/en\/wp-json\/wp\/v2\/comments?post=42809"}],"version-history":[{"count":1,"href":"https:\/\/www.gasia.com.tr\/en\/wp-json\/wp\/v2\/product\/42809\/revisions"}],"predecessor-version":[{"id":42811,"href":"https:\/\/www.gasia.com.tr\/en\/wp-json\/wp\/v2\/product\/42809\/revisions\/42811"}],"wp:featuredmedia":[{"embeddable":true,"href":"https:\/\/www.gasia.com.tr\/en\/wp-json\/wp\/v2\/media\/42810"}],"wp:attachment":[{"href":"https:\/\/www.gasia.com.tr\/en\/wp-json\/wp\/v2\/media?parent=42809"}],"wp:term":[{"taxonomy":"product_brand","embeddable":true,"href":"https:\/\/www.gasia.com.tr\/en\/wp-json\/wp\/v2\/product_brand?post=42809"},{"taxonomy":"product_cat","embeddable":true,"href":"https:\/\/www.gasia.com.tr\/en\/wp-json\/wp\/v2\/product_cat?post=42809"},{"taxonomy":"product_tag","embeddable":true,"href":"https:\/\/www.gasia.com.tr\/en\/wp-json\/wp\/v2\/product_tag?post=42809"}],"curies":[{"name":"wp","href":"https:\/\/api.w.org\/{rel}","templated":true}]}}