{"id":42812,"date":"2026-04-23T01:00:51","date_gmt":"2026-04-22T22:00:51","guid":{"rendered":"https:\/\/www.gasia.com.tr\/?post_type=product&#038;p=42812"},"modified":"2026-04-26T01:02:54","modified_gmt":"2026-04-25T22:02:54","slug":"oval-kesim-cift-tas-pirlanta-altin-yuzuk","status":"publish","type":"product","link":"https:\/\/www.gasia.com.tr\/en\/collections\/oval-kesim-cift-tas-pirlanta-altin-yuzuk\/","title":{"rendered":"Oval Kesim \u00c7ift Ta\u015f P\u0131rlanta Alt\u0131n Y\u00fcz\u00fck"},"content":{"rendered":"<p data-start=\"82\" data-end=\"272\">Zarif oranlar ve modern tasar\u0131m\u0131n kusursuz dengesi\u2026 Bu a\u00e7\u0131k form alt\u0131n y\u00fcz\u00fck, farkl\u0131 boyutlarda iki adet oval kesim p\u0131rlanta ile sofistike bir g\u00f6r\u00fcn\u00fcm sunar.<\/p>\n<p data-start=\"274\" data-end=\"532\">Biri b\u00fcy\u00fck biri daha k\u00fc\u00e7\u00fck ta\u015f\u0131n olu\u015fturdu\u011fu asimetrik denge, y\u00fcz\u00fc\u011fe hem modern hem de zarif bir karakter kazand\u0131r\u0131r. Parlak alt\u0131n \u00e7er\u00e7eve, p\u0131rlantalar\u0131n \u0131\u015f\u0131lt\u0131s\u0131n\u0131 maksimum d\u00fczeyde \u00f6n plana \u00e7\u0131kar\u0131rken minimal tasar\u0131m anlay\u0131\u015f\u0131n\u0131 g\u00fc\u00e7l\u00fc bir \u015fekilde yans\u0131t\u0131r.<\/p>\n<p data-start=\"534\" data-end=\"641\">G\u00fcnl\u00fck stilinize zarif bir dokunu\u015f katarken, \u00f6zel anlarda da sade ama dikkat \u00e7ekici bir tamamlay\u0131c\u0131 olur.<\/p>","protected":false},"excerpt":{"rendered":"<p>Zarif oranlar ve modern tasar\u0131m\u0131n kusursuz dengesi\u2026 Bu a\u00e7\u0131k form alt\u0131n y\u00fcz\u00fck, farkl\u0131 boyutlarda iki adet oval kesim p\u0131rlanta ile<\/p>","protected":false},"featured_media":42813,"comment_status":"open","ping_status":"closed","template":"","meta":[],"product_brand":[2718],"product_cat":[76],"product_tag":[3701,289,592,577,518,576,597,1054,1052,1064],"class_list":{"0":"post-42812","1":"product","2":"type-product","3":"status-publish","4":"has-post-thumbnail","6":"product_brand-gasia-casuals","7":"product_cat-yuzuk-modelleri","8":"product_tag-acik-yuzuk","9":"product_tag-altin-yuzuk","10":"product_tag-cift-tas-yuzuk","11":"product_tag-gold-ring","12":"product_tag-minimal-yuzuk","13":"product_tag-minimalist-ring","14":"product_tag-open-ring","15":"product_tag-oval-diamond-ring","16":"product_tag-oval-pirlanta-yuzuk","17":"product_tag-two-stone-ring","18":"pa_cinsiyet-kadin","20":"first","21":"instock","22":"shipping-taxable","23":"product-type-simple"},"_links":{"self":[{"href":"https:\/\/www.gasia.com.tr\/en\/wp-json\/wp\/v2\/product\/42812","targetHints":{"allow":["GET"]}}],"collection":[{"href":"https:\/\/www.gasia.com.tr\/en\/wp-json\/wp\/v2\/product"}],"about":[{"href":"https:\/\/www.gasia.com.tr\/en\/wp-json\/wp\/v2\/types\/product"}],"replies":[{"embeddable":true,"href":"https:\/\/www.gasia.com.tr\/en\/wp-json\/wp\/v2\/comments?post=42812"}],"version-history":[{"count":1,"href":"https:\/\/www.gasia.com.tr\/en\/wp-json\/wp\/v2\/product\/42812\/revisions"}],"predecessor-version":[{"id":42814,"href":"https:\/\/www.gasia.com.tr\/en\/wp-json\/wp\/v2\/product\/42812\/revisions\/42814"}],"wp:featuredmedia":[{"embeddable":true,"href":"https:\/\/www.gasia.com.tr\/en\/wp-json\/wp\/v2\/media\/42813"}],"wp:attachment":[{"href":"https:\/\/www.gasia.com.tr\/en\/wp-json\/wp\/v2\/media?parent=42812"}],"wp:term":[{"taxonomy":"product_brand","embeddable":true,"href":"https:\/\/www.gasia.com.tr\/en\/wp-json\/wp\/v2\/product_brand?post=42812"},{"taxonomy":"product_cat","embeddable":true,"href":"https:\/\/www.gasia.com.tr\/en\/wp-json\/wp\/v2\/product_cat?post=42812"},{"taxonomy":"product_tag","embeddable":true,"href":"https:\/\/www.gasia.com.tr\/en\/wp-json\/wp\/v2\/product_tag?post=42812"}],"curies":[{"name":"wp","href":"https:\/\/api.w.org\/{rel}","templated":true}]}}