{"id":42817,"date":"2026-04-26T01:09:49","date_gmt":"2026-04-25T22:09:49","guid":{"rendered":"https:\/\/www.gasia.com.tr\/?post_type=product&#038;p=42817"},"modified":"2026-04-26T01:10:03","modified_gmt":"2026-04-25T22:10:03","slug":"london-blue-topaz-ve-pirlanta-altin-yuzuk","status":"publish","type":"product","link":"https:\/\/www.gasia.com.tr\/en\/collections\/london-blue-topaz-ve-pirlanta-altin-yuzuk\/","title":{"rendered":"London Blue Topaz ve P\u0131rlanta Alt\u0131n Y\u00fcz\u00fck"},"content":{"rendered":"<p data-start=\"90\" data-end=\"263\">Derin ve sofistike tonlar\u0131n zarif yorum. Bu \u00f6zel tasar\u0131m alt\u0131n y\u00fcz\u00fck, merkezde yer alan b\u00fcy\u00fcleyici London Blue Topaz ta\u015f\u0131 ile dikkat \u00e7eker.<\/p>\n<p data-start=\"265\" data-end=\"532\">Markiz kesim formu sayesinde parmakta zarif ve uzun bir siluet olu\u015fturan topaz, etraf\u0131n\u0131 saran \u0131\u015f\u0131lt\u0131l\u0131 p\u0131rlantalar ile daha da \u00f6n plana \u00e7\u0131kar. G\u00f6vde \u00fczerindeki beyaz mine detaylar\u0131, tasar\u0131ma modern bir kontrast katarak y\u00fcz\u00fc\u011fe \u00f6zg\u00fcn bir karakter kazand\u0131r\u0131r.<\/p>\n<p data-start=\"534\" data-end=\"668\">G\u00f6z al\u0131c\u0131 rengi ve dengeli tasar\u0131m\u0131yla bu y\u00fcz\u00fck, hem g\u00fcnl\u00fck stilinizi y\u00fckseltir hem de \u00f6zel anlarda \u015f\u0131kl\u0131\u011f\u0131n\u0131z\u0131n tamamlay\u0131c\u0131s\u0131 olur.<\/p>","protected":false},"excerpt":{"rendered":"<p>Derin ve sofistike tonlar\u0131n zarif yorum. Bu \u00f6zel tasar\u0131m alt\u0131n y\u00fcz\u00fck, merkezde yer alan b\u00fcy\u00fcleyici London Blue Topaz ta\u015f\u0131 ile<\/p>","protected":false},"featured_media":42818,"comment_status":"open","ping_status":"closed","template":"","meta":[],"product_brand":[77],"product_cat":[242,76],"product_tag":[289,2852,577,3703,3702,1046,973,3184,3705,3704],"class_list":{"0":"post-42817","1":"product","2":"type-product","3":"status-publish","4":"has-post-thumbnail","6":"product_brand-gasia","7":"product_cat-retro-mucevher-koleksiyonu","8":"product_cat-yuzuk-modelleri","9":"product_tag-altin-yuzuk","10":"product_tag-enamel-ring","11":"product_tag-gold-ring","12":"product_tag-london-blue-topaz-ring","13":"product_tag-london-blue-topaz-yuzuk","14":"product_tag-markiz-kesim-yuzuk","15":"product_tag-marquise-ring","16":"product_tag-mine-yuzuk","17":"product_tag-topaz-diamond-ring","18":"product_tag-topaz-pirlanta-yuzuk","19":"pa_cinsiyet-kadin","21":"first","22":"instock","23":"shipping-taxable","24":"product-type-simple"},"_links":{"self":[{"href":"https:\/\/www.gasia.com.tr\/en\/wp-json\/wp\/v2\/product\/42817","targetHints":{"allow":["GET"]}}],"collection":[{"href":"https:\/\/www.gasia.com.tr\/en\/wp-json\/wp\/v2\/product"}],"about":[{"href":"https:\/\/www.gasia.com.tr\/en\/wp-json\/wp\/v2\/types\/product"}],"replies":[{"embeddable":true,"href":"https:\/\/www.gasia.com.tr\/en\/wp-json\/wp\/v2\/comments?post=42817"}],"version-history":[{"count":1,"href":"https:\/\/www.gasia.com.tr\/en\/wp-json\/wp\/v2\/product\/42817\/revisions"}],"predecessor-version":[{"id":42819,"href":"https:\/\/www.gasia.com.tr\/en\/wp-json\/wp\/v2\/product\/42817\/revisions\/42819"}],"wp:featuredmedia":[{"embeddable":true,"href":"https:\/\/www.gasia.com.tr\/en\/wp-json\/wp\/v2\/media\/42818"}],"wp:attachment":[{"href":"https:\/\/www.gasia.com.tr\/en\/wp-json\/wp\/v2\/media?parent=42817"}],"wp:term":[{"taxonomy":"product_brand","embeddable":true,"href":"https:\/\/www.gasia.com.tr\/en\/wp-json\/wp\/v2\/product_brand?post=42817"},{"taxonomy":"product_cat","embeddable":true,"href":"https:\/\/www.gasia.com.tr\/en\/wp-json\/wp\/v2\/product_cat?post=42817"},{"taxonomy":"product_tag","embeddable":true,"href":"https:\/\/www.gasia.com.tr\/en\/wp-json\/wp\/v2\/product_tag?post=42817"}],"curies":[{"name":"wp","href":"https:\/\/api.w.org\/{rel}","templated":true}]}}