{"id":42820,"date":"2026-04-26T01:14:03","date_gmt":"2026-04-25T22:14:03","guid":{"rendered":"https:\/\/www.gasia.com.tr\/?post_type=product&#038;p=42820"},"modified":"2026-04-26T01:25:18","modified_gmt":"2026-04-25T22:25:18","slug":"tanzanit-ve-pirlanta-altin-yuzuk","status":"publish","type":"product","link":"https:\/\/www.gasia.com.tr\/en\/collections\/tanzanit-ve-pirlanta-altin-yuzuk\/","title":{"rendered":"Tanzanit ve P\u0131rlanta Alt\u0131n Y\u00fcz\u00fck"},"content":{"rendered":"<p data-start=\"84\" data-end=\"247\">G\u00fc\u00e7l\u00fc tasar\u0131m ve dikkat \u00e7ekici detaylar\u0131n bulu\u015fmas\u0131\u2026 Bu \u00f6zel alt\u0131n y\u00fcz\u00fck, merkezde yer alan g\u00f6z al\u0131c\u0131 tanzanit ta\u015f\u0131 ile \u00f6ne \u00e7\u0131kar.<\/p>\n<p data-start=\"249\" data-end=\"503\">Yast\u0131k (cushion) kesim formundaki tanzanit, etraf\u0131n\u0131 \u00e7evreleyen \u0131\u015f\u0131lt\u0131l\u0131 p\u0131rlantalar ile birlikte derin ve etkileyici bir g\u00f6r\u00fcn\u00fcm sunar. Geni\u015f y\u00fczeyli y\u00fcz\u00fck formuna uygulanan beyaz mine kaplama, tasar\u0131ma modern ve temiz bir kontrast kazand\u0131r\u0131r.<\/p>\n<p data-start=\"505\" data-end=\"622\">G\u00fc\u00e7l\u00fc bir stil ifadesi sunan bu y\u00fcz\u00fck, hem g\u00fcnl\u00fck kombinlerde hem de \u00f6zel anlarda dikkat \u00e7ekici bir tamamlay\u0131c\u0131d\u0131r.<\/p>","protected":false},"excerpt":{"rendered":"<p>G\u00fc\u00e7l\u00fc tasar\u0131m ve dikkat \u00e7ekici detaylar\u0131n bulu\u015fmas\u0131\u2026 Bu \u00f6zel alt\u0131n y\u00fcz\u00fck, merkezde yer alan g\u00f6z al\u0131c\u0131 tanzanit ta\u015f\u0131 ile \u00f6ne<\/p>","protected":false},"featured_media":42821,"comment_status":"open","ping_status":"closed","template":"","meta":[],"product_brand":[77],"product_cat":[269,242,76],"product_tag":[289,1874,3710,3707,3706,2176,3709,3712,3713,565,654,2844,528,2852,1933,566,577,1250,1864,2857,520,653,590,3184,521,3714,2076,335,2175,344,450,599,604,562,3711,3708],"class_list":{"0":"post-42820","1":"product","2":"type-product","3":"status-publish","4":"has-post-thumbnail","6":"product_brand-gasia","7":"product_cat-gem-world-degerli-tasli-mucevher","8":"product_cat-retro-mucevher-koleksiyonu","9":"product_cat-yuzuk-modelleri","10":"product_tag-altin-yuzuk","11":"product_tag-bold-ring","12":"product_tag-buyuk-tas-yuzuk","13":"product_tag-cocktail-ring","14":"product_tag-cocktail-yuzuk","15":"product_tag-colored-stone-ring","16":"product_tag-cushion-cut-ring","17":"product_tag-custom-design-ring","18":"product_tag-davet-yuzugu","19":"product_tag-designer-ring","20":"product_tag-diamond-ring","21":"product_tag-el-yapimi-yuzuk","22":"product_tag-elegant-ring","23":"product_tag-enamel-ring","24":"product_tag-everyday-ring","25":"product_tag-gemstone-ring","26":"product_tag-gold-ring","27":"product_tag-gosterisli-yuzuk","28":"product_tag-gunluk-yuzuk","29":"product_tag-handmade-ring","30":"product_tag-kadin-yuzuk","31":"product_tag-luks-yuzuk","32":"product_tag-luxury-ring","33":"product_tag-mine-yuzuk","34":"product_tag-modern-yuzuk","35":"product_tag-occasion-ring","36":"product_tag-ozel-tasarim-yuzuk","37":"product_tag-pirlanta-yuzuk","38":"product_tag-renkli-tas-yuzuk","39":"product_tag-sik-yuzuk","40":"product_tag-statement-ring","41":"product_tag-tanzanit-yuzuk","42":"product_tag-tanzanite-ring","43":"product_tag-tasli-yuzuk","44":"product_tag-womens-ring","45":"product_tag-yastik-kesim-yuzuk","46":"pa_cinsiyet-kadin","48":"first","49":"instock","50":"shipping-taxable","51":"product-type-simple"},"_links":{"self":[{"href":"https:\/\/www.gasia.com.tr\/en\/wp-json\/wp\/v2\/product\/42820","targetHints":{"allow":["GET"]}}],"collection":[{"href":"https:\/\/www.gasia.com.tr\/en\/wp-json\/wp\/v2\/product"}],"about":[{"href":"https:\/\/www.gasia.com.tr\/en\/wp-json\/wp\/v2\/types\/product"}],"replies":[{"embeddable":true,"href":"https:\/\/www.gasia.com.tr\/en\/wp-json\/wp\/v2\/comments?post=42820"}],"version-history":[{"count":1,"href":"https:\/\/www.gasia.com.tr\/en\/wp-json\/wp\/v2\/product\/42820\/revisions"}],"predecessor-version":[{"id":42822,"href":"https:\/\/www.gasia.com.tr\/en\/wp-json\/wp\/v2\/product\/42820\/revisions\/42822"}],"wp:featuredmedia":[{"embeddable":true,"href":"https:\/\/www.gasia.com.tr\/en\/wp-json\/wp\/v2\/media\/42821"}],"wp:attachment":[{"href":"https:\/\/www.gasia.com.tr\/en\/wp-json\/wp\/v2\/media?parent=42820"}],"wp:term":[{"taxonomy":"product_brand","embeddable":true,"href":"https:\/\/www.gasia.com.tr\/en\/wp-json\/wp\/v2\/product_brand?post=42820"},{"taxonomy":"product_cat","embeddable":true,"href":"https:\/\/www.gasia.com.tr\/en\/wp-json\/wp\/v2\/product_cat?post=42820"},{"taxonomy":"product_tag","embeddable":true,"href":"https:\/\/www.gasia.com.tr\/en\/wp-json\/wp\/v2\/product_tag?post=42820"}],"curies":[{"name":"wp","href":"https:\/\/api.w.org\/{rel}","templated":true}]}}