{"id":42823,"date":"2026-04-26T01:17:19","date_gmt":"2026-04-25T22:17:19","guid":{"rendered":"https:\/\/www.gasia.com.tr\/?post_type=product&#038;p=42823"},"modified":"2026-04-26T01:25:18","modified_gmt":"2026-04-25T22:25:18","slug":"zumrut-ve-pirlanta-altin-yuzuk","status":"publish","type":"product","link":"https:\/\/www.gasia.com.tr\/en\/collections\/zumrut-ve-pirlanta-altin-yuzuk\/","title":{"rendered":"Z\u00fcmr\u00fct ve P\u0131rlanta Alt\u0131n Y\u00fcz\u00fck \u2013 Siyah Mineli Geni\u015f Form Tasar\u0131m"},"content":{"rendered":"<p data-start=\"86\" data-end=\"250\">G\u00fc\u00e7l\u00fc kontrast ve dikkat \u00e7ekici tasar\u0131m\u0131n birle\u015fimi\u2026 Bu \u00f6zel alt\u0131n y\u00fcz\u00fck, merkezde yer alan canl\u0131 renkli z\u00fcmr\u00fct ta\u015f\u0131 ile \u00f6ne \u00e7\u0131kar.<\/p>\n<p data-start=\"252\" data-end=\"544\">Markiz kesim formundaki z\u00fcmr\u00fct, etraf\u0131n\u0131 \u00e7evreleyen \u0131\u015f\u0131lt\u0131l\u0131 p\u0131rlantalar ile birlikte derinlik kazan\u0131rken, geni\u015f y\u00fczeyli g\u00f6vde \u00fczerindeki siyah mine kaplama tasar\u0131ma \u00e7arp\u0131c\u0131 bir karakter verir. Alt\u0131n detaylar ile siyah mine aras\u0131ndaki kontrast, y\u00fcz\u00fc\u011f\u00fcn etkisini daha da g\u00fc\u00e7lendirir.<\/p>\n<p data-start=\"546\" data-end=\"668\">G\u00fc\u00e7l\u00fc bir stil ifadesi sunan bu y\u00fcz\u00fck, tek ba\u015f\u0131na dikkat \u00e7ekici bir par\u00e7a olarak \u00f6ne \u00e7\u0131kar ve kombinlere karakter katar.<\/p>","protected":false},"excerpt":{"rendered":"<p>G\u00fc\u00e7l\u00fc kontrast ve dikkat \u00e7ekici tasar\u0131m\u0131n birle\u015fimi\u2026 Bu \u00f6zel alt\u0131n y\u00fcz\u00fck, merkezde yer alan canl\u0131 renkli z\u00fcmr\u00fct ta\u015f\u0131 ile \u00f6ne<\/p>","protected":false},"featured_media":42827,"comment_status":"open","ping_status":"closed","template":"","meta":[],"product_brand":[77],"product_cat":[269,242,76],"product_tag":[289,1138,3710,3707,3706,1934,3712,565,2844,1062,526,717,577,3246,2857,520,1046,3715,521,2076,2175,1134,450,340,3716,3711,532,530],"class_list":{"0":"post-42823","1":"product","2":"type-product","3":"status-publish","4":"has-post-thumbnail","6":"product_brand-gasia","7":"product_cat-gem-world-degerli-tasli-mucevher","8":"product_cat-retro-mucevher-koleksiyonu","9":"product_cat-yuzuk-modelleri","10":"product_tag-altin-yuzuk","11":"product_tag-black-enamel-ring","12":"product_tag-buyuk-tas-yuzuk","13":"product_tag-cocktail-ring","14":"product_tag-cocktail-yuzuk","15":"product_tag-contemporary-ring","16":"product_tag-custom-design-ring","17":"product_tag-designer-ring","18":"product_tag-el-yapimi-yuzuk","19":"product_tag-emerald-diamond-ring","20":"product_tag-emerald-ring","21":"product_tag-genis-yuzuk","22":"product_tag-gold-ring","23":"product_tag-green-gemstone-ring","24":"product_tag-handmade-ring","25":"product_tag-kadin-yuzuk","26":"product_tag-markiz-kesim-yuzuk","27":"product_tag-marquise-cut-ring","28":"product_tag-modern-yuzuk","29":"product_tag-ozel-tasarim-yuzuk","30":"product_tag-renkli-tas-yuzuk","31":"product_tag-siyah-mine-yuzuk","32":"product_tag-statement-ring","33":"product_tag-tasarim-yuzuk","34":"product_tag-wide-band-ring","35":"product_tag-womens-ring","36":"product_tag-zumrut-pirlanta-yuzuk","37":"product_tag-zumrut-yuzuk","38":"pa_cinsiyet-kadin","40":"first","41":"instock","42":"shipping-taxable","43":"product-type-simple"},"_links":{"self":[{"href":"https:\/\/www.gasia.com.tr\/en\/wp-json\/wp\/v2\/product\/42823","targetHints":{"allow":["GET"]}}],"collection":[{"href":"https:\/\/www.gasia.com.tr\/en\/wp-json\/wp\/v2\/product"}],"about":[{"href":"https:\/\/www.gasia.com.tr\/en\/wp-json\/wp\/v2\/types\/product"}],"replies":[{"embeddable":true,"href":"https:\/\/www.gasia.com.tr\/en\/wp-json\/wp\/v2\/comments?post=42823"}],"version-history":[{"count":1,"href":"https:\/\/www.gasia.com.tr\/en\/wp-json\/wp\/v2\/product\/42823\/revisions"}],"predecessor-version":[{"id":42825,"href":"https:\/\/www.gasia.com.tr\/en\/wp-json\/wp\/v2\/product\/42823\/revisions\/42825"}],"wp:featuredmedia":[{"embeddable":true,"href":"https:\/\/www.gasia.com.tr\/en\/wp-json\/wp\/v2\/media\/42827"}],"wp:attachment":[{"href":"https:\/\/www.gasia.com.tr\/en\/wp-json\/wp\/v2\/media?parent=42823"}],"wp:term":[{"taxonomy":"product_brand","embeddable":true,"href":"https:\/\/www.gasia.com.tr\/en\/wp-json\/wp\/v2\/product_brand?post=42823"},{"taxonomy":"product_cat","embeddable":true,"href":"https:\/\/www.gasia.com.tr\/en\/wp-json\/wp\/v2\/product_cat?post=42823"},{"taxonomy":"product_tag","embeddable":true,"href":"https:\/\/www.gasia.com.tr\/en\/wp-json\/wp\/v2\/product_tag?post=42823"}],"curies":[{"name":"wp","href":"https:\/\/api.w.org\/{rel}","templated":true}]}}