{"id":42828,"date":"2026-04-26T01:24:14","date_gmt":"2026-04-25T22:24:14","guid":{"rendered":"https:\/\/www.gasia.com.tr\/?post_type=product&#038;p=42828"},"modified":"2026-04-26T01:25:18","modified_gmt":"2026-04-25T22:25:18","slug":"aquamarin-ve-pirlanta-altin-yuzuk-beyaz-mineli-genis-form-tasarim","status":"publish","type":"product","link":"https:\/\/www.gasia.com.tr\/en\/collections\/aquamarin-ve-pirlanta-altin-yuzuk-beyaz-mineli-genis-form-tasarim\/","title":{"rendered":"Aquamarin ve P\u0131rlanta Alt\u0131n Y\u00fcz\u00fck \u2013 Beyaz Mineli Geni\u015f Form Tasar\u0131m"},"content":{"rendered":"<p data-start=\"89\" data-end=\"266\">Ferahl\u0131k hissi veren tonlar ve g\u00fc\u00e7l\u00fc formun birle\u015fimi\u2026 Bu \u00f6zel tasar\u0131m alt\u0131n y\u00fcz\u00fck, merkezde yer alan \u0131\u015f\u0131l \u0131\u015f\u0131l aquamarin ta\u015f\u0131 ile dikkat \u00e7eker.<\/p>\n<p data-start=\"268\" data-end=\"512\">Damla (pear) kesim aquamarin, etraf\u0131n\u0131 \u00e7evreleyen ince p\u0131rlanta \u00e7er\u00e7eve ile birlikte daha parlak ve belirgin bir g\u00f6r\u00fcn\u00fcm sunar. Geni\u015f y\u00fczeyli y\u00fcz\u00fck formu \u00fczerindeki beyaz mine kaplama, tasar\u0131ma temiz ve modern bir kontrast kazand\u0131r\u0131r.<\/p>\n<p data-start=\"514\" data-end=\"643\">Renkli ta\u015f\u0131n enerjisini g\u00fc\u00e7l\u00fc bir form ile birle\u015ftiren bu y\u00fcz\u00fck, tek ba\u015f\u0131na \u00f6ne \u00e7\u0131kan ve stilinize karakter katan bir par\u00e7ad\u0131r.<\/p>","protected":false},"excerpt":{"rendered":"<p>Ferahl\u0131k hissi veren tonlar ve g\u00fc\u00e7l\u00fc formun birle\u015fimi\u2026 Bu \u00f6zel tasar\u0131m alt\u0131n y\u00fcz\u00fck, merkezde yer alan \u0131\u015f\u0131l \u0131\u015f\u0131l aquamarin ta\u015f\u0131<\/p>","protected":false},"featured_media":42829,"comment_status":"open","ping_status":"closed","template":"","meta":[],"product_brand":[77],"product_cat":[242,269,76],"product_tag":[289,3717,3487,3718,3489,3628,964,3710,3707,3706,1934,593,565,717,577,520,521,594,2175,450,340,3629,3716,3711],"class_list":{"0":"post-42828","1":"product","2":"type-product","3":"status-publish","4":"has-post-thumbnail","6":"product_brand-gasia","7":"product_cat-retro-mucevher-koleksiyonu","8":"product_cat-gem-world-degerli-tasli-mucevher","9":"product_cat-yuzuk-modelleri","10":"product_tag-altin-yuzuk","11":"product_tag-aquamarin-pirlanta-yuzuk","12":"product_tag-aquamarin-yuzuk","13":"product_tag-aquamarine-diamond-ring","14":"product_tag-aquamarine-ring","15":"product_tag-beyaz-mine-yuzuk","16":"product_tag-blue-gemstone-ring","17":"product_tag-buyuk-tas-yuzuk","18":"product_tag-cocktail-ring","19":"product_tag-cocktail-yuzuk","20":"product_tag-contemporary-ring","21":"product_tag-damla-kesim-yuzuk","22":"product_tag-designer-ring","23":"product_tag-genis-yuzuk","24":"product_tag-gold-ring","25":"product_tag-kadin-yuzuk","26":"product_tag-modern-yuzuk","27":"product_tag-pear-cut-ring","28":"product_tag-renkli-tas-yuzuk","29":"product_tag-statement-ring","30":"product_tag-tasarim-yuzuk","31":"product_tag-white-enamel-ring","32":"product_tag-wide-band-ring","33":"product_tag-womens-ring","34":"pa_cinsiyet-kadin","36":"first","37":"instock","38":"shipping-taxable","39":"product-type-simple"},"_links":{"self":[{"href":"https:\/\/www.gasia.com.tr\/en\/wp-json\/wp\/v2\/product\/42828","targetHints":{"allow":["GET"]}}],"collection":[{"href":"https:\/\/www.gasia.com.tr\/en\/wp-json\/wp\/v2\/product"}],"about":[{"href":"https:\/\/www.gasia.com.tr\/en\/wp-json\/wp\/v2\/types\/product"}],"replies":[{"embeddable":true,"href":"https:\/\/www.gasia.com.tr\/en\/wp-json\/wp\/v2\/comments?post=42828"}],"version-history":[{"count":1,"href":"https:\/\/www.gasia.com.tr\/en\/wp-json\/wp\/v2\/product\/42828\/revisions"}],"predecessor-version":[{"id":42830,"href":"https:\/\/www.gasia.com.tr\/en\/wp-json\/wp\/v2\/product\/42828\/revisions\/42830"}],"wp:featuredmedia":[{"embeddable":true,"href":"https:\/\/www.gasia.com.tr\/en\/wp-json\/wp\/v2\/media\/42829"}],"wp:attachment":[{"href":"https:\/\/www.gasia.com.tr\/en\/wp-json\/wp\/v2\/media?parent=42828"}],"wp:term":[{"taxonomy":"product_brand","embeddable":true,"href":"https:\/\/www.gasia.com.tr\/en\/wp-json\/wp\/v2\/product_brand?post=42828"},{"taxonomy":"product_cat","embeddable":true,"href":"https:\/\/www.gasia.com.tr\/en\/wp-json\/wp\/v2\/product_cat?post=42828"},{"taxonomy":"product_tag","embeddable":true,"href":"https:\/\/www.gasia.com.tr\/en\/wp-json\/wp\/v2\/product_tag?post=42828"}],"curies":[{"name":"wp","href":"https:\/\/api.w.org\/{rel}","templated":true}]}}