{"id":42834,"date":"2026-04-26T19:49:11","date_gmt":"2026-04-26T16:49:11","guid":{"rendered":"https:\/\/www.gasia.com.tr\/?post_type=product&#038;p=42834"},"modified":"2026-04-26T19:59:42","modified_gmt":"2026-04-26T16:59:42","slug":"pirlanta-tasli-cicek-formlu-kolye","status":"publish","type":"product","link":"https:\/\/www.gasia.com.tr\/en\/collections\/pirlanta-tasli-cicek-formlu-kolye\/","title":{"rendered":"P\u0131rlanta Ta\u015fl\u0131 \u00c7i\u00e7ek Formlu Kolye"},"content":{"rendered":"<p data-start=\"83\" data-end=\"322\">Be\u015f yaprakl\u0131 \u00e7i\u00e7ek formuyla tasarlanan bu p\u0131rlanta kolye, dengeli ve net bir g\u00f6r\u00fcn\u00fcm sunar. Her bir yaprakta yer alan markiz kesim ta\u015flar, merkezdeki yuvarlak ta\u015f ile birle\u015ferek g\u00fc\u00e7l\u00fc bir \u0131\u015f\u0131k etkisi olu\u015fturur.<\/p>\n<p data-start=\"324\" data-end=\"531\">Beyaz alt\u0131n zemin \u00fczerine yerle\u015ftirilen p\u0131rlanta detaylar, tasar\u0131m\u0131n tamam\u0131nda parlakl\u0131\u011f\u0131 e\u015fit \u015fekilde da\u011f\u0131tarak dikkat \u00e7ekici bir b\u00fct\u00fcnl\u00fck sa\u011flar. Simetrik yap\u0131s\u0131 sayesinde sade ama etkili bir stil sunar.<\/p>\n<p data-start=\"533\" data-end=\"713\">G\u00fcnl\u00fck kullan\u0131mdan \u00f6zel davetlere kadar geni\u015f bir kullan\u0131m alan\u0131na sahip olan bu kolye, tek ba\u015f\u0131na \u00f6ne \u00e7\u0131kan bir par\u00e7ad\u0131r. Hediye alternatifleri aras\u0131nda da g\u00fc\u00e7l\u00fc bir se\u00e7enektir.<\/p>","protected":false},"excerpt":{"rendered":"<p>Be\u015f yaprakl\u0131 \u00e7i\u00e7ek formuyla tasarlanan bu p\u0131rlanta kolye, dengeli ve net bir g\u00f6r\u00fcn\u00fcm sunar. Her bir yaprakta yer alan markiz<\/p>","protected":false},"featured_media":42835,"comment_status":"open","ping_status":"closed","template":"","meta":[],"product_brand":[77],"product_cat":[75],"product_tag":[2353,2703,633,294,1637,2708,811,1641,1640,473,3725,3726,483,276,329,2938,1632,476],"class_list":{"0":"post-42834","1":"product","2":"type-product","3":"status-publish","4":"has-post-thumbnail","6":"product_brand-gasia","7":"product_cat-kolye","8":"product_tag-beyaz-altin-kolye","9":"product_tag-cicek-kolye","10":"product_tag-designer-necklace","11":"product_tag-diamond-necklace","12":"product_tag-elegant-necklace","13":"product_tag-flower-necklace","14":"product_tag-gemstone-necklace","15":"product_tag-gift-necklace","16":"product_tag-hediye-kolye","17":"product_tag-kadin-kolye","18":"product_tag-markiz-kesim-kolye","19":"product_tag-marquise-cut-necklace","20":"product_tag-ozel-tasarim-kolye","21":"product_tag-pirlanta-kolye","22":"product_tag-tasli-kolye","23":"product_tag-white-gold-necklace","24":"product_tag-women-necklace","25":"product_tag-zarif-kolye","26":"pa_cinsiyet-kadin","28":"first","29":"instock","30":"shipping-taxable","31":"product-type-simple"},"_links":{"self":[{"href":"https:\/\/www.gasia.com.tr\/en\/wp-json\/wp\/v2\/product\/42834","targetHints":{"allow":["GET"]}}],"collection":[{"href":"https:\/\/www.gasia.com.tr\/en\/wp-json\/wp\/v2\/product"}],"about":[{"href":"https:\/\/www.gasia.com.tr\/en\/wp-json\/wp\/v2\/types\/product"}],"replies":[{"embeddable":true,"href":"https:\/\/www.gasia.com.tr\/en\/wp-json\/wp\/v2\/comments?post=42834"}],"version-history":[{"count":1,"href":"https:\/\/www.gasia.com.tr\/en\/wp-json\/wp\/v2\/product\/42834\/revisions"}],"predecessor-version":[{"id":42836,"href":"https:\/\/www.gasia.com.tr\/en\/wp-json\/wp\/v2\/product\/42834\/revisions\/42836"}],"wp:featuredmedia":[{"embeddable":true,"href":"https:\/\/www.gasia.com.tr\/en\/wp-json\/wp\/v2\/media\/42835"}],"wp:attachment":[{"href":"https:\/\/www.gasia.com.tr\/en\/wp-json\/wp\/v2\/media?parent=42834"}],"wp:term":[{"taxonomy":"product_brand","embeddable":true,"href":"https:\/\/www.gasia.com.tr\/en\/wp-json\/wp\/v2\/product_brand?post=42834"},{"taxonomy":"product_cat","embeddable":true,"href":"https:\/\/www.gasia.com.tr\/en\/wp-json\/wp\/v2\/product_cat?post=42834"},{"taxonomy":"product_tag","embeddable":true,"href":"https:\/\/www.gasia.com.tr\/en\/wp-json\/wp\/v2\/product_tag?post=42834"}],"curies":[{"name":"wp","href":"https:\/\/api.w.org\/{rel}","templated":true}]}}