{"id":42837,"date":"2026-04-26T19:51:46","date_gmt":"2026-04-26T16:51:46","guid":{"rendered":"https:\/\/www.gasia.com.tr\/?post_type=product&#038;p=42837"},"modified":"2026-04-26T19:59:42","modified_gmt":"2026-04-26T16:59:42","slug":"pirlanta-tasli-mendil-form-kolye","status":"publish","type":"product","link":"https:\/\/www.gasia.com.tr\/en\/collections\/pirlanta-tasli-mendil-form-kolye\/","title":{"rendered":"P\u0131rlanta Ta\u015fl\u0131 Mendil Form Kolye"},"content":{"rendered":"<p data-start=\"89\" data-end=\"326\">Mendil formundan ilham alan bu p\u0131rlanta kolye, ak\u0131\u015fkan ve katmanl\u0131 yap\u0131s\u0131yla dikkat \u00e7eker. Dalgal\u0131 y\u00fczey \u00fczerine yerle\u015ftirilen p\u0131rlanta ta\u015flar, \u0131\u015f\u0131\u011f\u0131 farkl\u0131 a\u00e7\u0131lardan yans\u0131tarak yo\u011fun bir parlakl\u0131k olu\u015fturur.<\/p>\n<p data-start=\"328\" data-end=\"515\">\u0130ki renk alt\u0131n\u0131n birlikte kullan\u0131ld\u0131\u011f\u0131 tasar\u0131mda, ortadaki s\u0131cak ton ge\u00e7i\u015fi kolyeye derinlik kazand\u0131r\u0131r. Mendil etkisi veren k\u0131vr\u0131ml\u0131 form, harekete ve yumu\u015fak bir g\u00f6r\u00fcn\u00fcme vurgu yapar.<\/p>\n<p data-start=\"517\" data-end=\"671\">Boyunda belirgin bir odak yaratan bu model, g\u00fc\u00e7l\u00fc stil arayanlar i\u00e7in \u00f6ne \u00e7\u0131kar. \u00d6zel g\u00fcnlerde veya dikkat \u00e7ekici kombinlerde rahatl\u0131kla kullan\u0131labilir.<\/p>","protected":false},"excerpt":{"rendered":"<p>Mendil formundan ilham alan bu p\u0131rlanta kolye, ak\u0131\u015fkan ve katmanl\u0131 yap\u0131s\u0131yla dikkat \u00e7eker. Dalgal\u0131 y\u00fczey \u00fczerine yerle\u015ftirilen p\u0131rlanta ta\u015flar, \u0131\u015f\u0131\u011f\u0131<\/p>","protected":false},"featured_media":42838,"comment_status":"open","ping_status":"closed","template":"","meta":[],"product_brand":[77],"product_cat":[75],"product_tag":[278,633,294,811,322,3553,3729,473,3727,483,276,3728,489,329,3730,1632],"class_list":{"0":"post-42837","1":"product","2":"type-product","3":"status-publish","4":"has-post-thumbnail","6":"product_brand-gasia","7":"product_cat-kolye","8":"product_tag-altin-kolye","9":"product_tag-designer-necklace","10":"product_tag-diamond-necklace","11":"product_tag-gemstone-necklace","12":"product_tag-gold-necklace","13":"product_tag-gosterisli-kolye","14":"product_tag-iki-renk-altin-kolye","15":"product_tag-kadin-kolye","16":"product_tag-mendil-kolye","17":"product_tag-ozel-tasarim-kolye","18":"product_tag-pirlanta-kolye","19":"product_tag-scarf-inspired-necklace","20":"product_tag-statement-necklace","21":"product_tag-tasli-kolye","22":"product_tag-two-tone-gold-necklace","23":"product_tag-women-necklace","24":"pa_cinsiyet-kadin","26":"first","27":"instock","28":"shipping-taxable","29":"product-type-simple"},"_links":{"self":[{"href":"https:\/\/www.gasia.com.tr\/en\/wp-json\/wp\/v2\/product\/42837","targetHints":{"allow":["GET"]}}],"collection":[{"href":"https:\/\/www.gasia.com.tr\/en\/wp-json\/wp\/v2\/product"}],"about":[{"href":"https:\/\/www.gasia.com.tr\/en\/wp-json\/wp\/v2\/types\/product"}],"replies":[{"embeddable":true,"href":"https:\/\/www.gasia.com.tr\/en\/wp-json\/wp\/v2\/comments?post=42837"}],"version-history":[{"count":1,"href":"https:\/\/www.gasia.com.tr\/en\/wp-json\/wp\/v2\/product\/42837\/revisions"}],"predecessor-version":[{"id":42839,"href":"https:\/\/www.gasia.com.tr\/en\/wp-json\/wp\/v2\/product\/42837\/revisions\/42839"}],"wp:featuredmedia":[{"embeddable":true,"href":"https:\/\/www.gasia.com.tr\/en\/wp-json\/wp\/v2\/media\/42838"}],"wp:attachment":[{"href":"https:\/\/www.gasia.com.tr\/en\/wp-json\/wp\/v2\/media?parent=42837"}],"wp:term":[{"taxonomy":"product_brand","embeddable":true,"href":"https:\/\/www.gasia.com.tr\/en\/wp-json\/wp\/v2\/product_brand?post=42837"},{"taxonomy":"product_cat","embeddable":true,"href":"https:\/\/www.gasia.com.tr\/en\/wp-json\/wp\/v2\/product_cat?post=42837"},{"taxonomy":"product_tag","embeddable":true,"href":"https:\/\/www.gasia.com.tr\/en\/wp-json\/wp\/v2\/product_tag?post=42837"}],"curies":[{"name":"wp","href":"https:\/\/api.w.org\/{rel}","templated":true}]}}