{"id":42845,"date":"2026-04-26T21:09:24","date_gmt":"2026-04-26T18:09:24","guid":{"rendered":"https:\/\/www.gasia.com.tr\/?post_type=product&#038;p=42845"},"modified":"2026-04-26T21:14:27","modified_gmt":"2026-04-26T18:14:27","slug":"safir-ve-zumrut-tasli-pirlanta-kolye","status":"publish","type":"product","link":"https:\/\/www.gasia.com.tr\/en\/collections\/safir-ve-zumrut-tasli-pirlanta-kolye\/","title":{"rendered":"Safir ve Z\u00fcmr\u00fct Ta\u015fl\u0131 P\u0131rlanta Kolye"},"content":{"rendered":"<p data-start=\"84\" data-end=\"360\">Farkl\u0131 ta\u015flar\u0131n bir araya geldi\u011fi bu \u00e7ok ta\u015fl\u0131 kolye, g\u00fc\u00e7l\u00fc bir g\u00f6rsel kompozisyon sunar. Merkezde yer alan oval kesim safir ta\u015f, tasar\u0131m\u0131n odak noktas\u0131n\u0131 olu\u015ftururken \u00e7evresine yerle\u015ftirilen z\u00fcmr\u00fct ve p\u0131rlanta detaylar dengeli bir da\u011f\u0131l\u0131m sa\u011flar.<\/p>\n<p data-start=\"362\" data-end=\"612\">Alt\u0131n zemin \u00fczerine kurulu a\u00e7\u0131k form yap\u0131, ta\u015flar\u0131n tek tek \u00f6ne \u00e7\u0131kmas\u0131na olanak tan\u0131r. Mavi ve ye\u015fil tonlar\u0131n birle\u015fimi, kontrast ve derinlik etkisi yarat\u0131r. \u0130nce i\u015f\u00e7ilikle olu\u015fturulan geometrik ba\u011flant\u0131lar tasar\u0131ma modern bir karakter kazand\u0131r\u0131r.<\/p>\n<p data-start=\"614\" data-end=\"746\">Boyunda dikkat \u00e7eken bir merkez olu\u015fturan bu kolye, \u00f6zel g\u00fcnlerde veya iddial\u0131 kombinlerde tercih edilebilecek g\u00fc\u00e7l\u00fc bir par\u00e7ad\u0131r.<\/p>","protected":false},"excerpt":{"rendered":"<p>Farkl\u0131 ta\u015flar\u0131n bir araya geldi\u011fi bu \u00e7ok ta\u015fl\u0131 kolye, g\u00fc\u00e7l\u00fc bir g\u00f6rsel kompozisyon sunar. Merkezde yer alan oval kesim safir<\/p>","protected":false},"featured_media":42846,"comment_status":"open","ping_status":"closed","template":"","meta":[],"product_brand":[77],"product_cat":[269,75],"product_tag":[278,2641,3700,633,294,1408,811,322,473,2651,483,276,2640,1794,1795,329,1632,1401],"class_list":{"0":"post-42845","1":"product","2":"type-product","3":"status-publish","4":"has-post-thumbnail","6":"product_brand-gasia","7":"product_cat-gem-world-degerli-tasli-mucevher","8":"product_cat-kolye","9":"product_tag-altin-kolye","10":"product_tag-cok-tasli-kolye","11":"product_tag-colorful-stone-necklace","12":"product_tag-designer-necklace","13":"product_tag-diamond-necklace","14":"product_tag-emerald-necklace","15":"product_tag-gemstone-necklace","16":"product_tag-gold-necklace","17":"product_tag-kadin-kolye","18":"product_tag-multi-stone-necklace","19":"product_tag-ozel-tasarim-kolye","20":"product_tag-pirlanta-kolye","21":"product_tag-renkli-tas-kolye","22":"product_tag-safir-kolye","23":"product_tag-sapphire-necklace","24":"product_tag-tasli-kolye","25":"product_tag-women-necklace","26":"product_tag-zumrut-kolye","27":"pa_cinsiyet-kadin","29":"first","30":"instock","31":"shipping-taxable","32":"product-type-simple"},"_links":{"self":[{"href":"https:\/\/www.gasia.com.tr\/en\/wp-json\/wp\/v2\/product\/42845","targetHints":{"allow":["GET"]}}],"collection":[{"href":"https:\/\/www.gasia.com.tr\/en\/wp-json\/wp\/v2\/product"}],"about":[{"href":"https:\/\/www.gasia.com.tr\/en\/wp-json\/wp\/v2\/types\/product"}],"replies":[{"embeddable":true,"href":"https:\/\/www.gasia.com.tr\/en\/wp-json\/wp\/v2\/comments?post=42845"}],"version-history":[{"count":2,"href":"https:\/\/www.gasia.com.tr\/en\/wp-json\/wp\/v2\/product\/42845\/revisions"}],"predecessor-version":[{"id":42848,"href":"https:\/\/www.gasia.com.tr\/en\/wp-json\/wp\/v2\/product\/42845\/revisions\/42848"}],"wp:featuredmedia":[{"embeddable":true,"href":"https:\/\/www.gasia.com.tr\/en\/wp-json\/wp\/v2\/media\/42846"}],"wp:attachment":[{"href":"https:\/\/www.gasia.com.tr\/en\/wp-json\/wp\/v2\/media?parent=42845"}],"wp:term":[{"taxonomy":"product_brand","embeddable":true,"href":"https:\/\/www.gasia.com.tr\/en\/wp-json\/wp\/v2\/product_brand?post=42845"},{"taxonomy":"product_cat","embeddable":true,"href":"https:\/\/www.gasia.com.tr\/en\/wp-json\/wp\/v2\/product_cat?post=42845"},{"taxonomy":"product_tag","embeddable":true,"href":"https:\/\/www.gasia.com.tr\/en\/wp-json\/wp\/v2\/product_tag?post=42845"}],"curies":[{"name":"wp","href":"https:\/\/api.w.org\/{rel}","templated":true}]}}