{"id":42849,"date":"2026-04-26T21:11:36","date_gmt":"2026-04-26T18:11:36","guid":{"rendered":"https:\/\/www.gasia.com.tr\/?post_type=product&#038;p=42849"},"modified":"2026-04-26T21:13:39","modified_gmt":"2026-04-26T18:13:39","slug":"firuze-tasli-pirlanta-kolye-2","status":"publish","type":"product","link":"https:\/\/www.gasia.com.tr\/en\/collections\/firuze-tasli-pirlanta-kolye-2\/","title":{"rendered":"Firuze Ta\u015fl\u0131 P\u0131rlanta Kolye"},"content":{"rendered":"<p data-start=\"79\" data-end=\"333\">Canl\u0131 turkuaz tonuyla \u00f6ne \u00e7\u0131kan bu firuze ta\u015fl\u0131 kolye, merkezde yer alan oval kesim ta\u015f ile dikkat \u00e7eker. Etraf\u0131n\u0131 saran p\u0131rlanta detaylar, ta\u015f\u0131n rengini daha belirgin hale getirirken tasar\u0131ma \u0131\u015f\u0131lt\u0131l\u0131 bir \u00e7er\u00e7eve kazand\u0131r\u0131r.<\/p>\n<p data-start=\"335\" data-end=\"538\">\u00dcst b\u00f6l\u00fcmde yer alan ince ta\u015f dizilimi ve alt k\u0131s\u0131mdaki damla formdaki p\u0131rlanta, kolyeye hareketli bir yap\u0131 kazand\u0131r\u0131r. Alt\u0131n zemin \u00fczerinde y\u00fckselen bu kompozisyon, dengeli ve ak\u0131c\u0131 bir g\u00f6r\u00fcn\u00fcm sunar.<\/p>\n<p data-start=\"540\" data-end=\"674\">Hem g\u00fcnl\u00fck kullan\u0131mda hem de \u00f6zel anlarda rahatl\u0131kla tercih edilebilecek bu model, renkli ta\u015f sevenler i\u00e7in g\u00fc\u00e7l\u00fc bir alternatiftir.<\/p>","protected":false},"excerpt":{"rendered":"<p>Canl\u0131 turkuaz tonuyla \u00f6ne \u00e7\u0131kan bu firuze ta\u015fl\u0131 kolye, merkezde yer alan oval kesim ta\u015f ile dikkat \u00e7eker. Etraf\u0131n\u0131 saran<\/p>","protected":false},"featured_media":42850,"comment_status":"open","ping_status":"closed","template":"","meta":[],"product_brand":[2718,77],"product_cat":[75],"product_tag":[278,1607,1824,294,1825,1637,1093,811,322,473,276,329,1341,1095,1632,476],"class_list":{"0":"post-42849","1":"product","2":"type-product","3":"status-publish","4":"has-post-thumbnail","6":"product_brand-gasia-casuals","7":"product_brand-gasia","8":"product_cat-kolye","9":"product_tag-altin-kolye","10":"product_tag-blue-stone-necklace","11":"product_tag-damla-kolye","12":"product_tag-diamond-necklace","13":"product_tag-drop-necklace","14":"product_tag-elegant-necklace","15":"product_tag-firuze-kolye","16":"product_tag-gemstone-necklace","17":"product_tag-gold-necklace","18":"product_tag-kadin-kolye","19":"product_tag-pirlanta-kolye","20":"product_tag-tasli-kolye","21":"product_tag-turkuaz-tas-kolye","22":"product_tag-turquoise-necklace","23":"product_tag-women-necklace","24":"product_tag-zarif-kolye","25":"pa_cinsiyet-kadin","27":"first","28":"instock","29":"shipping-taxable","30":"product-type-simple"},"_links":{"self":[{"href":"https:\/\/www.gasia.com.tr\/en\/wp-json\/wp\/v2\/product\/42849","targetHints":{"allow":["GET"]}}],"collection":[{"href":"https:\/\/www.gasia.com.tr\/en\/wp-json\/wp\/v2\/product"}],"about":[{"href":"https:\/\/www.gasia.com.tr\/en\/wp-json\/wp\/v2\/types\/product"}],"replies":[{"embeddable":true,"href":"https:\/\/www.gasia.com.tr\/en\/wp-json\/wp\/v2\/comments?post=42849"}],"version-history":[{"count":1,"href":"https:\/\/www.gasia.com.tr\/en\/wp-json\/wp\/v2\/product\/42849\/revisions"}],"predecessor-version":[{"id":42851,"href":"https:\/\/www.gasia.com.tr\/en\/wp-json\/wp\/v2\/product\/42849\/revisions\/42851"}],"wp:featuredmedia":[{"embeddable":true,"href":"https:\/\/www.gasia.com.tr\/en\/wp-json\/wp\/v2\/media\/42850"}],"wp:attachment":[{"href":"https:\/\/www.gasia.com.tr\/en\/wp-json\/wp\/v2\/media?parent=42849"}],"wp:term":[{"taxonomy":"product_brand","embeddable":true,"href":"https:\/\/www.gasia.com.tr\/en\/wp-json\/wp\/v2\/product_brand?post=42849"},{"taxonomy":"product_cat","embeddable":true,"href":"https:\/\/www.gasia.com.tr\/en\/wp-json\/wp\/v2\/product_cat?post=42849"},{"taxonomy":"product_tag","embeddable":true,"href":"https:\/\/www.gasia.com.tr\/en\/wp-json\/wp\/v2\/product_tag?post=42849"}],"curies":[{"name":"wp","href":"https:\/\/api.w.org\/{rel}","templated":true}]}}