{"id":42853,"date":"2026-04-26T21:19:13","date_gmt":"2026-04-26T18:19:13","guid":{"rendered":"https:\/\/www.gasia.com.tr\/?post_type=product&#038;p=42853"},"modified":"2026-04-26T21:28:05","modified_gmt":"2026-04-26T18:28:05","slug":"nazar-boncuklu-bileklik","status":"publish","type":"product","link":"https:\/\/www.gasia.com.tr\/en\/collections\/nazar-boncuklu-bileklik\/","title":{"rendered":"Nazar Boncuklu Bileklik"},"content":{"rendered":"<p data-start=\"84\" data-end=\"349\">\u0130nce zincir \u00fczerine yerle\u015ftirilen g\u00f6z formundaki nazar boncuklar\u0131 ile tasarlanan bu nazar boncuklu bileklik, modern ve anlaml\u0131 bir g\u00f6r\u00fcn\u00fcm sunar. Mavi-beyaz tonlardaki g\u00f6z fig\u00fcrleri, bileklik boyunca dengeli \u015fekilde konumland\u0131r\u0131lm\u0131\u015ft\u0131r.<\/p>\n<p data-start=\"351\" data-end=\"561\">Aralara serpi\u015ftirilen p\u0131rlanta detaylar, tasar\u0131ma \u0131\u015f\u0131lt\u0131 katarken genel g\u00f6r\u00fcn\u00fcm\u00fc daha canl\u0131 hale getirir. Beyaz alt\u0131n zincir, hem g\u00fcnl\u00fck kullan\u0131m hem de kombin tamamlay\u0131c\u0131 olarak rahatl\u0131kla tercih edilebilir.<\/p>\n<p data-start=\"563\" data-end=\"671\">Sade ama dikkat \u00e7ekici yap\u0131s\u0131yla \u00f6ne \u00e7\u0131kan bu model, anlam y\u00fckl\u00fc tak\u0131 arayanlar i\u00e7in ideal bir se\u00e7enektir.<\/p>","protected":false},"excerpt":{"rendered":"<p>\u0130nce zincir \u00fczerine yerle\u015ftirilen g\u00f6z formundaki nazar boncuklar\u0131 ile tasarlanan bu nazar boncuklu bileklik, modern ve anlaml\u0131 bir g\u00f6r\u00fcn\u00fcm sunar.<\/p>","protected":false},"featured_media":42854,"comment_status":"open","ping_status":"closed","template":"","meta":[],"product_brand":[2718,2719],"product_cat":[73,247,198],"product_tag":[2242,2240,507,417,3682,3731,2215,365,2771,412,358,739,2245,1803],"class_list":{"0":"post-42853","1":"product","2":"type-product","3":"status-publish","4":"has-post-thumbnail","6":"product_brand-gasia-casuals","7":"product_brand-gasia-protect","8":"product_cat-altin-pirlanta-bileklik","9":"product_cat-hediyelik","10":"product_cat-eye-collection","11":"product_tag-beyaz-altin-bileklik","12":"product_tag-delicate-bracelet","13":"product_tag-diamond-bracelet","14":"product_tag-evil-eye-bracelet","15":"product_tag-eye-bracelet","16":"product_tag-goz-bileklik","17":"product_tag-ince-bileklik","18":"product_tag-kadin-bileklik","19":"product_tag-lucky-bracelet","20":"product_tag-nazar-boncuklu-bileklik","21":"product_tag-pirlanta-bileklik","22":"product_tag-sans-bilekligi","23":"product_tag-white-gold-bracelet","24":"product_tag-women-bracelet","25":"pa_cinsiyet-kadin","27":"first","28":"instock","29":"shipping-taxable","30":"product-type-simple"},"_links":{"self":[{"href":"https:\/\/www.gasia.com.tr\/en\/wp-json\/wp\/v2\/product\/42853","targetHints":{"allow":["GET"]}}],"collection":[{"href":"https:\/\/www.gasia.com.tr\/en\/wp-json\/wp\/v2\/product"}],"about":[{"href":"https:\/\/www.gasia.com.tr\/en\/wp-json\/wp\/v2\/types\/product"}],"replies":[{"embeddable":true,"href":"https:\/\/www.gasia.com.tr\/en\/wp-json\/wp\/v2\/comments?post=42853"}],"version-history":[{"count":1,"href":"https:\/\/www.gasia.com.tr\/en\/wp-json\/wp\/v2\/product\/42853\/revisions"}],"predecessor-version":[{"id":42855,"href":"https:\/\/www.gasia.com.tr\/en\/wp-json\/wp\/v2\/product\/42853\/revisions\/42855"}],"wp:featuredmedia":[{"embeddable":true,"href":"https:\/\/www.gasia.com.tr\/en\/wp-json\/wp\/v2\/media\/42854"}],"wp:attachment":[{"href":"https:\/\/www.gasia.com.tr\/en\/wp-json\/wp\/v2\/media?parent=42853"}],"wp:term":[{"taxonomy":"product_brand","embeddable":true,"href":"https:\/\/www.gasia.com.tr\/en\/wp-json\/wp\/v2\/product_brand?post=42853"},{"taxonomy":"product_cat","embeddable":true,"href":"https:\/\/www.gasia.com.tr\/en\/wp-json\/wp\/v2\/product_cat?post=42853"},{"taxonomy":"product_tag","embeddable":true,"href":"https:\/\/www.gasia.com.tr\/en\/wp-json\/wp\/v2\/product_tag?post=42853"}],"curies":[{"name":"wp","href":"https:\/\/api.w.org\/{rel}","templated":true}]}}