{"id":42860,"date":"2026-04-26T21:27:41","date_gmt":"2026-04-26T18:27:41","guid":{"rendered":"https:\/\/www.gasia.com.tr\/?post_type=product&#038;p=42860"},"modified":"2026-04-26T21:28:05","modified_gmt":"2026-04-26T18:28:05","slug":"zumrut-tasli-barok-inci-kolye","status":"publish","type":"product","link":"https:\/\/www.gasia.com.tr\/en\/collections\/zumrut-tasli-barok-inci-kolye\/","title":{"rendered":"Z\u00fcmr\u00fct Ta\u015fl\u0131 Barok \u0130nci Kolye"},"content":{"rendered":"<p data-start=\"76\" data-end=\"344\">Canl\u0131 ye\u015fil tonlar\u0131yla \u00f6ne \u00e7\u0131kan bu z\u00fcmr\u00fct ta\u015fl\u0131 kolye, barok inci detaylar\u0131yla g\u00fc\u00e7l\u00fc bir kontrast sunar. \u0130nce dizilmi\u015f z\u00fcmr\u00fct ta\u015flar kolyeye ak\u0131c\u0131 bir yap\u0131 kazand\u0131r\u0131rken, aralara yerle\u015ftirilen do\u011fal formlu inciler tasar\u0131ma karakter katar.<\/p>\n<p data-start=\"346\" data-end=\"530\">Uzun formda tasarlanan bu model, tek kat veya katmanl\u0131 kullan\u0131m i\u00e7in uygundur. Ye\u015filin derin tonu ile incinin do\u011fal parlakl\u0131\u011f\u0131 bir araya gelerek dikkat \u00e7ekici bir b\u00fct\u00fcnl\u00fck olu\u015fturur.<\/p>\n<p data-start=\"532\" data-end=\"658\">G\u00fcnl\u00fck kombinlerden \u00f6zel stillere kadar geni\u015f kullan\u0131m alan\u0131 sunan bu kolye, do\u011fal ta\u015f severler i\u00e7in \u00f6ne \u00e7\u0131kan bir par\u00e7ad\u0131r.<\/p>","protected":false},"excerpt":{"rendered":"<p>Canl\u0131 ye\u015fil tonlar\u0131yla \u00f6ne \u00e7\u0131kan bu z\u00fcmr\u00fct ta\u015fl\u0131 kolye, barok inci detaylar\u0131yla g\u00fc\u00e7l\u00fc bir kontrast sunar. \u0130nce dizilmi\u015f z\u00fcmr\u00fct ta\u015flar<\/p>","protected":false},"featured_media":42861,"comment_status":"open","ping_status":"closed","template":"","meta":[],"product_brand":[2718],"product_cat":[269,75],"product_tag":[2103,2106,1623,1408,3041,811,2102,473,1703,2105,1702,1632,1401,1662],"class_list":{"0":"post-42860","1":"product","2":"type-product","3":"status-publish","4":"has-post-thumbnail","6":"product_brand-gasia-casuals","7":"product_cat-gem-world-degerli-tasli-mucevher","8":"product_cat-kolye","9":"product_tag-barok-inci-kolye","10":"product_tag-baroque-pearl-necklace","11":"product_tag-dogal-tas-kolye","12":"product_tag-emerald-necklace","13":"product_tag-emerald-stone-necklace","14":"product_tag-gemstone-necklace","15":"product_tag-inci-kolye","16":"product_tag-kadin-kolye","17":"product_tag-long-necklace","18":"product_tag-pearl-necklace","19":"product_tag-uzun-kolye","20":"product_tag-women-necklace","21":"product_tag-zumrut-kolye","22":"product_tag-zumrut-tasli-kolye","23":"pa_cinsiyet-kadin","25":"first","26":"instock","27":"shipping-taxable","28":"product-type-simple"},"_links":{"self":[{"href":"https:\/\/www.gasia.com.tr\/en\/wp-json\/wp\/v2\/product\/42860","targetHints":{"allow":["GET"]}}],"collection":[{"href":"https:\/\/www.gasia.com.tr\/en\/wp-json\/wp\/v2\/product"}],"about":[{"href":"https:\/\/www.gasia.com.tr\/en\/wp-json\/wp\/v2\/types\/product"}],"replies":[{"embeddable":true,"href":"https:\/\/www.gasia.com.tr\/en\/wp-json\/wp\/v2\/comments?post=42860"}],"version-history":[{"count":1,"href":"https:\/\/www.gasia.com.tr\/en\/wp-json\/wp\/v2\/product\/42860\/revisions"}],"predecessor-version":[{"id":42862,"href":"https:\/\/www.gasia.com.tr\/en\/wp-json\/wp\/v2\/product\/42860\/revisions\/42862"}],"wp:featuredmedia":[{"embeddable":true,"href":"https:\/\/www.gasia.com.tr\/en\/wp-json\/wp\/v2\/media\/42861"}],"wp:attachment":[{"href":"https:\/\/www.gasia.com.tr\/en\/wp-json\/wp\/v2\/media?parent=42860"}],"wp:term":[{"taxonomy":"product_brand","embeddable":true,"href":"https:\/\/www.gasia.com.tr\/en\/wp-json\/wp\/v2\/product_brand?post=42860"},{"taxonomy":"product_cat","embeddable":true,"href":"https:\/\/www.gasia.com.tr\/en\/wp-json\/wp\/v2\/product_cat?post=42860"},{"taxonomy":"product_tag","embeddable":true,"href":"https:\/\/www.gasia.com.tr\/en\/wp-json\/wp\/v2\/product_tag?post=42860"}],"curies":[{"name":"wp","href":"https:\/\/api.w.org\/{rel}","templated":true}]}}