{"id":42863,"date":"2026-04-26T21:30:33","date_gmt":"2026-04-26T18:30:33","guid":{"rendered":"https:\/\/www.gasia.com.tr\/?post_type=product&#038;p=42863"},"modified":"2026-04-26T21:33:40","modified_gmt":"2026-04-26T18:33:40","slug":"mercan-tasli-barok-inci-kolye","status":"publish","type":"product","link":"https:\/\/www.gasia.com.tr\/en\/collections\/mercan-tasli-barok-inci-kolye\/","title":{"rendered":"Mercan Ta\u015fl\u0131 Barok \u0130nci Kolye"},"content":{"rendered":"<p data-start=\"80\" data-end=\"365\">Canl\u0131 k\u0131rm\u0131z\u0131 tonlar\u0131yla dikkat \u00e7eken bu mercan ta\u015fl\u0131 kolye, barok inci detaylar\u0131yla g\u00fc\u00e7l\u00fc bir kontrast sunar. \u0130nce dizilmi\u015f mercan ta\u015flar kolyeye ak\u0131c\u0131 bir form kazand\u0131r\u0131rken, aralara yerle\u015ftirilen do\u011fal \u015fekilli inciler tasar\u0131ma hareket ve karakter katar.<\/p>\n<p data-start=\"367\" data-end=\"535\">Alt\u0131n ara detaylarla tamamlanan yap\u0131, s\u0131cak ton ge\u00e7i\u015fleriyle daha zengin bir g\u00f6r\u00fcn\u00fcm olu\u015fturur. Uzun formu sayesinde tek ba\u015f\u0131na ya da katmanl\u0131 kullan\u0131m i\u00e7in uygundur.<\/p>\n<p data-start=\"537\" data-end=\"639\">Renkli ta\u015f ve do\u011fal inci birlikteli\u011fini sevenler i\u00e7in \u00f6ne \u00e7\u0131kan bu model, kombinlere canl\u0131l\u0131k katar.<\/p>","protected":false},"excerpt":{"rendered":"<p>Canl\u0131 k\u0131rm\u0131z\u0131 tonlar\u0131yla dikkat \u00e7eken bu mercan ta\u015fl\u0131 kolye, barok inci detaylar\u0131yla g\u00fc\u00e7l\u00fc bir kontrast sunar. \u0130nce dizilmi\u015f mercan ta\u015flar<\/p>","protected":false},"featured_media":42864,"comment_status":"open","ping_status":"closed","template":"","meta":[],"product_brand":[2718],"product_cat":[75],"product_tag":[3024,2103,2106,1823,3734,1623,811,3025,2102,1703,637,3733,2105,1702],"class_list":{"0":"post-42863","1":"product","2":"type-product","3":"status-publish","4":"has-post-thumbnail","6":"product_brand-gasia-casuals","7":"product_cat-kolye","8":"product_tag-altin-detayli-kolye","9":"product_tag-barok-inci-kolye","10":"product_tag-baroque-pearl-necklace","11":"product_tag-coral-necklace","12":"product_tag-coral-stone-necklace","13":"product_tag-dogal-tas-kolye","14":"product_tag-gemstone-necklace","15":"product_tag-gold-detail-necklace","16":"product_tag-inci-kolye","17":"product_tag-long-necklace","18":"product_tag-mercan-kolye","19":"product_tag-mercan-tasli-kolye","20":"product_tag-pearl-necklace","21":"product_tag-uzun-kolye","22":"pa_cinsiyet-kadin","24":"first","25":"instock","26":"shipping-taxable","27":"product-type-simple"},"_links":{"self":[{"href":"https:\/\/www.gasia.com.tr\/en\/wp-json\/wp\/v2\/product\/42863","targetHints":{"allow":["GET"]}}],"collection":[{"href":"https:\/\/www.gasia.com.tr\/en\/wp-json\/wp\/v2\/product"}],"about":[{"href":"https:\/\/www.gasia.com.tr\/en\/wp-json\/wp\/v2\/types\/product"}],"replies":[{"embeddable":true,"href":"https:\/\/www.gasia.com.tr\/en\/wp-json\/wp\/v2\/comments?post=42863"}],"version-history":[{"count":1,"href":"https:\/\/www.gasia.com.tr\/en\/wp-json\/wp\/v2\/product\/42863\/revisions"}],"predecessor-version":[{"id":42865,"href":"https:\/\/www.gasia.com.tr\/en\/wp-json\/wp\/v2\/product\/42863\/revisions\/42865"}],"wp:featuredmedia":[{"embeddable":true,"href":"https:\/\/www.gasia.com.tr\/en\/wp-json\/wp\/v2\/media\/42864"}],"wp:attachment":[{"href":"https:\/\/www.gasia.com.tr\/en\/wp-json\/wp\/v2\/media?parent=42863"}],"wp:term":[{"taxonomy":"product_brand","embeddable":true,"href":"https:\/\/www.gasia.com.tr\/en\/wp-json\/wp\/v2\/product_brand?post=42863"},{"taxonomy":"product_cat","embeddable":true,"href":"https:\/\/www.gasia.com.tr\/en\/wp-json\/wp\/v2\/product_cat?post=42863"},{"taxonomy":"product_tag","embeddable":true,"href":"https:\/\/www.gasia.com.tr\/en\/wp-json\/wp\/v2\/product_tag?post=42863"}],"curies":[{"name":"wp","href":"https:\/\/api.w.org\/{rel}","templated":true}]}}