{"id":42866,"date":"2026-04-26T21:33:23","date_gmt":"2026-04-26T18:33:23","guid":{"rendered":"https:\/\/www.gasia.com.tr\/?post_type=product&#038;p=42866"},"modified":"2026-04-26T21:33:40","modified_gmt":"2026-04-26T18:33:40","slug":"yakut-tasli-barok-inci-detayli-uzun-kolye","status":"publish","type":"product","link":"https:\/\/www.gasia.com.tr\/en\/collections\/yakut-tasli-barok-inci-detayli-uzun-kolye\/","title":{"rendered":"Yakut Ta\u015fl\u0131 &#038; Barok \u0130nci Detayl\u0131 Uzun Kolye"},"content":{"rendered":"<p data-start=\"85\" data-end=\"344\">Derin k\u0131rm\u0131z\u0131 tonlar\u0131yla dikkat \u00e7eken yakut ta\u015f dizilimi, bu uzun kolyeye g\u00fc\u00e7l\u00fc ve karakterli bir g\u00f6r\u00fcn\u00fcm kazand\u0131r\u0131r. \u0130nce kesimli yakut boncuklar boyunca yerle\u015ftirilen barok inciler, tasar\u0131ma do\u011fal ve \u00f6zg\u00fcn bir dokunu\u015f ekler.<\/p>\n<p data-start=\"346\" data-end=\"597\">Her biri farkl\u0131 formda olan inciler, kolyeye hareket ve benzersizlik katarken; yakutun yo\u011fun rengi ile inci \u0131\u015f\u0131lt\u0131s\u0131 aras\u0131nda dengeli bir kontrast olu\u015fur. Uzun formu sayesinde tek ba\u015f\u0131na etkileyici bir stil sunar, katmanl\u0131 kullan\u0131m i\u00e7in de uygundur.<\/p>\n<p data-start=\"599\" data-end=\"714\">G\u00fcnl\u00fck \u015f\u0131kl\u0131kta ya da daha iddial\u0131 kombinlerde rahatl\u0131kla tercih edilebilecek, dikkat \u00e7ekici bir do\u011fal ta\u015f kolye.<\/p>","protected":false},"excerpt":{"rendered":"<p>Derin k\u0131rm\u0131z\u0131 tonlar\u0131yla dikkat \u00e7eken yakut ta\u015f dizilimi, bu uzun kolyeye g\u00fc\u00e7l\u00fc ve karakterli bir g\u00f6r\u00fcn\u00fcm kazand\u0131r\u0131r. \u0130nce kesimli yakut<\/p>","protected":false},"featured_media":42867,"comment_status":"open","ping_status":"closed","template":"","meta":[],"product_brand":[2718],"product_cat":[75],"product_tag":[2103,2106,1623,811,2102,2927,1703,2105,2928,1435,1702,610],"class_list":{"0":"post-42866","1":"product","2":"type-product","3":"status-publish","4":"has-post-thumbnail","6":"product_brand-gasia-casuals","7":"product_cat-kolye","8":"product_tag-barok-inci-kolye","9":"product_tag-baroque-pearl-necklace","10":"product_tag-dogal-tas-kolye","11":"product_tag-gemstone-necklace","12":"product_tag-inci-kolye","13":"product_tag-kirmizi-tas-kolye","14":"product_tag-long-necklace","15":"product_tag-pearl-necklace","16":"product_tag-red-gemstone-necklace","17":"product_tag-ruby-necklace","18":"product_tag-uzun-kolye","19":"product_tag-yakut-kolye","20":"pa_cinsiyet-kadin","22":"first","23":"instock","24":"shipping-taxable","25":"product-type-simple"},"_links":{"self":[{"href":"https:\/\/www.gasia.com.tr\/en\/wp-json\/wp\/v2\/product\/42866","targetHints":{"allow":["GET"]}}],"collection":[{"href":"https:\/\/www.gasia.com.tr\/en\/wp-json\/wp\/v2\/product"}],"about":[{"href":"https:\/\/www.gasia.com.tr\/en\/wp-json\/wp\/v2\/types\/product"}],"replies":[{"embeddable":true,"href":"https:\/\/www.gasia.com.tr\/en\/wp-json\/wp\/v2\/comments?post=42866"}],"version-history":[{"count":1,"href":"https:\/\/www.gasia.com.tr\/en\/wp-json\/wp\/v2\/product\/42866\/revisions"}],"predecessor-version":[{"id":42868,"href":"https:\/\/www.gasia.com.tr\/en\/wp-json\/wp\/v2\/product\/42866\/revisions\/42868"}],"wp:featuredmedia":[{"embeddable":true,"href":"https:\/\/www.gasia.com.tr\/en\/wp-json\/wp\/v2\/media\/42867"}],"wp:attachment":[{"href":"https:\/\/www.gasia.com.tr\/en\/wp-json\/wp\/v2\/media?parent=42866"}],"wp:term":[{"taxonomy":"product_brand","embeddable":true,"href":"https:\/\/www.gasia.com.tr\/en\/wp-json\/wp\/v2\/product_brand?post=42866"},{"taxonomy":"product_cat","embeddable":true,"href":"https:\/\/www.gasia.com.tr\/en\/wp-json\/wp\/v2\/product_cat?post=42866"},{"taxonomy":"product_tag","embeddable":true,"href":"https:\/\/www.gasia.com.tr\/en\/wp-json\/wp\/v2\/product_tag?post=42866"}],"curies":[{"name":"wp","href":"https:\/\/api.w.org\/{rel}","templated":true}]}}