{"id":42869,"date":"2026-04-26T21:35:45","date_gmt":"2026-04-26T18:35:45","guid":{"rendered":"https:\/\/www.gasia.com.tr\/?post_type=product&#038;p=42869"},"modified":"2026-04-26T21:36:19","modified_gmt":"2026-04-26T18:36:19","slug":"akuamarin-tasli-24-ayar-altin-pirlanta-detayli-bileklik","status":"publish","type":"product","link":"https:\/\/www.gasia.com.tr\/en\/collections\/akuamarin-tasli-24-ayar-altin-pirlanta-detayli-bileklik\/","title":{"rendered":"Akuamarin Ta\u015fl\u0131 24 Ayar Alt\u0131n &#038; P\u0131rlanta Detayl\u0131 Bileklik"},"content":{"rendered":"<p data-start=\"99\" data-end=\"407\">Yumu\u015fak mavi tonlar\u0131yla \u00f6ne \u00e7\u0131kan akuamarin ta\u015flar, bu bilekli\u011fe ferah ve dikkat \u00e7ekici bir g\u00f6r\u00fcn\u00fcm kazand\u0131r\u0131r. B\u00fcy\u00fck kesimli do\u011fal ta\u015flar\u0131n aras\u0131na yerle\u015ftirilen 24 ayar alt\u0131n detay, tasar\u0131ma g\u00fc\u00e7l\u00fc bir vurgu katarken; merkezdeki p\u0131rlanta i\u015flemeli form \u0131\u015f\u0131lt\u0131y\u0131 tamamlar.<\/p>\n<p data-start=\"409\" data-end=\"643\">Geometrik kesimli akuamarin ta\u015flar\u0131n mat-parlak dengesi, alt\u0131n\u0131n s\u0131cak tonuyla kontrast olu\u015fturarak modern ve karakterli bir stil sunar. Elastik yap\u0131s\u0131 sayesinde kolay kullan\u0131m sa\u011flarken, tek ba\u015f\u0131na g\u00fc\u00e7l\u00fc bir par\u00e7a olarak \u00f6ne \u00e7\u0131kar.<\/p>\n<p data-start=\"645\" data-end=\"729\">Do\u011fal ta\u015f\u0131n dingin tonlar\u0131n\u0131, alt\u0131n ve p\u0131rlanta ile birle\u015ftiren \u00f6zg\u00fcn bir tasar\u0131m.<\/p>","protected":false},"excerpt":{"rendered":"<p>Yumu\u015fak mavi tonlar\u0131yla \u00f6ne \u00e7\u0131kan akuamarin ta\u015flar, bu bilekli\u011fe ferah ve dikkat \u00e7ekici bir g\u00f6r\u00fcn\u00fcm kazand\u0131r\u0131r. B\u00fcy\u00fck kesimli do\u011fal ta\u015flar\u0131n<\/p>","protected":false},"featured_media":42870,"comment_status":"open","ping_status":"closed","template":"","meta":[],"product_brand":[2718,2957],"product_cat":[269,255,73,209,247],"product_tag":[3427,504,3429,1084,507,2227,2230,794,367,510,2228,358],"class_list":{"0":"post-42869","1":"product","2":"type-product","3":"status-publish","4":"has-post-thumbnail","6":"product_brand-gasia-casuals","7":"product_brand-gasia-for-man","8":"product_cat-gem-world-degerli-tasli-mucevher","9":"product_cat-altin-gumus-bileklikler","10":"product_cat-altin-pirlanta-bileklik","11":"product_cat-deri-orgu-bileklik","12":"product_cat-hediyelik","13":"product_tag-akuamarin-bileklik","14":"product_tag-altin-bileklik","15":"product_tag-aquamarine-bracelet","16":"product_tag-blue-stone-bracelet","17":"product_tag-diamond-bracelet","18":"product_tag-dogal-tas-bileklik","19":"product_tag-gemstone-bracelet","20":"product_tag-gold-bracelet","21":"product_tag-luks-bileklik","22":"product_tag-luxury-bracelet","23":"product_tag-mavi-tas-bileklik","24":"product_tag-pirlanta-bileklik","25":"pa_cinsiyet-erkek","26":"pa_cinsiyet-kadin","28":"first","29":"instock","30":"shipping-taxable","31":"product-type-simple"},"_links":{"self":[{"href":"https:\/\/www.gasia.com.tr\/en\/wp-json\/wp\/v2\/product\/42869","targetHints":{"allow":["GET"]}}],"collection":[{"href":"https:\/\/www.gasia.com.tr\/en\/wp-json\/wp\/v2\/product"}],"about":[{"href":"https:\/\/www.gasia.com.tr\/en\/wp-json\/wp\/v2\/types\/product"}],"replies":[{"embeddable":true,"href":"https:\/\/www.gasia.com.tr\/en\/wp-json\/wp\/v2\/comments?post=42869"}],"version-history":[{"count":1,"href":"https:\/\/www.gasia.com.tr\/en\/wp-json\/wp\/v2\/product\/42869\/revisions"}],"predecessor-version":[{"id":42871,"href":"https:\/\/www.gasia.com.tr\/en\/wp-json\/wp\/v2\/product\/42869\/revisions\/42871"}],"wp:featuredmedia":[{"embeddable":true,"href":"https:\/\/www.gasia.com.tr\/en\/wp-json\/wp\/v2\/media\/42870"}],"wp:attachment":[{"href":"https:\/\/www.gasia.com.tr\/en\/wp-json\/wp\/v2\/media?parent=42869"}],"wp:term":[{"taxonomy":"product_brand","embeddable":true,"href":"https:\/\/www.gasia.com.tr\/en\/wp-json\/wp\/v2\/product_brand?post=42869"},{"taxonomy":"product_cat","embeddable":true,"href":"https:\/\/www.gasia.com.tr\/en\/wp-json\/wp\/v2\/product_cat?post=42869"},{"taxonomy":"product_tag","embeddable":true,"href":"https:\/\/www.gasia.com.tr\/en\/wp-json\/wp\/v2\/product_tag?post=42869"}],"curies":[{"name":"wp","href":"https:\/\/api.w.org\/{rel}","templated":true}]}}