{"id":42885,"date":"2025-11-26T21:59:21","date_gmt":"2025-11-26T18:59:21","guid":{"rendered":"https:\/\/www.gasia.com.tr\/?post_type=product&#038;p=42885"},"modified":"2026-04-26T22:05:09","modified_gmt":"2026-04-26T19:05:09","slug":"trabzon-hasir-bilezik-2","status":"publish","type":"product","link":"https:\/\/www.gasia.com.tr\/en\/collections\/trabzon-hasir-bilezik-2\/","title":{"rendered":"Trabzon Has\u0131r Bilezik"},"content":{"rendered":"<p data-start=\"84\" data-end=\"346\">Klasik Trabzon i\u015f\u00e7ili\u011fini yans\u0131tan bu has\u0131r bilezik, ince \u00f6rg\u00fc dokusu ve g\u00fc\u00e7l\u00fc formuyla \u00f6ne \u00e7\u0131kar. Merkezde yer alan oval kesim safir ta\u015f, tasar\u0131m\u0131n odak noktas\u0131n\u0131 olu\u015ftururken etraf\u0131ndaki p\u0131rlanta detaylar \u0131\u015f\u0131lt\u0131y\u0131 tamamlar.<\/p>\n<p data-start=\"348\" data-end=\"545\">Alt\u0131n y\u00fczeyli merkez par\u00e7a ile oksitli has\u0131r bilezik formunun birle\u015fimi, kontrastl\u0131 ve karakterli bir g\u00f6r\u00fcn\u00fcm sunar. Safirin derin rengi ile p\u0131rlantan\u0131n parlakl\u0131\u011f\u0131 dengeli bir b\u00fct\u00fcnl\u00fck olu\u015fturur.<\/p>\n<p data-start=\"547\" data-end=\"700\">Geleneksel teknikleri modern ta\u015f kullan\u0131m\u0131yla birle\u015ftiren bu tasar\u0131m, hem g\u00fcnl\u00fck \u015f\u0131kl\u0131kta hem de \u00f6zel anlarda dikkat \u00e7ekici bir par\u00e7a olarak \u00f6ne \u00e7\u0131kar.<\/p>","protected":false},"excerpt":{"rendered":"<p>Klasik Trabzon i\u015f\u00e7ili\u011fini yans\u0131tan bu has\u0131r bilezik, ince \u00f6rg\u00fc dokusu ve g\u00fc\u00e7l\u00fc formuyla \u00f6ne \u00e7\u0131kar. Merkezde yer alan oval kesim<\/p>","protected":false},"featured_media":42886,"comment_status":"open","ping_status":"closed","template":"","meta":[],"product_brand":[77],"product_cat":[264,73],"product_tag":[3752,507,2230,794,3745,3720,3751,828,3748,3743,3744,621],"class_list":{"0":"post-42885","1":"product","2":"type-product","3":"status-publish","4":"has-post-thumbnail","6":"product_brand-gasia","7":"product_cat-gasia-1974-koleksiyonu","8":"product_cat-altin-pirlanta-bileklik","9":"product_tag-altin-bilezik","10":"product_tag-diamond-bracelet","11":"product_tag-gemstone-bracelet","12":"product_tag-gold-bracelet","13":"product_tag-hasir-bilezik","14":"product_tag-pirlanta-bilezik","15":"product_tag-safir-bilezik","16":"product_tag-sapphire-bracelet","17":"product_tag-tasli-bilezik","18":"product_tag-trabzon-bilezik","19":"product_tag-trabzon-bracelet","20":"product_tag-woven-bracelet","21":"pa_cinsiyet-kadin","23":"first","24":"instock","25":"shipping-taxable","26":"product-type-simple"},"_links":{"self":[{"href":"https:\/\/www.gasia.com.tr\/en\/wp-json\/wp\/v2\/product\/42885","targetHints":{"allow":["GET"]}}],"collection":[{"href":"https:\/\/www.gasia.com.tr\/en\/wp-json\/wp\/v2\/product"}],"about":[{"href":"https:\/\/www.gasia.com.tr\/en\/wp-json\/wp\/v2\/types\/product"}],"replies":[{"embeddable":true,"href":"https:\/\/www.gasia.com.tr\/en\/wp-json\/wp\/v2\/comments?post=42885"}],"version-history":[{"count":1,"href":"https:\/\/www.gasia.com.tr\/en\/wp-json\/wp\/v2\/product\/42885\/revisions"}],"predecessor-version":[{"id":42887,"href":"https:\/\/www.gasia.com.tr\/en\/wp-json\/wp\/v2\/product\/42885\/revisions\/42887"}],"wp:featuredmedia":[{"embeddable":true,"href":"https:\/\/www.gasia.com.tr\/en\/wp-json\/wp\/v2\/media\/42886"}],"wp:attachment":[{"href":"https:\/\/www.gasia.com.tr\/en\/wp-json\/wp\/v2\/media?parent=42885"}],"wp:term":[{"taxonomy":"product_brand","embeddable":true,"href":"https:\/\/www.gasia.com.tr\/en\/wp-json\/wp\/v2\/product_brand?post=42885"},{"taxonomy":"product_cat","embeddable":true,"href":"https:\/\/www.gasia.com.tr\/en\/wp-json\/wp\/v2\/product_cat?post=42885"},{"taxonomy":"product_tag","embeddable":true,"href":"https:\/\/www.gasia.com.tr\/en\/wp-json\/wp\/v2\/product_tag?post=42885"}],"curies":[{"name":"wp","href":"https:\/\/api.w.org\/{rel}","templated":true}]}}