{"id":42888,"date":"2026-04-26T22:04:48","date_gmt":"2026-04-26T19:04:48","guid":{"rendered":"https:\/\/www.gasia.com.tr\/?post_type=product&#038;p=42888"},"modified":"2026-04-26T22:15:37","modified_gmt":"2026-04-26T19:15:37","slug":"el-oymasi-gumus-bilezik","status":"publish","type":"product","link":"https:\/\/www.gasia.com.tr\/en\/collections\/el-oymasi-gumus-bilezik\/","title":{"rendered":"El Oymas\u0131 G\u00fcm\u00fc\u015f Bilezik"},"content":{"rendered":"<p data-start=\"89\" data-end=\"456\">\u00dcst d\u00fczey el i\u015f\u00e7ili\u011fiyle hayat bulan bu el oymas\u0131 g\u00fcm\u00fc\u015f bilezik, sanatsal detaylar\u0131 ve sar\u0131 ile beyaz p\u0131rlantalar\u0131n e\u015fsiz uyumuyla dikkat \u00e7eker. Yo\u011fun kabartma motiflerle i\u015flenmi\u015f geni\u015f y\u00fczeyi, bilezi\u011fe g\u00fc\u00e7l\u00fc ve karakteristik bir duru\u015f kazand\u0131r\u0131rken; merkezde yer alan dikey form, farkl\u0131 tonlardaki p\u0131rlantalarla zenginle\u015ftirilmi\u015ftir.<\/p>\n<p data-start=\"458\" data-end=\"700\">Sar\u0131 p\u0131rlantalar\u0131n s\u0131cak \u0131\u015f\u0131lt\u0131s\u0131 ile beyaz p\u0131rlantalar\u0131n klasik parlakl\u0131\u011f\u0131 bir araya gelerek tasar\u0131ma derinlik ve sofistike bir kontrast sunar. Oksitli g\u00fcm\u00fc\u015f zemin, ta\u015flar\u0131n \u0131\u015f\u0131lt\u0131s\u0131n\u0131 daha da \u00f6n plana \u00e7\u0131kararak g\u00f6z al\u0131c\u0131 bir etki yarat\u0131r.<\/p>\n<p data-start=\"702\" data-end=\"845\">Geleneksel zanaatk\u00e2rl\u0131k ile modern l\u00fcks\u00fc birle\u015ftiren bu \u00f6zel par\u00e7a, stiline g\u00fc\u00e7l\u00fc ve \u00f6zg\u00fcn bir<\/p>","protected":false},"excerpt":{"rendered":"<p>\u00dcst d\u00fczey el i\u015f\u00e7ili\u011fiyle hayat bulan bu el oymas\u0131 g\u00fcm\u00fc\u015f bilezik, sanatsal detaylar\u0131 ve sar\u0131 ile beyaz p\u0131rlantalar\u0131n e\u015fsiz uyumuyla<\/p>","protected":false},"featured_media":42889,"comment_status":"open","ping_status":"closed","template":"","meta":[],"product_brand":[77],"product_cat":[73,255,264],"product_tag":[3754,420,507,3753,2230,3737,3756,3477,3720,2248,3755,3748],"class_list":{"0":"post-42888","1":"product","2":"type-product","3":"status-publish","4":"has-post-thumbnail","6":"product_brand-gasia","7":"product_cat-altin-pirlanta-bileklik","8":"product_cat-altin-gumus-bileklikler","9":"product_cat-gasia-1974-koleksiyonu","10":"product_tag-carved-bracelet","11":"product_tag-designer-bracelet","12":"product_tag-diamond-bracelet","13":"product_tag-el-oymasi-bilezik","14":"product_tag-gemstone-bracelet","15":"product_tag-gumus-bilezik","16":"product_tag-oksitli-gumus","17":"product_tag-oxidized-silver-jewelry","18":"product_tag-pirlanta-bilezik","19":"product_tag-silver-bracelet","20":"product_tag-tasarim-bilezik","21":"product_tag-tasli-bilezik","22":"pa_cinsiyet-erkek","23":"pa_cinsiyet-kadin","25":"first","26":"instock","27":"shipping-taxable","28":"product-type-simple"},"_links":{"self":[{"href":"https:\/\/www.gasia.com.tr\/en\/wp-json\/wp\/v2\/product\/42888","targetHints":{"allow":["GET"]}}],"collection":[{"href":"https:\/\/www.gasia.com.tr\/en\/wp-json\/wp\/v2\/product"}],"about":[{"href":"https:\/\/www.gasia.com.tr\/en\/wp-json\/wp\/v2\/types\/product"}],"replies":[{"embeddable":true,"href":"https:\/\/www.gasia.com.tr\/en\/wp-json\/wp\/v2\/comments?post=42888"}],"version-history":[{"count":2,"href":"https:\/\/www.gasia.com.tr\/en\/wp-json\/wp\/v2\/product\/42888\/revisions"}],"predecessor-version":[{"id":42892,"href":"https:\/\/www.gasia.com.tr\/en\/wp-json\/wp\/v2\/product\/42888\/revisions\/42892"}],"wp:featuredmedia":[{"embeddable":true,"href":"https:\/\/www.gasia.com.tr\/en\/wp-json\/wp\/v2\/media\/42889"}],"wp:attachment":[{"href":"https:\/\/www.gasia.com.tr\/en\/wp-json\/wp\/v2\/media?parent=42888"}],"wp:term":[{"taxonomy":"product_brand","embeddable":true,"href":"https:\/\/www.gasia.com.tr\/en\/wp-json\/wp\/v2\/product_brand?post=42888"},{"taxonomy":"product_cat","embeddable":true,"href":"https:\/\/www.gasia.com.tr\/en\/wp-json\/wp\/v2\/product_cat?post=42888"},{"taxonomy":"product_tag","embeddable":true,"href":"https:\/\/www.gasia.com.tr\/en\/wp-json\/wp\/v2\/product_tag?post=42888"}],"curies":[{"name":"wp","href":"https:\/\/api.w.org\/{rel}","templated":true}]}}