{"id":42893,"date":"2026-04-26T22:07:47","date_gmt":"2026-04-26T19:07:47","guid":{"rendered":"https:\/\/www.gasia.com.tr\/?post_type=product&#038;p=42893"},"modified":"2026-04-27T13:46:32","modified_gmt":"2026-04-27T10:46:32","slug":"ahsap-vatoz-formlu-bilezik","status":"publish","type":"product","link":"https:\/\/www.gasia.com.tr\/en\/collections\/ahsap-vatoz-formlu-bilezik\/","title":{"rendered":"Ah\u015fap Vatoz Formlu Bilezik"},"content":{"rendered":"<p data-start=\"89\" data-end=\"357\">Do\u011fadan ilham alan bu \u00f6zel tasar\u0131m bilezik, vatoz formundaki ah\u015fap detay\u0131yla s\u0131ra d\u0131\u015f\u0131 ve sanatsal bir karakter sunar. Do\u011fal dokulu ah\u015fap y\u00fczey \u00fczerine yerle\u015ftirilen sar\u0131 ton p\u0131rlanta detaylar, tasar\u0131ma s\u0131cak ve zarif bir \u0131\u015f\u0131lt\u0131 katar.<\/p>\n<p data-start=\"359\" data-end=\"612\">Bilezi\u011fin yan k\u0131sm\u0131nda yer alan p\u0131rlanta ta\u015fl\u0131 metal form, ince bir \u015f\u0131kl\u0131k sunarken; sark\u0131t formdaki koyu ton inci detay\u0131 tasar\u0131ma hareket ve sofistike bir dokunu\u015f ekler. Deri kay\u0131\u015f ile tamamlanan yap\u0131, hem konfor hem de modern bir stil sunar.<\/p>\n<p data-start=\"614\" data-end=\"785\">El i\u015f\u00e7ili\u011fi ve do\u011fal materyallerin uyumuyla ortaya \u00e7\u0131kan bu par\u00e7a, klasik m\u00fccevher anlay\u0131\u015f\u0131n\u0131n d\u0131\u015f\u0131nda, \u00f6zg\u00fcn ve karakterli tasar\u0131mlar arayanlar i\u00e7in ideal bir se\u00e7imdir.<\/p>","protected":false},"excerpt":{"rendered":"<p>Do\u011fadan ilham alan bu \u00f6zel tasar\u0131m bilezik, vatoz formundaki ah\u015fap detay\u0131yla s\u0131ra d\u0131\u015f\u0131 ve sanatsal bir karakter sunar. Do\u011fal dokulu<\/p>","protected":false},"featured_media":42894,"comment_status":"open","ping_status":"closed","template":"","meta":[],"product_brand":[77,2718,2957],"product_cat":[253,255,209,264,247],"product_tag":[3757,405,420,507,3760,3759,3761,2186,3720,3755,2379,3758],"class_list":{"0":"post-42893","1":"product","2":"type-product","3":"status-publish","4":"has-post-thumbnail","6":"product_brand-gasia","7":"product_brand-gasia-casuals","8":"product_brand-gasia-for-man","9":"product_cat-deri-bileklikler","10":"product_cat-altin-gumus-bileklikler","11":"product_cat-deri-orgu-bileklik","12":"product_cat-gasia-1974-koleksiyonu","13":"product_cat-hediyelik","14":"product_tag-ahsap-bilezik","15":"product_tag-artisan-jewelry","16":"product_tag-designer-bracelet","17":"product_tag-diamond-bracelet","18":"product_tag-dogal-tas-taki","19":"product_tag-inci-bilezik","20":"product_tag-ozgun-tasarim","21":"product_tag-pearl-bracelet","22":"product_tag-pirlanta-bilezik","23":"product_tag-tasarim-bilezik","24":"product_tag-unique-jewelry","25":"product_tag-wooden-bracelet","26":"pa_cinsiyet-erkek","27":"pa_cinsiyet-kadin","29":"first","30":"instock","31":"shipping-taxable","32":"product-type-simple"},"_links":{"self":[{"href":"https:\/\/www.gasia.com.tr\/en\/wp-json\/wp\/v2\/product\/42893","targetHints":{"allow":["GET"]}}],"collection":[{"href":"https:\/\/www.gasia.com.tr\/en\/wp-json\/wp\/v2\/product"}],"about":[{"href":"https:\/\/www.gasia.com.tr\/en\/wp-json\/wp\/v2\/types\/product"}],"replies":[{"embeddable":true,"href":"https:\/\/www.gasia.com.tr\/en\/wp-json\/wp\/v2\/comments?post=42893"}],"version-history":[{"count":1,"href":"https:\/\/www.gasia.com.tr\/en\/wp-json\/wp\/v2\/product\/42893\/revisions"}],"predecessor-version":[{"id":42895,"href":"https:\/\/www.gasia.com.tr\/en\/wp-json\/wp\/v2\/product\/42893\/revisions\/42895"}],"wp:featuredmedia":[{"embeddable":true,"href":"https:\/\/www.gasia.com.tr\/en\/wp-json\/wp\/v2\/media\/42894"}],"wp:attachment":[{"href":"https:\/\/www.gasia.com.tr\/en\/wp-json\/wp\/v2\/media?parent=42893"}],"wp:term":[{"taxonomy":"product_brand","embeddable":true,"href":"https:\/\/www.gasia.com.tr\/en\/wp-json\/wp\/v2\/product_brand?post=42893"},{"taxonomy":"product_cat","embeddable":true,"href":"https:\/\/www.gasia.com.tr\/en\/wp-json\/wp\/v2\/product_cat?post=42893"},{"taxonomy":"product_tag","embeddable":true,"href":"https:\/\/www.gasia.com.tr\/en\/wp-json\/wp\/v2\/product_tag?post=42893"}],"curies":[{"name":"wp","href":"https:\/\/api.w.org\/{rel}","templated":true}]}}