{"id":42896,"date":"2026-04-26T22:09:06","date_gmt":"2026-04-26T19:09:06","guid":{"rendered":"https:\/\/www.gasia.com.tr\/?post_type=product&#038;p=42896"},"modified":"2026-04-26T22:15:37","modified_gmt":"2026-04-26T19:15:37","slug":"altin-tokali-deri-bilezik","status":"publish","type":"product","link":"https:\/\/www.gasia.com.tr\/en\/collections\/altin-tokali-deri-bilezik\/","title":{"rendered":"Alt\u0131n Tokal\u0131 Deri Bilezik"},"content":{"rendered":"<p data-start=\"75\" data-end=\"322\">Zamans\u0131z \u015f\u0131kl\u0131\u011f\u0131n sade bir yorumu olan bu deri bilezik, g\u00fc\u00e7l\u00fc ve modern duru\u015fuyla \u00f6ne \u00e7\u0131kar. Siyah deri kay\u0131\u015f \u00fczerine konumland\u0131r\u0131lm\u0131\u015f parlak alt\u0131n ton metal toka detay\u0131, tasar\u0131ma sofistike bir karakter kazand\u0131r\u0131r.<\/p>\n<p data-start=\"324\" data-end=\"579\">Ak\u0131c\u0131 formda tasarlanan merkezi ba\u011flant\u0131 eleman\u0131, hem estetik hem de fonksiyonel bir kilit sistemi sunarken bilezi\u011fe heykelsi bir g\u00f6r\u00fcn\u00fcm verir. Minimal \u00e7izgileri sayesinde g\u00fcnl\u00fck kullan\u0131mdan \u00f6zel kombinlere kadar geni\u015f bir stil yelpazesine uyum sa\u011flar.<\/p>\n<p data-start=\"581\" data-end=\"698\">Kaliteli malzeme ve dengeli tasar\u0131m\u0131yla bu bilezik, sade ama etkileyici aksesuar arayanlar i\u00e7in ideal bir se\u00e7imdir.<\/p>","protected":false},"excerpt":{"rendered":"<p>Zamans\u0131z \u015f\u0131kl\u0131\u011f\u0131n sade bir yorumu olan bu deri bilezik, g\u00fc\u00e7l\u00fc ve modern duru\u015fuyla \u00f6ne \u00e7\u0131kar. Siyah deri kay\u0131\u015f \u00fczerine konumland\u0131r\u0131lm\u0131\u015f<\/p>","protected":false},"featured_media":42897,"comment_status":"open","ping_status":"closed","template":"","meta":[],"product_brand":[2718],"product_cat":[255,209,253],"product_tag":[3752,3762,420,794,2185,2578,426,742,1792,3755],"class_list":{"0":"post-42896","1":"product","2":"type-product","3":"status-publish","4":"has-post-thumbnail","6":"product_brand-gasia-casuals","7":"product_cat-altin-gumus-bileklikler","8":"product_cat-deri-orgu-bileklik","9":"product_cat-deri-bileklikler","10":"product_tag-altin-bilezik","11":"product_tag-deri-bilezik","12":"product_tag-designer-bracelet","13":"product_tag-gold-bracelet","14":"product_tag-leather-bracelet","15":"product_tag-minimal-bilezik","16":"product_tag-minimalist-bracelet","17":"product_tag-modern-jewelry","18":"product_tag-modern-taki","19":"product_tag-tasarim-bilezik","20":"pa_cinsiyet-erkek","21":"pa_cinsiyet-kadin","23":"first","24":"instock","25":"shipping-taxable","26":"product-type-simple"},"_links":{"self":[{"href":"https:\/\/www.gasia.com.tr\/en\/wp-json\/wp\/v2\/product\/42896","targetHints":{"allow":["GET"]}}],"collection":[{"href":"https:\/\/www.gasia.com.tr\/en\/wp-json\/wp\/v2\/product"}],"about":[{"href":"https:\/\/www.gasia.com.tr\/en\/wp-json\/wp\/v2\/types\/product"}],"replies":[{"embeddable":true,"href":"https:\/\/www.gasia.com.tr\/en\/wp-json\/wp\/v2\/comments?post=42896"}],"version-history":[{"count":2,"href":"https:\/\/www.gasia.com.tr\/en\/wp-json\/wp\/v2\/product\/42896\/revisions"}],"predecessor-version":[{"id":42899,"href":"https:\/\/www.gasia.com.tr\/en\/wp-json\/wp\/v2\/product\/42896\/revisions\/42899"}],"wp:featuredmedia":[{"embeddable":true,"href":"https:\/\/www.gasia.com.tr\/en\/wp-json\/wp\/v2\/media\/42897"}],"wp:attachment":[{"href":"https:\/\/www.gasia.com.tr\/en\/wp-json\/wp\/v2\/media?parent=42896"}],"wp:term":[{"taxonomy":"product_brand","embeddable":true,"href":"https:\/\/www.gasia.com.tr\/en\/wp-json\/wp\/v2\/product_brand?post=42896"},{"taxonomy":"product_cat","embeddable":true,"href":"https:\/\/www.gasia.com.tr\/en\/wp-json\/wp\/v2\/product_cat?post=42896"},{"taxonomy":"product_tag","embeddable":true,"href":"https:\/\/www.gasia.com.tr\/en\/wp-json\/wp\/v2\/product_tag?post=42896"}],"curies":[{"name":"wp","href":"https:\/\/api.w.org\/{rel}","templated":true}]}}