{"id":42900,"date":"2026-04-26T22:11:05","date_gmt":"2026-04-26T19:11:05","guid":{"rendered":"https:\/\/www.gasia.com.tr\/?post_type=product&#038;p=42900"},"modified":"2026-04-26T22:15:37","modified_gmt":"2026-04-26T19:15:37","slug":"kilic-figurlu-deri-bilezik-siyah-pirlanta-detayli-ozel-tasarim","status":"publish","type":"product","link":"https:\/\/www.gasia.com.tr\/en\/collections\/kilic-figurlu-deri-bilezik-siyah-pirlanta-detayli-ozel-tasarim\/","title":{"rendered":"K\u0131l\u0131\u00e7 Fig\u00fcrl\u00fc Deri Bilezik \u2013 Siyah P\u0131rlanta Detayl\u0131 \u00d6zel Tasar\u0131m"},"content":{"rendered":"<p data-start=\"86\" data-end=\"332\">G\u00fc\u00e7l\u00fc ve karakteristik tasar\u0131m\u0131yla \u00f6ne \u00e7\u0131kan bu k\u0131l\u0131\u00e7 fig\u00fcrl\u00fc deri bilezik, modern stil ile sembolik anlam\u0131 bir araya getirir. Kahverengi do\u011fal deri \u00fczerine konumland\u0131r\u0131lan k\u0131l\u0131\u00e7 formu, cesur ve \u00f6zg\u00fcn bir duru\u015f sunar.<\/p>\n<p data-start=\"334\" data-end=\"603\">K\u0131l\u0131c\u0131n g\u00f6vdesinde kullan\u0131lan siyah p\u0131rlantalar, tasar\u0131ma derin ve gizemli bir \u0131\u015f\u0131lt\u0131 kazand\u0131r\u0131rken; kabza k\u0131sm\u0131ndaki 24 ayar alt\u0131n detay kontrast yaratarak par\u00e7an\u0131n etkisini art\u0131r\u0131r. \u0130nce i\u015f\u00e7ilikle yerle\u015ftirilen ta\u015flar, bilezi\u011fe l\u00fcks ve sofistike bir hava katar.<\/p>\n<p data-start=\"605\" data-end=\"745\">G\u00fcc\u00fc, kararl\u0131l\u0131\u011f\u0131 ve stil sahibi duru\u015fu simgeleyen bu \u00f6zel tasar\u0131m, s\u0131radan\u0131n d\u0131\u015f\u0131na \u00e7\u0131kmak isteyenler i\u00e7in dikkat \u00e7ekici bir aksesuard\u0131r.<\/p>","protected":false},"excerpt":{"rendered":"<p>G\u00fc\u00e7l\u00fc ve karakteristik tasar\u0131m\u0131yla \u00f6ne \u00e7\u0131kan bu k\u0131l\u0131\u00e7 fig\u00fcrl\u00fc deri bilezik, modern stil ile sembolik anlam\u0131 bir araya getirir. Kahverengi<\/p>","protected":false},"featured_media":42901,"comment_status":"open","ping_status":"closed","template":"","meta":[],"product_brand":[77,2718,2957],"product_cat":[255,73,209,253,264,247],"product_tag":[83,3762,420,507,3763,2185,1420,3720,2689,3764,3755,2379],"class_list":{"0":"post-42900","1":"product","2":"type-product","3":"status-publish","4":"has-post-thumbnail","6":"product_brand-gasia","7":"product_brand-gasia-casuals","8":"product_brand-gasia-for-man","9":"product_cat-altin-gumus-bileklikler","10":"product_cat-altin-pirlanta-bileklik","11":"product_cat-deri-orgu-bileklik","12":"product_cat-deri-bileklikler","13":"product_cat-gasia-1974-koleksiyonu","14":"product_cat-hediyelik","15":"product_tag-black-diamond","16":"product_tag-deri-bilezik","17":"product_tag-designer-bracelet","18":"product_tag-diamond-bracelet","19":"product_tag-kilic-bilezik","20":"product_tag-leather-bracelet","21":"product_tag-ozgun-taki","22":"product_tag-pirlanta-bilezik","23":"product_tag-siyah-pirlanta","24":"product_tag-sword-bracelet","25":"product_tag-tasarim-bilezik","26":"product_tag-unique-jewelry","27":"pa_cinsiyet-erkek","28":"pa_cinsiyet-kadin","30":"first","31":"instock","32":"shipping-taxable","33":"product-type-simple"},"_links":{"self":[{"href":"https:\/\/www.gasia.com.tr\/en\/wp-json\/wp\/v2\/product\/42900","targetHints":{"allow":["GET"]}}],"collection":[{"href":"https:\/\/www.gasia.com.tr\/en\/wp-json\/wp\/v2\/product"}],"about":[{"href":"https:\/\/www.gasia.com.tr\/en\/wp-json\/wp\/v2\/types\/product"}],"replies":[{"embeddable":true,"href":"https:\/\/www.gasia.com.tr\/en\/wp-json\/wp\/v2\/comments?post=42900"}],"version-history":[{"count":2,"href":"https:\/\/www.gasia.com.tr\/en\/wp-json\/wp\/v2\/product\/42900\/revisions"}],"predecessor-version":[{"id":42906,"href":"https:\/\/www.gasia.com.tr\/en\/wp-json\/wp\/v2\/product\/42900\/revisions\/42906"}],"wp:featuredmedia":[{"embeddable":true,"href":"https:\/\/www.gasia.com.tr\/en\/wp-json\/wp\/v2\/media\/42901"}],"wp:attachment":[{"href":"https:\/\/www.gasia.com.tr\/en\/wp-json\/wp\/v2\/media?parent=42900"}],"wp:term":[{"taxonomy":"product_brand","embeddable":true,"href":"https:\/\/www.gasia.com.tr\/en\/wp-json\/wp\/v2\/product_brand?post=42900"},{"taxonomy":"product_cat","embeddable":true,"href":"https:\/\/www.gasia.com.tr\/en\/wp-json\/wp\/v2\/product_cat?post=42900"},{"taxonomy":"product_tag","embeddable":true,"href":"https:\/\/www.gasia.com.tr\/en\/wp-json\/wp\/v2\/product_tag?post=42900"}],"curies":[{"name":"wp","href":"https:\/\/api.w.org\/{rel}","templated":true}]}}