{"id":42907,"date":"2026-04-26T22:17:51","date_gmt":"2026-04-26T19:17:51","guid":{"rendered":"https:\/\/www.gasia.com.tr\/?post_type=product&#038;p=42907"},"modified":"2026-04-26T22:33:47","modified_gmt":"2026-04-26T19:33:47","slug":"granat-tasli-pirlanta-detayli-deri-bilezik","status":"publish","type":"product","link":"https:\/\/www.gasia.com.tr\/en\/collections\/granat-tasli-pirlanta-detayli-deri-bilezik\/","title":{"rendered":"Granat Ta\u015fl\u0131 P\u0131rlanta Detayl\u0131 Deri Bilezik"},"content":{"rendered":"<p data-start=\"81\" data-end=\"437\">Do\u011fal ve g\u00fc\u00e7l\u00fc bir karakter ta\u015f\u0131yan bu deri bilezik, merkezde yer alan markiz kesim granat ta\u015f ve etraf\u0131n\u0131 saran p\u0131rlanta detaylar\u0131 ile dikkat \u00e7ekici bir tasar\u0131m sunar. Derin bordo tonlar\u0131ndaki granat ta\u015f\u0131, \u0131\u015f\u0131kla birlikte zengin ve s\u0131cak bir \u0131\u015f\u0131lt\u0131 verirken; \u00e7evresindeki p\u0131rlantalar par\u00e7aya zarif bir parlakl\u0131k katar.<\/p>\n<p data-start=\"439\" data-end=\"666\">Kahverengi do\u011fal deri kay\u0131\u015f, ayarlanabilir ba\u011flama detay\u0131yla konforlu kullan\u0131m sa\u011flarken tasar\u0131ma rustik ve zamans\u0131z bir hava kazand\u0131r\u0131r. Hem g\u00fcnl\u00fck kullan\u0131mda hem de \u00f6zel kombinlerde stilini tamamlayan \u00f6zg\u00fcn bir aksesuard\u0131r.<\/p>\n<p data-start=\"668\" data-end=\"764\">Vintage esintili bu bilezik, klasik ta\u015flar\u0131n modern yorumunu sevenler i\u00e7in ideal bir se\u00e7imdir.<\/p>","protected":false},"excerpt":{"rendered":"<p>Do\u011fal ve g\u00fc\u00e7l\u00fc bir karakter ta\u015f\u0131yan bu deri bilezik, merkezde yer alan markiz kesim granat ta\u015f ve etraf\u0131n\u0131 saran p\u0131rlanta<\/p>","protected":false},"featured_media":42911,"comment_status":"open","ping_status":"closed","template":"","meta":[],"product_brand":[2718,2957],"product_cat":[209,253],"product_tag":[3762,3299,776,507,3766,3769,3765,3768,2185,3767,3770,396,3771,2683],"class_list":{"0":"post-42907","1":"product","2":"type-product","3":"status-publish","4":"has-post-thumbnail","6":"product_brand-gasia-casuals","7":"product_brand-gasia-for-man","8":"product_cat-deri-orgu-bileklik","9":"product_cat-deri-bileklikler","10":"product_tag-deri-bilezik","11":"product_tag-designer-jewelry","12":"product_tag-diamond","13":"product_tag-diamond-bracelet","14":"product_tag-garnet","15":"product_tag-garnet-bracelet","16":"product_tag-granat","17":"product_tag-granat-bilezik","18":"product_tag-leather-bracelet","19":"product_tag-pirlanta","20":"product_tag-pirlantali-bilezik","21":"product_tag-tasarim-taki","22":"product_tag-vintage-bilezik","23":"product_tag-vintage-bracelet","24":"pa_cinsiyet-kadin","26":"first","27":"instock","28":"shipping-taxable","29":"product-type-simple"},"_links":{"self":[{"href":"https:\/\/www.gasia.com.tr\/en\/wp-json\/wp\/v2\/product\/42907","targetHints":{"allow":["GET"]}}],"collection":[{"href":"https:\/\/www.gasia.com.tr\/en\/wp-json\/wp\/v2\/product"}],"about":[{"href":"https:\/\/www.gasia.com.tr\/en\/wp-json\/wp\/v2\/types\/product"}],"replies":[{"embeddable":true,"href":"https:\/\/www.gasia.com.tr\/en\/wp-json\/wp\/v2\/comments?post=42907"}],"version-history":[{"count":1,"href":"https:\/\/www.gasia.com.tr\/en\/wp-json\/wp\/v2\/product\/42907\/revisions"}],"predecessor-version":[{"id":42912,"href":"https:\/\/www.gasia.com.tr\/en\/wp-json\/wp\/v2\/product\/42907\/revisions\/42912"}],"wp:featuredmedia":[{"embeddable":true,"href":"https:\/\/www.gasia.com.tr\/en\/wp-json\/wp\/v2\/media\/42911"}],"wp:attachment":[{"href":"https:\/\/www.gasia.com.tr\/en\/wp-json\/wp\/v2\/media?parent=42907"}],"wp:term":[{"taxonomy":"product_brand","embeddable":true,"href":"https:\/\/www.gasia.com.tr\/en\/wp-json\/wp\/v2\/product_brand?post=42907"},{"taxonomy":"product_cat","embeddable":true,"href":"https:\/\/www.gasia.com.tr\/en\/wp-json\/wp\/v2\/product_cat?post=42907"},{"taxonomy":"product_tag","embeddable":true,"href":"https:\/\/www.gasia.com.tr\/en\/wp-json\/wp\/v2\/product_tag?post=42907"}],"curies":[{"name":"wp","href":"https:\/\/api.w.org\/{rel}","templated":true}]}}