{"id":42915,"date":"2026-04-26T22:22:58","date_gmt":"2026-04-26T19:22:58","guid":{"rendered":"https:\/\/www.gasia.com.tr\/?post_type=product&#038;p=42915"},"modified":"2026-04-26T22:33:47","modified_gmt":"2026-04-26T19:33:47","slug":"vintage-motifli-gumus-detayli-deri-bilezik","status":"publish","type":"product","link":"https:\/\/www.gasia.com.tr\/en\/collections\/vintage-motifli-gumus-detayli-deri-bilezik\/","title":{"rendered":"Vintage Motifli G\u00fcm\u00fc\u015f Detayl\u0131 Deri Bilezik"},"content":{"rendered":"<p data-start=\"92\" data-end=\"376\">Klasik estetikten ilham alan bu zarif deri bilezik, merkezinde yer alan detayl\u0131 i\u015f\u00e7ili\u011fe sahip g\u00fcm\u00fc\u015f motifli par\u00e7alar ile \u00f6ne \u00e7\u0131kar. \u00dc\u00e7l\u00fc formda tasarlanan metal y\u00fczey \u00fczerindeki kabartma desenler, geleneksel sanat\u0131n izlerini modern bir yorumla sunar.<\/p>\n<p data-start=\"378\" data-end=\"626\">Do\u011fal kahverengi deri kay\u0131\u015f, sade ve \u015f\u0131k g\u00f6r\u00fcn\u00fcm\u00fcyle bu detayl\u0131 motifleri \u00f6n plana \u00e7\u0131kar\u0131rken; konforlu yap\u0131s\u0131 sayesinde g\u00fcnl\u00fck kullan\u0131ma uygundur. Minimal tasar\u0131m\u0131 sayesinde hem tek ba\u015f\u0131na hem de di\u011fer aksesuarlarla kombinlenerek kullan\u0131labilir.<\/p>\n<p data-start=\"628\" data-end=\"727\">Zamans\u0131z stil arayanlar i\u00e7in tasarlanan bu bilezik, klasik dokunu\u015flar\u0131 modern ya\u015famla bulu\u015fturur.<\/p>","protected":false},"excerpt":{"rendered":"<p>Klasik estetikten ilham alan bu zarif deri bilezik, merkezinde yer alan detayl\u0131 i\u015f\u00e7ili\u011fe sahip g\u00fcm\u00fc\u015f motifli par\u00e7alar ile \u00f6ne \u00e7\u0131kar.<\/p>","protected":false},"featured_media":42916,"comment_status":"open","ping_status":"closed","template":"","meta":[],"product_brand":[2718],"product_cat":[253,209],"product_tag":[2909,3762,420,3775,3737,3776,2185,3774,2248,3755,3723,3771,2683],"class_list":{"0":"post-42915","1":"product","2":"type-product","3":"status-publish","4":"has-post-thumbnail","6":"product_brand-gasia-casuals","7":"product_cat-deri-bileklikler","8":"product_cat-deri-orgu-bileklik","9":"product_tag-classic-jewelry","10":"product_tag-deri-bilezik","11":"product_tag-designer-bracelet","12":"product_tag-engraved-bracelet","13":"product_tag-gumus-bilezik","14":"product_tag-klasik-bilezik","15":"product_tag-leather-bracelet","16":"product_tag-motifli-bilezik","17":"product_tag-silver-bracelet","18":"product_tag-tasarim-bilezik","19":"product_tag-unisex-bilezik","20":"product_tag-vintage-bilezik","21":"product_tag-vintage-bracelet","22":"pa_cinsiyet-erkek","23":"pa_cinsiyet-kadin","25":"first","26":"instock","27":"shipping-taxable","28":"product-type-simple"},"_links":{"self":[{"href":"https:\/\/www.gasia.com.tr\/en\/wp-json\/wp\/v2\/product\/42915","targetHints":{"allow":["GET"]}}],"collection":[{"href":"https:\/\/www.gasia.com.tr\/en\/wp-json\/wp\/v2\/product"}],"about":[{"href":"https:\/\/www.gasia.com.tr\/en\/wp-json\/wp\/v2\/types\/product"}],"replies":[{"embeddable":true,"href":"https:\/\/www.gasia.com.tr\/en\/wp-json\/wp\/v2\/comments?post=42915"}],"version-history":[{"count":2,"href":"https:\/\/www.gasia.com.tr\/en\/wp-json\/wp\/v2\/product\/42915\/revisions"}],"predecessor-version":[{"id":42918,"href":"https:\/\/www.gasia.com.tr\/en\/wp-json\/wp\/v2\/product\/42915\/revisions\/42918"}],"wp:featuredmedia":[{"embeddable":true,"href":"https:\/\/www.gasia.com.tr\/en\/wp-json\/wp\/v2\/media\/42916"}],"wp:attachment":[{"href":"https:\/\/www.gasia.com.tr\/en\/wp-json\/wp\/v2\/media?parent=42915"}],"wp:term":[{"taxonomy":"product_brand","embeddable":true,"href":"https:\/\/www.gasia.com.tr\/en\/wp-json\/wp\/v2\/product_brand?post=42915"},{"taxonomy":"product_cat","embeddable":true,"href":"https:\/\/www.gasia.com.tr\/en\/wp-json\/wp\/v2\/product_cat?post=42915"},{"taxonomy":"product_tag","embeddable":true,"href":"https:\/\/www.gasia.com.tr\/en\/wp-json\/wp\/v2\/product_tag?post=42915"}],"curies":[{"name":"wp","href":"https:\/\/api.w.org\/{rel}","templated":true}]}}