{"id":42954,"date":"2026-01-30T14:00:21","date_gmt":"2026-01-30T11:00:21","guid":{"rendered":"https:\/\/www.gasia.com.tr\/?post_type=product&#038;p=42954"},"modified":"2026-04-27T16:22:23","modified_gmt":"2026-04-27T13:22:23","slug":"okside-gumus-yildiz-formlu-beyaz-pirlanta-siyah-ve-kirmizi-spinel-tasli-altin-zincir-kolye","status":"publish","type":"product","link":"https:\/\/www.gasia.com.tr\/en\/collections\/okside-gumus-yildiz-formlu-beyaz-pirlanta-siyah-ve-kirmizi-spinel-tasli-altin-zincir-kolye\/","title":{"rendered":"Okside G\u00fcm\u00fc\u015f Y\u0131ld\u0131z Formlu Beyaz P\u0131rlanta, Siyah ve K\u0131rm\u0131z\u0131 Spinel Ta\u015fl\u0131 Alt\u0131n Zincir Kolye"},"content":{"rendered":"<p>Y\u0131ld\u0131z formunun dikkat \u00e7ekici geometrisiyle tasarlanan bu kolye, okside g\u00fcm\u00fc\u015f y\u00fczeyi \u00fczerinde beyaz p\u0131rlantan\u0131n \u0131\u015f\u0131lt\u0131s\u0131n\u0131 k\u0131rm\u0131z\u0131 ve siyah spinel\u00a0 ta\u015flar\u0131n canl\u0131 tonlar\u0131yla bulu\u015fturur. Derin kontrast yaratan ta\u015f dizilimi, merkezdeki p\u0131rlanta ile g\u00fc\u00e7l\u00fc bir odak noktas\u0131 olu\u015ftururken \u00e7evresindeki spineller tasar\u0131ma s\u0131cak ve enerjik bir ifade katar. \u0130nce i\u015f\u00e7ilikle haz\u0131rlanm\u0131\u015f detaylar kolyeye zengin bir karakter kazand\u0131r\u0131rken, alt\u0131n zincir tasar\u0131m\u0131 dengeli bir b\u00fct\u00fcnl\u00fck sunar. G\u00fcnl\u00fck stilinize iddial\u0131 bir dokunu\u015f katan bu par\u00e7a, \u00f6zel anlarda da dikkat \u00e7ekici bir tamamlay\u0131c\u0131d\u0131r.<\/p>","protected":false},"excerpt":{"rendered":"<ul>\n<li>14 Ayar Alt\u0131n<\/li>\n<li>925 Ayar Okside G\u00fcm\u00fc\u015f<\/li>\n<li>0,02 ct Beyaz P\u0131rlanta<\/li>\n<li>0,13 ct siyah Spinel<\/li>\n<li>0,06 ct K\u0131rm\u0131z\u0131 Spinel<\/li>\n<li>42 cm zincir uzunlu\u011fu<\/li>\n<\/ul>","protected":false},"featured_media":42955,"comment_status":"open","ping_status":"closed","template":"","meta":[],"product_brand":[2718],"product_cat":[208,247,75],"product_tag":[1476,2098,1358,633,294,1641,1647,3790,473,1365,490,276,1435,1352,2936,274,1452,1632,610,2934],"class_list":{"0":"post-42954","1":"product","2":"type-product","3":"status-publish","4":"has-post-thumbnail","6":"product_brand-gasia-casuals","7":"product_cat-yildiz-mucevher-modelleri","8":"product_cat-hediyelik","9":"product_cat-kolye","10":"product_tag-altin-zincir-kolye","11":"product_tag-beyaz-pirlanta-kolye","12":"product_tag-black-diamond-necklace","13":"product_tag-designer-necklace","14":"product_tag-diamond-necklace","15":"product_tag-gift-necklace","16":"product_tag-gold-chain-necklace","17":"product_tag-hediyelik-kolye","18":"product_tag-kadin-kolye","19":"product_tag-okside-gumus-kolye","20":"product_tag-oxidized-silver-necklace","21":"product_tag-pirlanta-kolye","22":"product_tag-ruby-necklace","23":"product_tag-siyah-pirlanta-kolye","24":"product_tag-star-necklace","25":"product_tag-tasarim-kolye","26":"product_tag-white-diamond-necklace","27":"product_tag-women-necklace","28":"product_tag-yakut-kolye","29":"product_tag-yildiz-kolye","30":"pa_cinsiyet-kadin","32":"first","33":"instock","34":"sale","35":"shipping-taxable","36":"purchasable","37":"product-type-simple"},"_links":{"self":[{"href":"https:\/\/www.gasia.com.tr\/en\/wp-json\/wp\/v2\/product\/42954","targetHints":{"allow":["GET"]}}],"collection":[{"href":"https:\/\/www.gasia.com.tr\/en\/wp-json\/wp\/v2\/product"}],"about":[{"href":"https:\/\/www.gasia.com.tr\/en\/wp-json\/wp\/v2\/types\/product"}],"replies":[{"embeddable":true,"href":"https:\/\/www.gasia.com.tr\/en\/wp-json\/wp\/v2\/comments?post=42954"}],"version-history":[{"count":4,"href":"https:\/\/www.gasia.com.tr\/en\/wp-json\/wp\/v2\/product\/42954\/revisions"}],"predecessor-version":[{"id":42986,"href":"https:\/\/www.gasia.com.tr\/en\/wp-json\/wp\/v2\/product\/42954\/revisions\/42986"}],"wp:featuredmedia":[{"embeddable":true,"href":"https:\/\/www.gasia.com.tr\/en\/wp-json\/wp\/v2\/media\/42955"}],"wp:attachment":[{"href":"https:\/\/www.gasia.com.tr\/en\/wp-json\/wp\/v2\/media?parent=42954"}],"wp:term":[{"taxonomy":"product_brand","embeddable":true,"href":"https:\/\/www.gasia.com.tr\/en\/wp-json\/wp\/v2\/product_brand?post=42954"},{"taxonomy":"product_cat","embeddable":true,"href":"https:\/\/www.gasia.com.tr\/en\/wp-json\/wp\/v2\/product_cat?post=42954"},{"taxonomy":"product_tag","embeddable":true,"href":"https:\/\/www.gasia.com.tr\/en\/wp-json\/wp\/v2\/product_tag?post=42954"}],"curies":[{"name":"wp","href":"https:\/\/api.w.org\/{rel}","templated":true}]}}