{"id":42977,"date":"2026-01-02T15:58:04","date_gmt":"2026-01-02T12:58:04","guid":{"rendered":"https:\/\/www.gasia.com.tr\/?post_type=product&#038;p=42977"},"modified":"2026-05-05T14:49:04","modified_gmt":"2026-05-05T11:49:04","slug":"okside-gumus-yaprak-formlu-pirlanta-tasli-altin-zincir-kolye","status":"publish","type":"product","link":"https:\/\/www.gasia.com.tr\/en\/collections\/okside-gumus-yaprak-formlu-pirlanta-tasli-altin-zincir-kolye\/","title":{"rendered":"Okside G\u00fcm\u00fc\u015f Yaprak Formlu P\u0131rlanta Ta\u015fl\u0131 Alt\u0131n Zincir Kolye"},"content":{"rendered":"<p>Do\u011fal yaprak formundan ilham alan bu kolye, okside g\u00fcm\u00fc\u015f y\u00fczeyi ve p\u0131rlanta ta\u015f detaylar\u0131yla zarif bir g\u00f6r\u00fcn\u00fcm sunar. Yapra\u011f\u0131n k\u0131vr\u0131ml\u0131 hatlar\u0131 boyunca yerle\u015ftirilen p\u0131rlantalar, tasar\u0131ma \u0131\u015f\u0131lt\u0131l\u0131 bir derinlik kazand\u0131r\u0131rken ince i\u015f\u00e7ilik detaylar\u0131 kolyeye estetik bir karakter katar. Alt\u0131n zincir ile tamamlanan bu \u00f6zel par\u00e7a, kontrast renk uyumuyla dikkat \u00e7ekici bir stil olu\u015fturur. G\u00fcnl\u00fck kullan\u0131mda sade \u015f\u0131kl\u0131\u011f\u0131 tamamlayan, \u00f6zel anlarda ise zarif bir vurgu yapan anlaml\u0131 bir aksesuard\u0131r.<\/p>","protected":false},"excerpt":{"rendered":"<p>Do\u011fal yaprak formundan ilham alan bu kolye, okside g\u00fcm\u00fc\u015f y\u00fczeyi ve p\u0131rlanta ta\u015f detaylar\u0131yla zarif bir g\u00f6r\u00fcn\u00fcm sunar. Yapra\u011f\u0131n k\u0131vr\u0131ml\u0131<\/p>","protected":false},"featured_media":42979,"comment_status":"open","ping_status":"closed","template":"","meta":[],"product_brand":[2718],"product_cat":[75],"product_tag":[1476,633,294,811,1641,1647,3790,473,2154,1365,490,276,274,329,1632,2152],"class_list":{"0":"post-42977","1":"product","2":"type-product","3":"status-publish","4":"has-post-thumbnail","6":"product_brand-gasia-casuals","7":"product_cat-kolye","8":"product_tag-altin-zincir-kolye","9":"product_tag-designer-necklace","10":"product_tag-diamond-necklace","11":"product_tag-gemstone-necklace","12":"product_tag-gift-necklace","13":"product_tag-gold-chain-necklace","14":"product_tag-hediyelik-kolye","15":"product_tag-kadin-kolye","16":"product_tag-leaf-necklace","17":"product_tag-okside-gumus-kolye","18":"product_tag-oxidized-silver-necklace","19":"product_tag-pirlanta-kolye","20":"product_tag-tasarim-kolye","21":"product_tag-tasli-kolye","22":"product_tag-women-necklace","23":"product_tag-yaprak-kolye","24":"pa_cinsiyet-kadin","26":"first","27":"instock","28":"shipping-taxable","29":"purchasable","30":"product-type-simple"},"_links":{"self":[{"href":"https:\/\/www.gasia.com.tr\/en\/wp-json\/wp\/v2\/product\/42977","targetHints":{"allow":["GET"]}}],"collection":[{"href":"https:\/\/www.gasia.com.tr\/en\/wp-json\/wp\/v2\/product"}],"about":[{"href":"https:\/\/www.gasia.com.tr\/en\/wp-json\/wp\/v2\/types\/product"}],"replies":[{"embeddable":true,"href":"https:\/\/www.gasia.com.tr\/en\/wp-json\/wp\/v2\/comments?post=42977"}],"version-history":[{"count":1,"href":"https:\/\/www.gasia.com.tr\/en\/wp-json\/wp\/v2\/product\/42977\/revisions"}],"predecessor-version":[{"id":42980,"href":"https:\/\/www.gasia.com.tr\/en\/wp-json\/wp\/v2\/product\/42977\/revisions\/42980"}],"wp:featuredmedia":[{"embeddable":true,"href":"https:\/\/www.gasia.com.tr\/en\/wp-json\/wp\/v2\/media\/42979"}],"wp:attachment":[{"href":"https:\/\/www.gasia.com.tr\/en\/wp-json\/wp\/v2\/media?parent=42977"}],"wp:term":[{"taxonomy":"product_brand","embeddable":true,"href":"https:\/\/www.gasia.com.tr\/en\/wp-json\/wp\/v2\/product_brand?post=42977"},{"taxonomy":"product_cat","embeddable":true,"href":"https:\/\/www.gasia.com.tr\/en\/wp-json\/wp\/v2\/product_cat?post=42977"},{"taxonomy":"product_tag","embeddable":true,"href":"https:\/\/www.gasia.com.tr\/en\/wp-json\/wp\/v2\/product_tag?post=42977"}],"curies":[{"name":"wp","href":"https:\/\/api.w.org\/{rel}","templated":true}]}}