{"id":42981,"date":"2025-01-02T16:01:28","date_gmt":"2025-01-02T13:01:28","guid":{"rendered":"https:\/\/www.gasia.com.tr\/?post_type=product&#038;p=42981"},"modified":"2026-04-27T16:03:13","modified_gmt":"2026-04-27T13:03:13","slug":"okside-gumus-tuy-formlu-pirlanta-tasli-altin-zincir-kolye","status":"publish","type":"product","link":"https:\/\/www.gasia.com.tr\/en\/collections\/okside-gumus-tuy-formlu-pirlanta-tasli-altin-zincir-kolye\/","title":{"rendered":"Okside G\u00fcm\u00fc\u015f T\u00fcy Formlu P\u0131rlanta Ta\u015fl\u0131 Alt\u0131n Zincir Kolye"},"content":{"rendered":"<p>Do\u011fan\u0131n zarif dokular\u0131ndan ilham alan t\u00fcy formu, okside g\u00fcm\u00fc\u015f y\u00fczey ile birle\u015ferek g\u00fc\u00e7l\u00fc ve estetik bir g\u00f6r\u00fcn\u00fcm sunar. T\u00fcy\u00fcn orta hatt\u0131nda yer alan p\u0131rlanta ta\u015f dizilimi, tasar\u0131ma ince bir \u0131\u015f\u0131lt\u0131 katarken detayl\u0131 i\u015f\u00e7ilik kolyeye derinlik kazand\u0131r\u0131r. Alt\u0131n zincir ile tamamlanan bu \u00f6zel par\u00e7a, kontrast renk uyumuyla dikkat \u00e7eker. G\u00fcnl\u00fck kullan\u0131mda stilinize zarif bir dokunu\u015f ekleyen bu kolye, sade ama karakterli bir g\u00f6r\u00fcn\u00fcm arayanlar i\u00e7in ideal bir se\u00e7imdir.<\/p>","protected":false},"excerpt":{"rendered":"<p>Do\u011fan\u0131n zarif dokular\u0131ndan ilham alan t\u00fcy formu, okside g\u00fcm\u00fc\u015f y\u00fczey ile birle\u015ferek g\u00fc\u00e7l\u00fc ve estetik bir g\u00f6r\u00fcn\u00fcm sunar. T\u00fcy\u00fcn orta<\/p>","protected":false},"featured_media":42982,"comment_status":"open","ping_status":"closed","template":"","meta":[],"product_brand":[2718],"product_cat":[75],"product_tag":[1476,633,294,1742,811,1641,1647,3790,473,1365,490,276,274,329,805,1632],"class_list":{"0":"post-42981","1":"product","2":"type-product","3":"status-publish","4":"has-post-thumbnail","6":"product_brand-gasia-casuals","7":"product_cat-kolye","8":"product_tag-altin-zincir-kolye","9":"product_tag-designer-necklace","10":"product_tag-diamond-necklace","11":"product_tag-feather-necklace","12":"product_tag-gemstone-necklace","13":"product_tag-gift-necklace","14":"product_tag-gold-chain-necklace","15":"product_tag-hediyelik-kolye","16":"product_tag-kadin-kolye","17":"product_tag-okside-gumus-kolye","18":"product_tag-oxidized-silver-necklace","19":"product_tag-pirlanta-kolye","20":"product_tag-tasarim-kolye","21":"product_tag-tasli-kolye","22":"product_tag-tuy-kolye","23":"product_tag-women-necklace","24":"pa_cinsiyet-kadin","26":"first","27":"instock","28":"shipping-taxable","29":"product-type-simple"},"_links":{"self":[{"href":"https:\/\/www.gasia.com.tr\/en\/wp-json\/wp\/v2\/product\/42981","targetHints":{"allow":["GET"]}}],"collection":[{"href":"https:\/\/www.gasia.com.tr\/en\/wp-json\/wp\/v2\/product"}],"about":[{"href":"https:\/\/www.gasia.com.tr\/en\/wp-json\/wp\/v2\/types\/product"}],"replies":[{"embeddable":true,"href":"https:\/\/www.gasia.com.tr\/en\/wp-json\/wp\/v2\/comments?post=42981"}],"version-history":[{"count":2,"href":"https:\/\/www.gasia.com.tr\/en\/wp-json\/wp\/v2\/product\/42981\/revisions"}],"predecessor-version":[{"id":42984,"href":"https:\/\/www.gasia.com.tr\/en\/wp-json\/wp\/v2\/product\/42981\/revisions\/42984"}],"wp:featuredmedia":[{"embeddable":true,"href":"https:\/\/www.gasia.com.tr\/en\/wp-json\/wp\/v2\/media\/42982"}],"wp:attachment":[{"href":"https:\/\/www.gasia.com.tr\/en\/wp-json\/wp\/v2\/media?parent=42981"}],"wp:term":[{"taxonomy":"product_brand","embeddable":true,"href":"https:\/\/www.gasia.com.tr\/en\/wp-json\/wp\/v2\/product_brand?post=42981"},{"taxonomy":"product_cat","embeddable":true,"href":"https:\/\/www.gasia.com.tr\/en\/wp-json\/wp\/v2\/product_cat?post=42981"},{"taxonomy":"product_tag","embeddable":true,"href":"https:\/\/www.gasia.com.tr\/en\/wp-json\/wp\/v2\/product_tag?post=42981"}],"curies":[{"name":"wp","href":"https:\/\/api.w.org\/{rel}","templated":true}]}}