{"id":43022,"date":"2026-04-28T15:19:43","date_gmt":"2026-04-28T12:19:43","guid":{"rendered":"https:\/\/www.gasia.com.tr\/?post_type=product&#038;p=43022"},"modified":"2026-04-28T16:20:53","modified_gmt":"2026-04-28T13:20:53","slug":"yakut-ve-pirlantali-cilek-kolye","status":"publish","type":"product","link":"https:\/\/www.gasia.com.tr\/en\/collections\/yakut-ve-pirlantali-cilek-kolye\/","title":{"rendered":"Yakut ve P\u0131rlantal\u0131 \u00c7ilek Kolye"},"content":{"rendered":"<p>Do\u011fadan ilham alan zarif bir tasar\u0131m\u2026 \u00c7ilek formunda tasarlanan bu \u00f6zel kolye, canl\u0131 yakut ta\u015flar\u0131n s\u0131cak k\u0131rm\u0131z\u0131 tonlar\u0131yla hayat bulurken, \u00fcst k\u0131sm\u0131ndaki p\u0131rlanta detaylar \u0131\u015f\u0131lt\u0131l\u0131 bir dokunu\u015f sunar. Alt\u0131n zincir ile tamamlanan bu \u015f\u0131k par\u00e7a, hem e\u011flenceli hem de sofistike bir stil yarat\u0131r. G\u00fcnl\u00fck kullan\u0131ma enerjik bir dokunu\u015f katarken, \u00f6zel anlar i\u00e7in de anlaml\u0131 ve dikkat \u00e7ekici bir hediye alternatifi sunar.<\/p>","protected":false},"excerpt":{"rendered":"<ul>\n<li>18 Ayar Alt\u0131n<\/li>\n<li>0,06 ct P\u0131rlanta<\/li>\n<li>0,06 ct Yakut<\/li>\n<li>50 cm uzunlu\u011funda zincir<\/li>\n<\/ul>","protected":false},"featured_media":43023,"comment_status":"open","ping_status":"closed","template":"","meta":[],"product_brand":[2718],"product_cat":[75,247],"product_tag":[278,3822,294,1637,811,322,276,2741,1435,474,3823,610],"class_list":{"0":"post-43022","1":"product","2":"type-product","3":"status-publish","4":"has-post-thumbnail","6":"product_brand-gasia-casuals","7":"product_cat-kolye","8":"product_cat-hediyelik","9":"product_tag-altin-kolye","10":"product_tag-cilek-kolye","11":"product_tag-diamond-necklace","12":"product_tag-elegant-necklace","13":"product_tag-gemstone-necklace","14":"product_tag-gold-necklace","15":"product_tag-pirlanta-kolye","16":"product_tag-renkli-tasli-kolye","17":"product_tag-ruby-necklace","18":"product_tag-sik-kolye","19":"product_tag-strawberry-necklace","20":"product_tag-yakut-kolye","21":"pa_cinsiyet-kadin","23":"first","24":"instock","25":"shipping-taxable","26":"purchasable","27":"product-type-simple"},"_links":{"self":[{"href":"https:\/\/www.gasia.com.tr\/en\/wp-json\/wp\/v2\/product\/43022","targetHints":{"allow":["GET"]}}],"collection":[{"href":"https:\/\/www.gasia.com.tr\/en\/wp-json\/wp\/v2\/product"}],"about":[{"href":"https:\/\/www.gasia.com.tr\/en\/wp-json\/wp\/v2\/types\/product"}],"replies":[{"embeddable":true,"href":"https:\/\/www.gasia.com.tr\/en\/wp-json\/wp\/v2\/comments?post=43022"}],"version-history":[{"count":3,"href":"https:\/\/www.gasia.com.tr\/en\/wp-json\/wp\/v2\/product\/43022\/revisions"}],"predecessor-version":[{"id":43049,"href":"https:\/\/www.gasia.com.tr\/en\/wp-json\/wp\/v2\/product\/43022\/revisions\/43049"}],"wp:featuredmedia":[{"embeddable":true,"href":"https:\/\/www.gasia.com.tr\/en\/wp-json\/wp\/v2\/media\/43023"}],"wp:attachment":[{"href":"https:\/\/www.gasia.com.tr\/en\/wp-json\/wp\/v2\/media?parent=43022"}],"wp:term":[{"taxonomy":"product_brand","embeddable":true,"href":"https:\/\/www.gasia.com.tr\/en\/wp-json\/wp\/v2\/product_brand?post=43022"},{"taxonomy":"product_cat","embeddable":true,"href":"https:\/\/www.gasia.com.tr\/en\/wp-json\/wp\/v2\/product_cat?post=43022"},{"taxonomy":"product_tag","embeddable":true,"href":"https:\/\/www.gasia.com.tr\/en\/wp-json\/wp\/v2\/product_tag?post=43022"}],"curies":[{"name":"wp","href":"https:\/\/api.w.org\/{rel}","templated":true}]}}