{"id":43028,"date":"2026-04-28T15:39:21","date_gmt":"2026-04-28T12:39:21","guid":{"rendered":"https:\/\/www.gasia.com.tr\/?post_type=product&#038;p=43028"},"modified":"2026-04-28T15:49:01","modified_gmt":"2026-04-28T12:49:01","slug":"yakut-ve-pirlanta-ugur-bocegi-figurlu-nazar-goz-altin-kolye","status":"publish","type":"product","link":"https:\/\/www.gasia.com.tr\/en\/collections\/yakut-ve-pirlanta-ugur-bocegi-figurlu-nazar-goz-altin-kolye\/","title":{"rendered":"Yakut ve P\u0131rlanta U\u011fur B\u00f6ce\u011fi Fig\u00fcrl\u00fc Nazar G\u00f6z Alt\u0131n Kolye"},"content":{"rendered":"<p>\u015eans ve korunman\u0131n zarif birle\u015fimi\u2026 Bu \u00f6zel tasar\u0131m kolye, nazar g\u00f6z formunu modern bir yorumla sunarken, \u00fczerinde yer alan u\u011fur b\u00f6ce\u011fi fig\u00fcr\u00fcyle anlam\u0131n\u0131 g\u00fc\u00e7lendirir. U\u011fur b\u00f6ce\u011fi detay\u0131nda kullan\u0131lan yakut ta\u015flar s\u0131cak ve canl\u0131 bir g\u00f6r\u00fcn\u00fcm sunarken, g\u00f6z formundaki p\u0131rlantalar tasar\u0131ma \u0131\u015f\u0131lt\u0131 katar. Alt\u0131n zincir ile tamamlanan bu \u015f\u0131k par\u00e7a, hem anlaml\u0131 hem de estetik bir stil sunarak g\u00fcnl\u00fck kullan\u0131mda ve \u00f6zel anlarda dikkat \u00e7ekici bir tamamlay\u0131c\u0131 olur.<\/p>","protected":false},"excerpt":{"rendered":"<p>\u015eans ve korunman\u0131n zarif birle\u015fimi\u2026 Bu \u00f6zel tasar\u0131m kolye, nazar g\u00f6z formunu modern bir yorumla sunarken, \u00fczerinde yer alan u\u011fur<\/p>","protected":false},"featured_media":43029,"comment_status":"open","ping_status":"closed","template":"","meta":[],"product_brand":[2718],"product_cat":[247,75,198],"product_tag":[278,1029,294,726,322,3825,642,280,276,1435,284,2679,3824,610],"class_list":{"0":"post-43028","1":"product","2":"type-product","3":"status-publish","4":"has-post-thumbnail","6":"product_brand-gasia-casuals","7":"product_cat-hediyelik","8":"product_cat-kolye","9":"product_cat-eye-collection","10":"product_tag-altin-kolye","11":"product_tag-anlamli-taki","12":"product_tag-diamond-necklace","13":"product_tag-evil-eye-necklace","14":"product_tag-gold-necklace","15":"product_tag-ladybug-necklace","16":"product_tag-lucky-charm-necklace","17":"product_tag-nazar-kolye","18":"product_tag-pirlanta-kolye","19":"product_tag-ruby-necklace","20":"product_tag-sans-kolyesi","21":"product_tag-symbolic-jewelry","22":"product_tag-ugur-bocegi-kolye","23":"product_tag-yakut-kolye","24":"pa_cinsiyet-kadin","26":"first","27":"instock","28":"shipping-taxable","29":"product-type-simple"},"_links":{"self":[{"href":"https:\/\/www.gasia.com.tr\/en\/wp-json\/wp\/v2\/product\/43028","targetHints":{"allow":["GET"]}}],"collection":[{"href":"https:\/\/www.gasia.com.tr\/en\/wp-json\/wp\/v2\/product"}],"about":[{"href":"https:\/\/www.gasia.com.tr\/en\/wp-json\/wp\/v2\/types\/product"}],"replies":[{"embeddable":true,"href":"https:\/\/www.gasia.com.tr\/en\/wp-json\/wp\/v2\/comments?post=43028"}],"version-history":[{"count":1,"href":"https:\/\/www.gasia.com.tr\/en\/wp-json\/wp\/v2\/product\/43028\/revisions"}],"predecessor-version":[{"id":43030,"href":"https:\/\/www.gasia.com.tr\/en\/wp-json\/wp\/v2\/product\/43028\/revisions\/43030"}],"wp:featuredmedia":[{"embeddable":true,"href":"https:\/\/www.gasia.com.tr\/en\/wp-json\/wp\/v2\/media\/43029"}],"wp:attachment":[{"href":"https:\/\/www.gasia.com.tr\/en\/wp-json\/wp\/v2\/media?parent=43028"}],"wp:term":[{"taxonomy":"product_brand","embeddable":true,"href":"https:\/\/www.gasia.com.tr\/en\/wp-json\/wp\/v2\/product_brand?post=43028"},{"taxonomy":"product_cat","embeddable":true,"href":"https:\/\/www.gasia.com.tr\/en\/wp-json\/wp\/v2\/product_cat?post=43028"},{"taxonomy":"product_tag","embeddable":true,"href":"https:\/\/www.gasia.com.tr\/en\/wp-json\/wp\/v2\/product_tag?post=43028"}],"curies":[{"name":"wp","href":"https:\/\/api.w.org\/{rel}","templated":true}]}}