{"id":43031,"date":"2026-04-28T15:48:17","date_gmt":"2026-04-28T12:48:17","guid":{"rendered":"https:\/\/www.gasia.com.tr\/?post_type=product&#038;p=43031"},"modified":"2026-04-29T18:16:45","modified_gmt":"2026-04-29T15:16:45","slug":"atnali-figurlu-yuzuk-altin-zincir-okside-gumus-ve-pirlanta-detayli","status":"publish","type":"product","link":"https:\/\/www.gasia.com.tr\/en\/collections\/atnali-figurlu-yuzuk-altin-zincir-okside-gumus-ve-pirlanta-detayli\/","title":{"rendered":"Atnal\u0131 Fig\u00fcrl\u00fc Y\u00fcz\u00fck \u2013 Alt\u0131n Zincir, Okside G\u00fcm\u00fc\u015f ve P\u0131rlanta Detayl\u0131"},"content":{"rendered":"<p data-start=\"378\" data-end=\"600\">Dokulu okside g\u00fcm\u00fc\u015f y\u00fczey, y\u00fcz\u00fc\u011fe ham ve karakterli bir g\u00f6r\u00fcn\u00fcm kazand\u0131r\u0131r. Tasar\u0131m\u0131n merkezinde yer alan atnal\u0131 formu, p\u0131rlanta ta\u015flarla \u00e7evrelenerek \u0131\u015f\u0131\u011f\u0131 etkili \u015fekilde yans\u0131t\u0131r ve par\u00e7aya dikkat \u00e7ekici bir vurgu katar.<\/p>\n<p data-start=\"602\" data-end=\"794\">Alt\u0131n zincir detay\u0131, g\u00fcm\u00fc\u015f y\u00fczeyle kontrast olu\u015fturarak tasar\u0131ma hareket ve derinlik kazand\u0131r\u0131r. Bu farkl\u0131 materyallerin dengeli birlikteli\u011fi, y\u00fcz\u00fc\u011f\u00fc hem g\u00fc\u00e7l\u00fc hem de rafine bir noktaya ta\u015f\u0131r.<\/p>\n<p data-start=\"796\" data-end=\"930\">G\u00fcnl\u00fck kullan\u0131mda stiline karakter katmak isteyenler i\u00e7in oldu\u011fu kadar, farkl\u0131 ve dikkat \u00e7ekici bir par\u00e7a arayanlar i\u00e7in de \u00f6ne \u00e7\u0131kar.<\/p>","protected":false},"excerpt":{"rendered":"<ul>\n<li>14 Ayar Alt\u0131n<\/li>\n<li>925 Ayar Okside G\u00fcm\u00fc\u015f<\/li>\n<li>0,14 ct P\u0131rlanta<\/li>\n<\/ul>","protected":false},"featured_media":43032,"comment_status":"open","ping_status":"closed","template":"","meta":[],"product_brand":[2718],"product_cat":[247,198,76],"product_tag":[1383,3826,3827,3829,3828,521,1065,2076,335,562],"class_list":{"0":"post-43031","1":"product","2":"type-product","3":"status-publish","4":"has-post-thumbnail","6":"product_brand-gasia-casuals","7":"product_cat-hediyelik","8":"product_cat-eye-collection","9":"product_cat-yuzuk-modelleri","10":"product_tag-altin-zincir-yuzuk","11":"product_tag-atnali-yuzuk","12":"product_tag-figurlu-yuzuk","13":"product_tag-karakter-yuzuk","14":"product_tag-kontrast-metal-yuzuk","15":"product_tag-modern-yuzuk","16":"product_tag-okside-gumus-yuzuk","17":"product_tag-ozel-tasarim-yuzuk","18":"product_tag-pirlanta-yuzuk","19":"product_tag-tasli-yuzuk","20":"pa_cinsiyet-kadin","22":"first","23":"instock","24":"shipping-taxable","25":"purchasable","26":"product-type-simple"},"_links":{"self":[{"href":"https:\/\/www.gasia.com.tr\/en\/wp-json\/wp\/v2\/product\/43031","targetHints":{"allow":["GET"]}}],"collection":[{"href":"https:\/\/www.gasia.com.tr\/en\/wp-json\/wp\/v2\/product"}],"about":[{"href":"https:\/\/www.gasia.com.tr\/en\/wp-json\/wp\/v2\/types\/product"}],"replies":[{"embeddable":true,"href":"https:\/\/www.gasia.com.tr\/en\/wp-json\/wp\/v2\/comments?post=43031"}],"version-history":[{"count":3,"href":"https:\/\/www.gasia.com.tr\/en\/wp-json\/wp\/v2\/product\/43031\/revisions"}],"predecessor-version":[{"id":43114,"href":"https:\/\/www.gasia.com.tr\/en\/wp-json\/wp\/v2\/product\/43031\/revisions\/43114"}],"wp:featuredmedia":[{"embeddable":true,"href":"https:\/\/www.gasia.com.tr\/en\/wp-json\/wp\/v2\/media\/43032"}],"wp:attachment":[{"href":"https:\/\/www.gasia.com.tr\/en\/wp-json\/wp\/v2\/media?parent=43031"}],"wp:term":[{"taxonomy":"product_brand","embeddable":true,"href":"https:\/\/www.gasia.com.tr\/en\/wp-json\/wp\/v2\/product_brand?post=43031"},{"taxonomy":"product_cat","embeddable":true,"href":"https:\/\/www.gasia.com.tr\/en\/wp-json\/wp\/v2\/product_cat?post=43031"},{"taxonomy":"product_tag","embeddable":true,"href":"https:\/\/www.gasia.com.tr\/en\/wp-json\/wp\/v2\/product_tag?post=43031"}],"curies":[{"name":"wp","href":"https:\/\/api.w.org\/{rel}","templated":true}]}}