{"id":43035,"date":"2026-04-28T16:00:05","date_gmt":"2026-04-28T13:00:05","guid":{"rendered":"https:\/\/www.gasia.com.tr\/?post_type=product&#038;p=43035"},"modified":"2026-04-28T16:37:54","modified_gmt":"2026-04-28T13:37:54","slug":"el-isciligi-deri-bilezik-renkli-pirlanta-tasli-fleur-de-lis-motifli-genis-bileklik","status":"publish","type":"product","link":"https:\/\/www.gasia.com.tr\/en\/collections\/el-isciligi-deri-bilezik-renkli-pirlanta-tasli-fleur-de-lis-motifli-genis-bileklik\/","title":{"rendered":"El \u0130\u015f\u00e7ili\u011fi Deri Bilezik \u2013 Renkli P\u0131rlanta Ta\u015fl\u0131 Fleur-de-Lis Motifli Geni\u015f Bileklik"},"content":{"rendered":"<p>G\u00fc\u00e7l\u00fc ve dikkat \u00e7ekici tasar\u0131m\u0131yla \u00f6ne \u00e7\u0131kan bu geni\u015f deri bilezik, stiline karakter katmak isteyenler i\u00e7in \u00f6zel olarak haz\u0131rland\u0131. Dokulu kahverengi deri y\u00fczey, do\u011fal ve zengin bir g\u00f6r\u00fcn\u00fcm sunarken, merkezde yer alan fleur-de-lis formundaki metal detay renkli p\u0131rlanta ta\u015flarla hareket kazan\u0131yor. I\u015f\u0131\u011fa g\u00f6re farkl\u0131 tonlar yans\u0131tan ta\u015flar, bilekli\u011fe dinamik ve g\u00f6z al\u0131c\u0131 bir etki katar. Geni\u015f yap\u0131s\u0131 sayesinde tek ba\u015f\u0131na g\u00fc\u00e7l\u00fc bir stil ifadesi olu\u015fturur. G\u00fcnl\u00fck kullan\u0131mdan \u00f6zel davetlere kadar farkl\u0131 kombinlerle rahatl\u0131kla uyum sa\u011flar. \u00d6zenli i\u015f\u00e7ili\u011fi ve detaylara verilen \u00f6nem ile uzun s\u00fcre keyifle kullan\u0131labilecek bir tasar\u0131md\u0131r.<\/p>","protected":false},"excerpt":{"rendered":"<ul>\n<li>18 Ayar Alt\u0131n<\/li>\n<li>925 Ayar Okside G\u00fcm\u00fc\u015f<\/li>\n<li>1,07 ct P\u0131rlanta<\/li>\n<\/ul>","protected":false},"featured_media":43036,"comment_status":"open","ping_status":"closed","template":"","meta":[],"product_brand":[77],"product_cat":[249,73,264],"product_tag":[3837,551,3831,3762,420,3834,3740,540,3444,3399,2202,2188,3835,544,3832,367,510,2605,3839,3838,3830,1805,3748,3833,3836],"class_list":{"0":"post-43035","1":"product","2":"type-product","3":"status-publish","4":"has-post-thumbnail","6":"product_brand-gasia","7":"product_cat-fleur-de-lis-koleksiyonu","8":"product_cat-altin-pirlanta-bileklik","9":"product_cat-gasia-1974-koleksiyonu","10":"product_tag-artisan-leather-bracelet","11":"product_tag-brown-leather-bracelet","12":"product_tag-colored-diamond-bracelet","13":"product_tag-deri-bilezik","14":"product_tag-designer-bracelet","15":"product_tag-diamond-embellished-bracelet","16":"product_tag-el-yapimi-bilezik","17":"product_tag-erkek-deri-bileklik","18":"product_tag-fleur-de-lis-bileklik","19":"product_tag-fleur-de-lis-bracelet","20":"product_tag-genis-bileklik","21":"product_tag-handmade-bracelet","22":"product_tag-kadin-deri-bileklik","23":"product_tag-kahverengi-deri-bileklik","24":"product_tag-leather-cuff-bracelet","25":"product_tag-luks-bileklik","26":"product_tag-luxury-bracelet","27":"product_tag-men-leather-bracelet","28":"product_tag-multicolor-diamond-cuff","29":"product_tag-ozel-tasarim-bilezik","30":"product_tag-renkli-pirlanta-bilezik","31":"product_tag-statement-bracelet","32":"product_tag-tasli-bilezik","33":"product_tag-wide-bracelet","34":"product_tag-women-leather-cuff","35":"pa_cinsiyet-kadin","37":"first","38":"instock","39":"shipping-taxable","40":"purchasable","41":"product-type-simple"},"_links":{"self":[{"href":"https:\/\/www.gasia.com.tr\/en\/wp-json\/wp\/v2\/product\/43035","targetHints":{"allow":["GET"]}}],"collection":[{"href":"https:\/\/www.gasia.com.tr\/en\/wp-json\/wp\/v2\/product"}],"about":[{"href":"https:\/\/www.gasia.com.tr\/en\/wp-json\/wp\/v2\/types\/product"}],"replies":[{"embeddable":true,"href":"https:\/\/www.gasia.com.tr\/en\/wp-json\/wp\/v2\/comments?post=43035"}],"version-history":[{"count":3,"href":"https:\/\/www.gasia.com.tr\/en\/wp-json\/wp\/v2\/product\/43035\/revisions"}],"predecessor-version":[{"id":43055,"href":"https:\/\/www.gasia.com.tr\/en\/wp-json\/wp\/v2\/product\/43035\/revisions\/43055"}],"wp:featuredmedia":[{"embeddable":true,"href":"https:\/\/www.gasia.com.tr\/en\/wp-json\/wp\/v2\/media\/43036"}],"wp:attachment":[{"href":"https:\/\/www.gasia.com.tr\/en\/wp-json\/wp\/v2\/media?parent=43035"}],"wp:term":[{"taxonomy":"product_brand","embeddable":true,"href":"https:\/\/www.gasia.com.tr\/en\/wp-json\/wp\/v2\/product_brand?post=43035"},{"taxonomy":"product_cat","embeddable":true,"href":"https:\/\/www.gasia.com.tr\/en\/wp-json\/wp\/v2\/product_cat?post=43035"},{"taxonomy":"product_tag","embeddable":true,"href":"https:\/\/www.gasia.com.tr\/en\/wp-json\/wp\/v2\/product_tag?post=43035"}],"curies":[{"name":"wp","href":"https:\/\/api.w.org\/{rel}","templated":true}]}}