{"id":43041,"date":"2026-04-28T16:14:39","date_gmt":"2026-04-28T13:14:39","guid":{"rendered":"https:\/\/www.gasia.com.tr\/?post_type=product&#038;p=43041"},"modified":"2026-04-28T16:15:45","modified_gmt":"2026-04-28T13:15:45","slug":"rose-gold-kalp-kolye","status":"publish","type":"product","link":"https:\/\/www.gasia.com.tr\/en\/collections\/rose-gold-kalp-kolye\/","title":{"rendered":"Rose Gold Kalp Kolye"},"content":{"rendered":"<p>Romantik formu ve \u0131\u015f\u0131lt\u0131l\u0131 detaylar\u0131yla \u00f6ne \u00e7\u0131kan bu kalp kolye, zarafeti g\u00fc\u00e7l\u00fc bir \u015fekilde yans\u0131t\u0131r. Rose gold tonundaki ince zincir, tamam\u0131 p\u0131rlanta ta\u015flarla kapl\u0131 kalp formundaki u\u00e7 ile kusursuz bir uyum sa\u011flar. I\u015f\u0131\u011f\u0131 her a\u00e7\u0131dan yans\u0131tan ta\u015f dizilimi, kolyeye yo\u011fun bir parlakl\u0131k kazand\u0131r\u0131rken, yumu\u015fak hatlara sahip tasar\u0131m feminen bir etki olu\u015fturur. G\u00fcnl\u00fck kullan\u0131mda sade bir \u015f\u0131kl\u0131k sunarken, \u00f6zel anlarda dikkat \u00e7ekici bir tamamlay\u0131c\u0131 olarak \u00f6ne \u00e7\u0131kar. \u0130nce i\u015f\u00e7ili\u011fi ve dengeli tasar\u0131m\u0131 sayesinde uzun s\u00fcre stilinizin vazge\u00e7ilmez par\u00e7alar\u0131ndan biri olur.<\/p>","protected":false},"excerpt":{"rendered":"<ul>\n<li>18 Ayar Alt\u0131n<\/li>\n<li>1,02 ct Toplam P\u0131rlanta<\/li>\n<li>41 cm Uzunlu\u011funda Zincir<\/li>\n<\/ul>","protected":false},"featured_media":43042,"comment_status":"open","ping_status":"closed","template":"","meta":[],"product_brand":[77],"product_cat":[75],"product_tag":[633,294,295,1637,1641,2115,3841,1640,473,2146,3840,477,1417,3844,276,3845,3596,2139,3842,329,3843,1632,476],"class_list":{"0":"post-43041","1":"product","2":"type-product","3":"status-publish","4":"has-post-thumbnail","6":"product_brand-gasia","7":"product_cat-kolye","8":"product_tag-designer-necklace","9":"product_tag-diamond-necklace","10":"product_tag-diamond-pendant","11":"product_tag-elegant-necklace","12":"product_tag-gift-necklace","13":"product_tag-heart-necklace","14":"product_tag-heart-pendant-necklace","15":"product_tag-hediye-kolye","16":"product_tag-kadin-kolye","17":"product_tag-kalp-kolye","18":"product_tag-kalp-uclu-kolye","19":"product_tag-luks-kolye","20":"product_tag-luxury-necklace","21":"product_tag-pave-diamond-necklace","22":"product_tag-pirlanta-kolye","23":"product_tag-rose-gold-heart-pendant","24":"product_tag-rose-gold-kolye","25":"product_tag-rose-gold-necklace","26":"product_tag-sevgililer-gunu-kolyesi","27":"product_tag-tasli-kolye","28":"product_tag-valentine-necklace","29":"product_tag-women-necklace","30":"product_tag-zarif-kolye","31":"pa_cinsiyet-kadin","33":"first","34":"instock","35":"shipping-taxable","36":"purchasable","37":"product-type-simple"},"_links":{"self":[{"href":"https:\/\/www.gasia.com.tr\/en\/wp-json\/wp\/v2\/product\/43041","targetHints":{"allow":["GET"]}}],"collection":[{"href":"https:\/\/www.gasia.com.tr\/en\/wp-json\/wp\/v2\/product"}],"about":[{"href":"https:\/\/www.gasia.com.tr\/en\/wp-json\/wp\/v2\/types\/product"}],"replies":[{"embeddable":true,"href":"https:\/\/www.gasia.com.tr\/en\/wp-json\/wp\/v2\/comments?post=43041"}],"version-history":[{"count":2,"href":"https:\/\/www.gasia.com.tr\/en\/wp-json\/wp\/v2\/product\/43041\/revisions"}],"predecessor-version":[{"id":43044,"href":"https:\/\/www.gasia.com.tr\/en\/wp-json\/wp\/v2\/product\/43041\/revisions\/43044"}],"wp:featuredmedia":[{"embeddable":true,"href":"https:\/\/www.gasia.com.tr\/en\/wp-json\/wp\/v2\/media\/43042"}],"wp:attachment":[{"href":"https:\/\/www.gasia.com.tr\/en\/wp-json\/wp\/v2\/media?parent=43041"}],"wp:term":[{"taxonomy":"product_brand","embeddable":true,"href":"https:\/\/www.gasia.com.tr\/en\/wp-json\/wp\/v2\/product_brand?post=43041"},{"taxonomy":"product_cat","embeddable":true,"href":"https:\/\/www.gasia.com.tr\/en\/wp-json\/wp\/v2\/product_cat?post=43041"},{"taxonomy":"product_tag","embeddable":true,"href":"https:\/\/www.gasia.com.tr\/en\/wp-json\/wp\/v2\/product_tag?post=43041"}],"curies":[{"name":"wp","href":"https:\/\/api.w.org\/{rel}","templated":true}]}}