{"id":43045,"date":"2026-04-28T16:15:51","date_gmt":"2026-04-28T13:15:51","guid":{"rendered":"https:\/\/www.gasia.com.tr\/?post_type=product&#038;p=43045"},"modified":"2026-04-28T16:17:59","modified_gmt":"2026-04-28T13:17:59","slug":"beyaz-altin-kalp-kolye","status":"publish","type":"product","link":"https:\/\/www.gasia.com.tr\/en\/collections\/beyaz-altin-kalp-kolye\/","title":{"rendered":"Beyaz Alt\u0131n Kalp Kolye"},"content":{"rendered":"<p>I\u015f\u0131lt\u0131n\u0131n en zarif halini yans\u0131tan bu kalp kolye, g\u00fc\u00e7l\u00fc bir parlakl\u0131k ve dengeli bir tasar\u0131m sunar. Beyaz alt\u0131n tonundaki ince zincir, tamam\u0131 p\u0131rlanta ta\u015flarla kapl\u0131 kalp formundaki u\u00e7 ile b\u00fct\u00fcnl\u00fck olu\u015fturur. Yo\u011fun ta\u015f yerle\u015fimi sayesinde \u0131\u015f\u0131\u011f\u0131 maksimum seviyede yans\u0131tarak dikkat \u00e7ekici bir g\u00f6r\u00fcn\u00fcm sa\u011flar. Yumu\u015fak hatlara sahip kalp formu, modern ve \u015f\u0131k bir stil olu\u015ftururken, farkl\u0131 kombinlerle kolayca uyum sa\u011flar. G\u00fcnl\u00fck kullan\u0131mdan \u00f6zel davetlere kadar her an stilinizi tamamlayan etkileyici bir aksesuard\u0131r.<\/p>","protected":false},"excerpt":{"rendered":"<ul>\n<li>18 Ayar Alt\u0131n<\/li>\n<li>1,02 ct Toplam P\u0131rlanta<\/li>\n<li>41 cm Uzunlu\u011funda Zincir<\/li>\n<\/ul>","protected":false},"featured_media":43046,"comment_status":"open","ping_status":"closed","template":"","meta":[],"product_brand":[77],"product_cat":[75],"product_tag":[633,294,295,1637,1641,2115,3841,1640,473,2146,3840,477,1417,3844,276,3845,3596,2139,3842,329,3843,1632,476],"class_list":{"0":"post-43045","1":"product","2":"type-product","3":"status-publish","4":"has-post-thumbnail","6":"product_brand-gasia","7":"product_cat-kolye","8":"product_tag-designer-necklace","9":"product_tag-diamond-necklace","10":"product_tag-diamond-pendant","11":"product_tag-elegant-necklace","12":"product_tag-gift-necklace","13":"product_tag-heart-necklace","14":"product_tag-heart-pendant-necklace","15":"product_tag-hediye-kolye","16":"product_tag-kadin-kolye","17":"product_tag-kalp-kolye","18":"product_tag-kalp-uclu-kolye","19":"product_tag-luks-kolye","20":"product_tag-luxury-necklace","21":"product_tag-pave-diamond-necklace","22":"product_tag-pirlanta-kolye","23":"product_tag-rose-gold-heart-pendant","24":"product_tag-rose-gold-kolye","25":"product_tag-rose-gold-necklace","26":"product_tag-sevgililer-gunu-kolyesi","27":"product_tag-tasli-kolye","28":"product_tag-valentine-necklace","29":"product_tag-women-necklace","30":"product_tag-zarif-kolye","31":"pa_cinsiyet-kadin","33":"first","34":"instock","35":"shipping-taxable","36":"purchasable","37":"product-type-simple"},"_links":{"self":[{"href":"https:\/\/www.gasia.com.tr\/en\/wp-json\/wp\/v2\/product\/43045","targetHints":{"allow":["GET"]}}],"collection":[{"href":"https:\/\/www.gasia.com.tr\/en\/wp-json\/wp\/v2\/product"}],"about":[{"href":"https:\/\/www.gasia.com.tr\/en\/wp-json\/wp\/v2\/types\/product"}],"replies":[{"embeddable":true,"href":"https:\/\/www.gasia.com.tr\/en\/wp-json\/wp\/v2\/comments?post=43045"}],"version-history":[{"count":2,"href":"https:\/\/www.gasia.com.tr\/en\/wp-json\/wp\/v2\/product\/43045\/revisions"}],"predecessor-version":[{"id":43050,"href":"https:\/\/www.gasia.com.tr\/en\/wp-json\/wp\/v2\/product\/43045\/revisions\/43050"}],"wp:featuredmedia":[{"embeddable":true,"href":"https:\/\/www.gasia.com.tr\/en\/wp-json\/wp\/v2\/media\/43046"}],"wp:attachment":[{"href":"https:\/\/www.gasia.com.tr\/en\/wp-json\/wp\/v2\/media?parent=43045"}],"wp:term":[{"taxonomy":"product_brand","embeddable":true,"href":"https:\/\/www.gasia.com.tr\/en\/wp-json\/wp\/v2\/product_brand?post=43045"},{"taxonomy":"product_cat","embeddable":true,"href":"https:\/\/www.gasia.com.tr\/en\/wp-json\/wp\/v2\/product_cat?post=43045"},{"taxonomy":"product_tag","embeddable":true,"href":"https:\/\/www.gasia.com.tr\/en\/wp-json\/wp\/v2\/product_tag?post=43045"}],"curies":[{"name":"wp","href":"https:\/\/api.w.org\/{rel}","templated":true}]}}