{"id":43051,"date":"2026-04-28T16:35:33","date_gmt":"2026-04-28T13:35:33","guid":{"rendered":"https:\/\/www.gasia.com.tr\/?post_type=product&#038;p=43051"},"modified":"2026-04-28T16:35:59","modified_gmt":"2026-04-28T13:35:59","slug":"rose-gold-pirlanta-detayli-kar-tanesi-kolye","status":"publish","type":"product","link":"https:\/\/www.gasia.com.tr\/en\/collections\/rose-gold-pirlanta-detayli-kar-tanesi-kolye\/","title":{"rendered":"Rose Gold P\u0131rlanta Detayl\u0131 Kar Tanesi Kolye"},"content":{"rendered":"<p data-start=\"0\" data-end=\"138\">Kar tanesi kolyelerin genellikle derin ve zarif bir anlam\u0131 vard\u0131r. Bu t\u00fcr tasar\u0131mlar sadece estetik de\u011fil, ayn\u0131 zamanda semboliktir:<\/p>\n<ul>\n<li>E\u015fsizlik ve bireysellik:<br data-start=\"171\" data-end=\"174\" \/>T\u0131pk\u0131 ger\u00e7ek kar taneleri gibi, her insan\u0131n benzersiz oldu\u011funu temsil eder. Bu kolye, \u201csen \u00f6zelsin\u201d mesaj\u0131 ta\u015f\u0131r.<\/li>\n<li data-start=\"289\" data-end=\"468\">Safl\u0131k ve temizlik:<br data-start=\"315\" data-end=\"318\" \/>Kar\u0131n beyazl\u0131\u011f\u0131, safl\u0131k ve yeni ba\u015flang\u0131\u00e7larla ili\u015fkilendirilir. Bu y\u00fczden b\u00f6yle bir kolye, yeni bir d\u00f6nemin veya temiz bir sayfan\u0131n simgesi olabilir.<\/li>\n<li data-start=\"470\" data-end=\"630\">K\u0131r\u0131lganl\u0131k ve zarafet:<br data-start=\"500\" data-end=\"503\" \/>Kar taneleri hassast\u0131r, bu da hayat\u0131n narin ama de\u011ferli yanlar\u0131n\u0131 hat\u0131rlat\u0131r. Kolyenin ince i\u015f\u00e7ili\u011fi de bu duyguyu g\u00fc\u00e7lendirir.<\/li>\n<li data-start=\"632\" data-end=\"801\">An\u0131lar ve duygusal ba\u011f:<br data-start=\"662\" data-end=\"665\" \/>K\u0131\u015f, \u00e7o\u011fu insan i\u00e7in nostalji ve s\u0131cak an\u0131larla ili\u015fkilidir. Bu tarz bir kolye, bir hat\u0131ray\u0131, birini ya da \u00f6zel bir an\u0131 temsil edebilir.<\/li>\n<\/ul>\n<p data-start=\"803\" data-end=\"954\">Bu \u00f6zel tasar\u0131mda kullan\u0131lan parlak ta\u015flar ve simetrik yap\u0131 da \u201cd\u00fczen i\u00e7inde g\u00fczellik\u201d hissini verir. Yani hem duygusal hem de estetik bir anlam ta\u015f\u0131r.<\/p>","protected":false},"excerpt":{"rendered":"<ul>\n<li>18 Ayar Alt\u0131n<\/li>\n<li>0,15 ct Toplam P\u0131rlanta<\/li>\n<li>41 cm uzunlu\u011funda Zincir<\/li>\n<\/ul>","protected":false},"featured_media":43052,"comment_status":"open","ping_status":"closed","template":"","meta":[],"product_brand":[2718],"product_cat":[247,75],"product_tag":[294,1637,3850,1641,3849,1640,3039,473,3846,2937,1638,483,276,3596,2139,3847,3040,3848,1632,476],"class_list":{"0":"post-43051","1":"product","2":"type-product","3":"status-publish","4":"has-post-thumbnail","6":"product_brand-gasia-casuals","7":"product_cat-hediyelik","8":"product_cat-kolye","9":"product_tag-diamond-necklace","10":"product_tag-elegant-necklace","11":"product_tag-everyday-elegant-necklace","12":"product_tag-gift-necklace","13":"product_tag-gunluk-sik-kolye","14":"product_tag-hediye-kolye","15":"product_tag-isiltili-kolye","16":"product_tag-kadin-kolye","17":"product_tag-kar-tanesi-kolye","18":"product_tag-minimal-jewelry","19":"product_tag-minimal-taki","20":"product_tag-ozel-tasarim-kolye","21":"product_tag-pirlanta-kolye","22":"product_tag-rose-gold-kolye","23":"product_tag-rose-gold-necklace","24":"product_tag-snowflake-necklace","25":"product_tag-sparkling-necklace","26":"product_tag-unique-design-necklace","27":"product_tag-women-necklace","28":"product_tag-zarif-kolye","29":"pa_cinsiyet-kadin","31":"first","32":"instock","33":"shipping-taxable","34":"purchasable","35":"product-type-simple"},"_links":{"self":[{"href":"https:\/\/www.gasia.com.tr\/en\/wp-json\/wp\/v2\/product\/43051","targetHints":{"allow":["GET"]}}],"collection":[{"href":"https:\/\/www.gasia.com.tr\/en\/wp-json\/wp\/v2\/product"}],"about":[{"href":"https:\/\/www.gasia.com.tr\/en\/wp-json\/wp\/v2\/types\/product"}],"replies":[{"embeddable":true,"href":"https:\/\/www.gasia.com.tr\/en\/wp-json\/wp\/v2\/comments?post=43051"}],"version-history":[{"count":1,"href":"https:\/\/www.gasia.com.tr\/en\/wp-json\/wp\/v2\/product\/43051\/revisions"}],"predecessor-version":[{"id":43053,"href":"https:\/\/www.gasia.com.tr\/en\/wp-json\/wp\/v2\/product\/43051\/revisions\/43053"}],"wp:featuredmedia":[{"embeddable":true,"href":"https:\/\/www.gasia.com.tr\/en\/wp-json\/wp\/v2\/media\/43052"}],"wp:attachment":[{"href":"https:\/\/www.gasia.com.tr\/en\/wp-json\/wp\/v2\/media?parent=43051"}],"wp:term":[{"taxonomy":"product_brand","embeddable":true,"href":"https:\/\/www.gasia.com.tr\/en\/wp-json\/wp\/v2\/product_brand?post=43051"},{"taxonomy":"product_cat","embeddable":true,"href":"https:\/\/www.gasia.com.tr\/en\/wp-json\/wp\/v2\/product_cat?post=43051"},{"taxonomy":"product_tag","embeddable":true,"href":"https:\/\/www.gasia.com.tr\/en\/wp-json\/wp\/v2\/product_tag?post=43051"}],"curies":[{"name":"wp","href":"https:\/\/api.w.org\/{rel}","templated":true}]}}