{"id":43056,"date":"2026-04-28T16:51:35","date_gmt":"2026-04-28T13:51:35","guid":{"rendered":"https:\/\/www.gasia.com.tr\/?post_type=product&#038;p=43056"},"modified":"2026-04-28T17:03:14","modified_gmt":"2026-04-28T14:03:14","slug":"zarf-ve-hac-detayli-rose-gold-kolye","status":"publish","type":"product","link":"https:\/\/www.gasia.com.tr\/en\/collections\/zarf-ve-hac-detayli-rose-gold-kolye\/","title":{"rendered":"Zarf ve Ha\u00e7 Detayl\u0131 Rose Gold Kolye"},"content":{"rendered":"<p>Farkl\u0131 sembollerin g\u00fc\u00e7l\u00fc uyumunu yans\u0131tan bu \u00f6zel kolye, zarf ve ha\u00e7 fig\u00fcrlerini modern bir yorumla bir araya getirir. Rose gold zincirin s\u0131cak tonu, parlak y\u00fczeyli zarf formu ve kontrast yaratan ha\u00e7 detay\u0131yla dikkat \u00e7ekici bir b\u00fct\u00fcnl\u00fck sunar. Minimal \u00e7izgilerle tasarlanan bu par\u00e7a, hem g\u00fcnl\u00fck stilinize karakter katar hem de anlam ta\u015f\u0131yan bir aksesuar olarak \u00f6ne \u00e7\u0131kar. \u0130nce i\u015f\u00e7ili\u011fi ve dengeli kompozisyonu sayesinde tek ba\u015f\u0131na kullan\u0131ld\u0131\u011f\u0131nda bile g\u00fc\u00e7l\u00fc bir stil ifadesi olu\u015fturur. Kendine \u00f6zg\u00fc tarz\u0131n\u0131 yans\u0131tmak isteyenler i\u00e7in ideal bir se\u00e7imdir.<\/p>","protected":false},"excerpt":{"rendered":"<ul>\n<li>18 Ayar Alt\u0131n<\/li>\n<li>0,04 ct P\u0131rlanta<\/li>\n<li>42 cm Uzunlu\u011funda Zincir<\/li>\n<\/ul>","protected":false},"featured_media":43057,"comment_status":"open","ping_status":"closed","template":"","meta":[],"product_brand":[2718],"product_cat":[75],"product_tag":[1089,3854,3852,1641,3853,1640,473,3855,325,2060,2937,1638,277,1993,483,3596,2139,3848,1632,3851],"class_list":{"0":"post-43056","1":"product","2":"type-product","3":"status-publish","4":"has-post-thumbnail","6":"product_brand-gasia-casuals","7":"product_cat-kolye","8":"product_tag-anlamli-kolye","9":"product_tag-cross-necklace","10":"product_tag-envelope-necklace","11":"product_tag-gift-necklace","12":"product_tag-hac-kolye","13":"product_tag-hediye-kolye","14":"product_tag-kadin-kolye","15":"product_tag-kombin-kolye","16":"product_tag-layered-necklace","17":"product_tag-meaningful-necklace","18":"product_tag-minimal-jewelry","19":"product_tag-minimal-taki","20":"product_tag-modern-kolye","21":"product_tag-modern-necklace","22":"product_tag-ozel-tasarim-kolye","23":"product_tag-rose-gold-kolye","24":"product_tag-rose-gold-necklace","25":"product_tag-unique-design-necklace","26":"product_tag-women-necklace","27":"product_tag-zarf-kolye","28":"pa_cinsiyet-kadin","30":"first","31":"instock","32":"sale","33":"shipping-taxable","34":"purchasable","35":"product-type-simple"},"_links":{"self":[{"href":"https:\/\/www.gasia.com.tr\/en\/wp-json\/wp\/v2\/product\/43056","targetHints":{"allow":["GET"]}}],"collection":[{"href":"https:\/\/www.gasia.com.tr\/en\/wp-json\/wp\/v2\/product"}],"about":[{"href":"https:\/\/www.gasia.com.tr\/en\/wp-json\/wp\/v2\/types\/product"}],"replies":[{"embeddable":true,"href":"https:\/\/www.gasia.com.tr\/en\/wp-json\/wp\/v2\/comments?post=43056"}],"version-history":[{"count":3,"href":"https:\/\/www.gasia.com.tr\/en\/wp-json\/wp\/v2\/product\/43056\/revisions"}],"predecessor-version":[{"id":43061,"href":"https:\/\/www.gasia.com.tr\/en\/wp-json\/wp\/v2\/product\/43056\/revisions\/43061"}],"wp:featuredmedia":[{"embeddable":true,"href":"https:\/\/www.gasia.com.tr\/en\/wp-json\/wp\/v2\/media\/43057"}],"wp:attachment":[{"href":"https:\/\/www.gasia.com.tr\/en\/wp-json\/wp\/v2\/media?parent=43056"}],"wp:term":[{"taxonomy":"product_brand","embeddable":true,"href":"https:\/\/www.gasia.com.tr\/en\/wp-json\/wp\/v2\/product_brand?post=43056"},{"taxonomy":"product_cat","embeddable":true,"href":"https:\/\/www.gasia.com.tr\/en\/wp-json\/wp\/v2\/product_cat?post=43056"},{"taxonomy":"product_tag","embeddable":true,"href":"https:\/\/www.gasia.com.tr\/en\/wp-json\/wp\/v2\/product_tag?post=43056"}],"curies":[{"name":"wp","href":"https:\/\/api.w.org\/{rel}","templated":true}]}}