{"id":43062,"date":"2026-04-28T22:00:22","date_gmt":"2026-04-28T19:00:22","guid":{"rendered":"https:\/\/www.gasia.com.tr\/?post_type=product&#038;p=43062"},"modified":"2026-04-28T22:01:07","modified_gmt":"2026-04-28T19:01:07","slug":"damla-kesim-sari-elmas-tasli-altin-yuzuk","status":"publish","type":"product","link":"https:\/\/www.gasia.com.tr\/en\/collections\/damla-kesim-sari-elmas-tasli-altin-yuzuk\/","title":{"rendered":"Damla Kesim Sar\u0131 Elmas Ta\u015fl\u0131 Alt\u0131n Y\u00fcz\u00fck"},"content":{"rendered":"<p>Merkezinde yer alan damla kesim sar\u0131 elmas ta\u015f\u0131yla dikkat \u00e7eken bu \u00f6zel y\u00fcz\u00fck, detayl\u0131 i\u015f\u00e7ili\u011fi ve zarif formuyla g\u00f6z al\u0131c\u0131 bir etki yarat\u0131r. Alt\u0131n tonunun s\u0131cakl\u0131\u011f\u0131, ta\u015f\u0131n do\u011fal \u0131\u015f\u0131lt\u0131s\u0131yla birle\u015ferek her a\u00e7\u0131dan g\u00fc\u00e7l\u00fc bir parlakl\u0131k sunar. Etraf\u0131n\u0131 saran ince ta\u015f detaylar\u0131 ve estetik desenler, tasar\u0131ma derinlik ve karakter kazand\u0131r\u0131r. G\u00fcnl\u00fck kullan\u0131mdan \u00f6zel davetlere kadar her an stilinizi \u00f6ne \u00e7\u0131karan bu y\u00fcz\u00fck, iddial\u0131 ama dengeli g\u00f6r\u00fcn\u00fcm\u00fcyle dikkat \u00e7eker. Farkl\u0131 ve etkileyici bir par\u00e7a arayanlar i\u00e7in ideal bir se\u00e7imdir.<\/p>","protected":false},"excerpt":{"rendered":"<p>Merkezinde yer alan damla kesim sar\u0131 elmas ta\u015f\u0131yla dikkat \u00e7eken bu \u00f6zel y\u00fcz\u00fck, detayl\u0131 i\u015f\u00e7ili\u011fi ve zarif formuyla g\u00f6z al\u0131c\u0131<\/p>","protected":false},"featured_media":43063,"comment_status":"open","ping_status":"closed","template":"","meta":[],"product_brand":[2718],"product_cat":[76],"product_tag":[289,593,650,577,1250,2052,520,1667,1668,2076,594,1146,3856,3858,450,3857,1021,655],"class_list":{"0":"post-43062","1":"product","2":"type-product","3":"status-publish","4":"has-post-thumbnail","6":"product_brand-gasia-casuals","7":"product_cat-yuzuk-modelleri","8":"product_tag-altin-yuzuk","9":"product_tag-damla-kesim-yuzuk","10":"product_tag-diamond-detail-ring","11":"product_tag-gold-ring","12":"product_tag-gosterisli-yuzuk","13":"product_tag-isiltili-yuzuk","14":"product_tag-kadin-yuzuk","15":"product_tag-luks-taki","16":"product_tag-luxury-jewelry","17":"product_tag-ozel-tasarim-yuzuk","18":"product_tag-pear-cut-ring","19":"product_tag-pirlanta-detayli-yuzuk","20":"product_tag-sari-elmas-yuzuk","21":"product_tag-sparkling-ring","22":"product_tag-statement-ring","23":"product_tag-unique-design-ring","24":"product_tag-women-ring","25":"product_tag-yellow-diamond-ring","26":"pa_cinsiyet-kadin","28":"first","29":"instock","30":"shipping-taxable","31":"product-type-simple"},"_links":{"self":[{"href":"https:\/\/www.gasia.com.tr\/en\/wp-json\/wp\/v2\/product\/43062","targetHints":{"allow":["GET"]}}],"collection":[{"href":"https:\/\/www.gasia.com.tr\/en\/wp-json\/wp\/v2\/product"}],"about":[{"href":"https:\/\/www.gasia.com.tr\/en\/wp-json\/wp\/v2\/types\/product"}],"replies":[{"embeddable":true,"href":"https:\/\/www.gasia.com.tr\/en\/wp-json\/wp\/v2\/comments?post=43062"}],"version-history":[{"count":2,"href":"https:\/\/www.gasia.com.tr\/en\/wp-json\/wp\/v2\/product\/43062\/revisions"}],"predecessor-version":[{"id":43065,"href":"https:\/\/www.gasia.com.tr\/en\/wp-json\/wp\/v2\/product\/43062\/revisions\/43065"}],"wp:featuredmedia":[{"embeddable":true,"href":"https:\/\/www.gasia.com.tr\/en\/wp-json\/wp\/v2\/media\/43063"}],"wp:attachment":[{"href":"https:\/\/www.gasia.com.tr\/en\/wp-json\/wp\/v2\/media?parent=43062"}],"wp:term":[{"taxonomy":"product_brand","embeddable":true,"href":"https:\/\/www.gasia.com.tr\/en\/wp-json\/wp\/v2\/product_brand?post=43062"},{"taxonomy":"product_cat","embeddable":true,"href":"https:\/\/www.gasia.com.tr\/en\/wp-json\/wp\/v2\/product_cat?post=43062"},{"taxonomy":"product_tag","embeddable":true,"href":"https:\/\/www.gasia.com.tr\/en\/wp-json\/wp\/v2\/product_tag?post=43062"}],"curies":[{"name":"wp","href":"https:\/\/api.w.org\/{rel}","templated":true}]}}